

{"id":17779,"date":"2021-03-08T13:55:30","date_gmt":"2021-03-08T11:55:33","guid":{"rendered":"https:\/\/www.wesselton.net\/?post_type=product&#038;p=17779"},"modified":"2025-03-19T10:27:22","modified_gmt":"2025-03-19T08:27:22","slug":"demi-alliance-en-or-jaune-et-diamants-wesselton-w-diamonds","status":"publish","type":"product","link":"https:\/\/www.wesselton.net\/fr\/demi-alliance-en-or-jaune-et-diamants-wesselton-w-diamonds\/","title":{"rendered":"Demi-Alliance en Or Jaune et Diamants WESSELTON W Diamonds"},"content":{"rendered":"<p>Cette Demi-Alliance en Or Jaune et Diamants WESSELTON W Diamonds est un bijou d&rsquo;exception qui allie l&rsquo;\u00e9l\u00e9gance intemporelle \u00e0 l&rsquo;\u00e9clat \u00e9blouissant des diamants. Appartenant \u00e0 la collection exclusive W Diamonds. Cette pi\u00e8ce a \u00e9t\u00e9 con\u00e7ue pour mettre en valeur la puret\u00e9 et l&rsquo;\u00e9clat de chaque pierre pr\u00e9cieuse, atteignant un \u00e9quilibre parfait entre sophistication et style raffin\u00e9.<\/p>\n<p>Fabriqu\u00e9e \u00e0 la main en or jaune 18 carats, cette bague capture l&rsquo;essence du luxe et de l&rsquo;exclusivit\u00e9. Son design en demi-alliance sertit avec pr\u00e9cision 10 diamants naturels taille brillant. Chacun d&rsquo;un diam\u00e8tre de 2,80 mm, de couleur G et de qualit\u00e9 VS, caract\u00e9ristiques qui garantissent une luminosit\u00e9 in\u00e9gal\u00e9e. D&rsquo;un poids total de 0,90 carat, ces diamants refl\u00e8tent la lumi\u00e8re de mani\u00e8re exceptionnelle, donnant un \u00e9clat captivant et radieux \u00e0 celui qui les porte.<\/p>\n<p>Ce bijou est un choix parfait pour symboliser des moments inoubliables. Son design classique mais sophistiqu\u00e9 en fait une pi\u00e8ce polyvalente qui peut \u00eatre port\u00e9e seule ou associ\u00e9e \u00e0 d&rsquo;autres bagues. Elle est id\u00e9ale comme bague de fian\u00e7ailles, bague d&rsquo;anniversaire ou cadeau sp\u00e9cial, repr\u00e9sentant l&rsquo;amour \u00e9ternel, l&rsquo;engagement et l&rsquo;\u00e9l\u00e9gance intemporelle.<\/p>\n<p>Cette Demi-Alliance en Or Jaune et Diamants <a href=\"https:\/\/www.wesselton.net\/fr\/marques\/wesselton-fr\/\">WESSELTON<\/a> W Diamonds est bien plus qu&rsquo;un bijou, c&rsquo;est un symbole de distinction, d&rsquo;exclusivit\u00e9 et de beaut\u00e9, une pi\u00e8ce essentielle pour ceux qui appr\u00e9cient l&rsquo;excellence dans chaque d\u00e9tail.<\/p>\n","protected":false},"excerpt":{"rendered":"<p>La collection W de Wesselton repr\u00e9sente l&rsquo;essence la plus pure de notre marque.<\/p>\n","protected":false},"featured_media":17782,"comment_status":"open","ping_status":"closed","template":"","meta":[],"product_brand":[],"product_cat":[1805,5046,2275,4848,2299,2052,4842,4817],"product_tag":[],"class_list":{"0":"post-17779","1":"product","2":"type-product","3":"status-publish","4":"has-post-thumbnail","6":"product_cat-anneaux-de-mariage","7":"product_cat-bagues-fr","8":"product_cat-avec-diamants","9":"product_cat-essencia-fr","10":"product_cat-or-jaune","11":"product_cat-solitaires","12":"product_cat-w-diamonds-fr","13":"product_cat-wesselton-fr","14":"yith_product_brand-wesselton-fr","16":"first","17":"instock","18":"shipping-taxable","19":"purchasable","20":"product-type-simple"},"acf":[],"yoast_head":"<!-- This site is optimized with the Yoast SEO plugin v27.2 - https:\/\/yoast.com\/product\/yoast-seo-wordpress\/ -->\n<title>Demi-Alliance en Or Jaune et Diamants WESSELTON W Diamonds - Wesselton<\/title>\n<meta name=\"description\" content=\"Cette Demi-Alliance en Or Jaune et Diamants WESSELTON W Diamonds est un bijou d&#039;exception qui allie l&#039;\u00e9l\u00e9gance intemporelle\" \/>\n<meta name=\"robots\" content=\"index, follow, max-snippet:-1, max-image-preview:large, max-video-preview:-1\" \/>\n<link rel=\"canonical\" href=\"https:\/\/www.wesselton.net\/fr\/demi-alliance-en-or-jaune-et-diamants-wesselton-w-diamonds\/\" \/>\n<meta property=\"og:locale\" content=\"fr_FR\" \/>\n<meta property=\"og:type\" content=\"article\" \/>\n<meta property=\"og:title\" content=\"Demi-Alliance en Or Jaune et Diamants WESSELTON W Diamonds - Wesselton\" \/>\n<meta property=\"og:description\" content=\"Cette Demi-Alliance en Or Jaune et Diamants WESSELTON W Diamonds est un bijou d&#039;exception qui allie l&#039;\u00e9l\u00e9gance intemporelle\" \/>\n<meta property=\"og:url\" content=\"https:\/\/www.wesselton.net\/fr\/demi-alliance-en-or-jaune-et-diamants-wesselton-w-diamonds\/\" \/>\n<meta property=\"og:site_name\" content=\"Wesselton | Bijoux et Diamants\" \/>\n<meta property=\"article:publisher\" content=\"https:\/\/www.facebook.com\/wesselton.oficial\/\" \/>\n<meta property=\"article:modified_time\" content=\"2025-03-19T08:27:22+00:00\" \/>\n<meta property=\"og:image\" content=\"https:\/\/www.wesselton.net\/wp-content\/uploads\/ANELL08_10.jpg\" \/>\n\t<meta property=\"og:image:width\" content=\"680\" \/>\n\t<meta property=\"og:image:height\" content=\"920\" \/>\n\t<meta property=\"og:image:type\" content=\"image\/jpeg\" \/>\n<meta name=\"twitter:card\" content=\"summary_large_image\" \/>\n<meta name=\"twitter:label1\" content=\"Dur\u00e9e de lecture estim\u00e9e\" \/>\n\t<meta name=\"twitter:data1\" content=\"2 minutes\" \/>\n<script type=\"application\/ld+json\" class=\"yoast-schema-graph\">{\"@context\":\"https:\/\/schema.org\",\"@graph\":[{\"@type\":\"WebPage\",\"@id\":\"https:\/\/www.wesselton.net\/fr\/demi-alliance-en-or-jaune-et-diamants-wesselton-w-diamonds\/\",\"url\":\"https:\/\/www.wesselton.net\/fr\/demi-alliance-en-or-jaune-et-diamants-wesselton-w-diamonds\/\",\"name\":\"Demi-Alliance en Or Jaune et Diamants WESSELTON W Diamonds - Wesselton\",\"isPartOf\":{\"@id\":\"https:\/\/www.wesselton.net\/#website\"},\"primaryImageOfPage\":{\"@id\":\"https:\/\/www.wesselton.net\/fr\/demi-alliance-en-or-jaune-et-diamants-wesselton-w-diamonds\/#primaryimage\"},\"image\":{\"@id\":\"https:\/\/www.wesselton.net\/fr\/demi-alliance-en-or-jaune-et-diamants-wesselton-w-diamonds\/#primaryimage\"},\"thumbnailUrl\":\"https:\/\/www.wesselton.net\/wp-content\/uploads\/ANELL08_10.jpg\",\"datePublished\":\"2021-03-08T11:55:33+00:00\",\"dateModified\":\"2025-03-19T08:27:22+00:00\",\"description\":\"Cette Demi-Alliance en Or Jaune et Diamants WESSELTON W Diamonds est un bijou d'exception qui allie l'\u00e9l\u00e9gance intemporelle\",\"breadcrumb\":{\"@id\":\"https:\/\/www.wesselton.net\/fr\/demi-alliance-en-or-jaune-et-diamants-wesselton-w-diamonds\/#breadcrumb\"},\"inLanguage\":\"fr-FR\",\"potentialAction\":[{\"@type\":\"ReadAction\",\"target\":[\"https:\/\/www.wesselton.net\/fr\/demi-alliance-en-or-jaune-et-diamants-wesselton-w-diamonds\/\"]}]},{\"@type\":\"ImageObject\",\"inLanguage\":\"fr-FR\",\"@id\":\"https:\/\/www.wesselton.net\/fr\/demi-alliance-en-or-jaune-et-diamants-wesselton-w-diamonds\/#primaryimage\",\"url\":\"https:\/\/www.wesselton.net\/wp-content\/uploads\/ANELL08_10.jpg\",\"contentUrl\":\"https:\/\/www.wesselton.net\/wp-content\/uploads\/ANELL08_10.jpg\",\"width\":680,\"height\":920,\"caption\":\"DEMI-ALLIANCE WESSELTON - OR JAUNE ET DIAMANTS-001\"},{\"@type\":\"BreadcrumbList\",\"@id\":\"https:\/\/www.wesselton.net\/fr\/demi-alliance-en-or-jaune-et-diamants-wesselton-w-diamonds\/#breadcrumb\",\"itemListElement\":[{\"@type\":\"ListItem\",\"position\":1,\"name\":\"Inici\",\"item\":\"https:\/\/www.wesselton.net\/fr\/\"},{\"@type\":\"ListItem\",\"position\":2,\"name\":\"Boutique\",\"item\":\"https:\/\/www.wesselton.net\/fr\/boutique\/\"},{\"@type\":\"ListItem\",\"position\":3,\"name\":\"Demi-Alliance en Or Jaune et Diamants WESSELTON W Diamonds\"}]},{\"@type\":\"WebSite\",\"@id\":\"https:\/\/www.wesselton.net\/#website\",\"url\":\"https:\/\/www.wesselton.net\/\",\"name\":\"Wesselton | Bijoux et Diamants\",\"description\":\"Diamants \u00fanics per moments \u00fanics. Peces d&#039;elaboraci\u00f3 pr\u00f2pia de m\u00e0xima qualitat, cuidades fins a l&#039;\u00faltim detall, i les millors marques de joieria.\",\"potentialAction\":[{\"@type\":\"SearchAction\",\"target\":{\"@type\":\"EntryPoint\",\"urlTemplate\":\"https:\/\/www.wesselton.net\/?s={search_term_string}\"},\"query-input\":{\"@type\":\"PropertyValueSpecification\",\"valueRequired\":true,\"valueName\":\"search_term_string\"}}],\"inLanguage\":\"fr-FR\"}]}<\/script>\n<!-- \/ Yoast SEO plugin. -->","yoast_head_json":{"title":"Demi-Alliance en Or Jaune et Diamants WESSELTON W Diamonds - Wesselton","description":"Cette Demi-Alliance en Or Jaune et Diamants WESSELTON W Diamonds est un bijou d'exception qui allie l'\u00e9l\u00e9gance intemporelle","robots":{"index":"index","follow":"follow","max-snippet":"max-snippet:-1","max-image-preview":"max-image-preview:large","max-video-preview":"max-video-preview:-1"},"canonical":"https:\/\/www.wesselton.net\/fr\/demi-alliance-en-or-jaune-et-diamants-wesselton-w-diamonds\/","og_locale":"fr_FR","og_type":"article","og_title":"Demi-Alliance en Or Jaune et Diamants WESSELTON W Diamonds - Wesselton","og_description":"Cette Demi-Alliance en Or Jaune et Diamants WESSELTON W Diamonds est un bijou d'exception qui allie l'\u00e9l\u00e9gance intemporelle","og_url":"https:\/\/www.wesselton.net\/fr\/demi-alliance-en-or-jaune-et-diamants-wesselton-w-diamonds\/","og_site_name":"Wesselton | Bijoux et Diamants","article_publisher":"https:\/\/www.facebook.com\/wesselton.oficial\/","article_modified_time":"2025-03-19T08:27:22+00:00","og_image":[{"width":680,"height":920,"url":"https:\/\/www.wesselton.net\/wp-content\/uploads\/ANELL08_10.jpg","type":"image\/jpeg"}],"twitter_card":"summary_large_image","twitter_misc":{"Dur\u00e9e de lecture estim\u00e9e":"2 minutes"},"schema":{"@context":"https:\/\/schema.org","@graph":[{"@type":"WebPage","@id":"https:\/\/www.wesselton.net\/fr\/demi-alliance-en-or-jaune-et-diamants-wesselton-w-diamonds\/","url":"https:\/\/www.wesselton.net\/fr\/demi-alliance-en-or-jaune-et-diamants-wesselton-w-diamonds\/","name":"Demi-Alliance en Or Jaune et Diamants WESSELTON W Diamonds - Wesselton","isPartOf":{"@id":"https:\/\/www.wesselton.net\/#website"},"primaryImageOfPage":{"@id":"https:\/\/www.wesselton.net\/fr\/demi-alliance-en-or-jaune-et-diamants-wesselton-w-diamonds\/#primaryimage"},"image":{"@id":"https:\/\/www.wesselton.net\/fr\/demi-alliance-en-or-jaune-et-diamants-wesselton-w-diamonds\/#primaryimage"},"thumbnailUrl":"https:\/\/www.wesselton.net\/wp-content\/uploads\/ANELL08_10.jpg","datePublished":"2021-03-08T11:55:33+00:00","dateModified":"2025-03-19T08:27:22+00:00","description":"Cette Demi-Alliance en Or Jaune et Diamants WESSELTON W Diamonds est un bijou d'exception qui allie l'\u00e9l\u00e9gance intemporelle","breadcrumb":{"@id":"https:\/\/www.wesselton.net\/fr\/demi-alliance-en-or-jaune-et-diamants-wesselton-w-diamonds\/#breadcrumb"},"inLanguage":"fr-FR","potentialAction":[{"@type":"ReadAction","target":["https:\/\/www.wesselton.net\/fr\/demi-alliance-en-or-jaune-et-diamants-wesselton-w-diamonds\/"]}]},{"@type":"ImageObject","inLanguage":"fr-FR","@id":"https:\/\/www.wesselton.net\/fr\/demi-alliance-en-or-jaune-et-diamants-wesselton-w-diamonds\/#primaryimage","url":"https:\/\/www.wesselton.net\/wp-content\/uploads\/ANELL08_10.jpg","contentUrl":"https:\/\/www.wesselton.net\/wp-content\/uploads\/ANELL08_10.jpg","width":680,"height":920,"caption":"DEMI-ALLIANCE WESSELTON - OR JAUNE ET DIAMANTS-001"},{"@type":"BreadcrumbList","@id":"https:\/\/www.wesselton.net\/fr\/demi-alliance-en-or-jaune-et-diamants-wesselton-w-diamonds\/#breadcrumb","itemListElement":[{"@type":"ListItem","position":1,"name":"Inici","item":"https:\/\/www.wesselton.net\/fr\/"},{"@type":"ListItem","position":2,"name":"Boutique","item":"https:\/\/www.wesselton.net\/fr\/boutique\/"},{"@type":"ListItem","position":3,"name":"Demi-Alliance en Or Jaune et Diamants WESSELTON W Diamonds"}]},{"@type":"WebSite","@id":"https:\/\/www.wesselton.net\/#website","url":"https:\/\/www.wesselton.net\/","name":"Wesselton | Bijoux et Diamants","description":"Diamants \u00fanics per moments \u00fanics. Peces d&#039;elaboraci\u00f3 pr\u00f2pia de m\u00e0xima qualitat, cuidades fins a l&#039;\u00faltim detall, i les millors marques de joieria.","potentialAction":[{"@type":"SearchAction","target":{"@type":"EntryPoint","urlTemplate":"https:\/\/www.wesselton.net\/?s={search_term_string}"},"query-input":{"@type":"PropertyValueSpecification","valueRequired":true,"valueName":"search_term_string"}}],"inLanguage":"fr-FR"}]}},"_links":{"self":[{"href":"https:\/\/www.wesselton.net\/fr\/wp-json\/wp\/v2\/product\/17779","targetHints":{"allow":["GET"]}}],"collection":[{"href":"https:\/\/www.wesselton.net\/fr\/wp-json\/wp\/v2\/product"}],"about":[{"href":"https:\/\/www.wesselton.net\/fr\/wp-json\/wp\/v2\/types\/product"}],"replies":[{"embeddable":true,"href":"https:\/\/www.wesselton.net\/fr\/wp-json\/wp\/v2\/comments?post=17779"}],"wp:featuredmedia":[{"embeddable":true,"href":"https:\/\/www.wesselton.net\/fr\/wp-json\/wp\/v2\/media\/17782"}],"wp:attachment":[{"href":"https:\/\/www.wesselton.net\/fr\/wp-json\/wp\/v2\/media?parent=17779"}],"wp:term":[{"taxonomy":"product_brand","embeddable":true,"href":"https:\/\/www.wesselton.net\/fr\/wp-json\/wp\/v2\/product_brand?post=17779"},{"taxonomy":"product_cat","embeddable":true,"href":"https:\/\/www.wesselton.net\/fr\/wp-json\/wp\/v2\/product_cat?post=17779"},{"taxonomy":"product_tag","embeddable":true,"href":"https:\/\/www.wesselton.net\/fr\/wp-json\/wp\/v2\/product_tag?post=17779"}],"curies":[{"name":"wp","href":"https:\/\/api.w.org\/{rel}","templated":true}]}}