

{"id":17904,"date":"2021-03-10T19:59:31","date_gmt":"2021-03-10T17:59:31","guid":{"rendered":"https:\/\/www.wesselton.net\/?post_type=product&#038;p=17904"},"modified":"2026-01-12T11:43:39","modified_gmt":"2026-01-12T09:43:39","slug":"bague-wesseltonselection-or-jaune-diamants","status":"publish","type":"product","link":"https:\/\/www.wesselton.net\/fr\/bague-wesseltonselection-or-jaune-diamants\/","title":{"rendered":"Bague en or jaune et diamants WESSELTON Selection"},"content":{"rendered":"<p>La bague en or jaune demi-alliance Wesselton Selection est un bijou raffin\u00e9 et intemporel, fa\u00e7onn\u00e9 \u00e0 la main en or jaune 18 carats. Son design classique et \u00e9l\u00e9gant en fait la pi\u00e8ce id\u00e9ale pour toutes les occasions : fian\u00e7ailles, anniversaire de mariage ou simplement pour \u00eatre port\u00e9e au quotidien.<\/p>\n<p>Cette bague en or jaune est sertie de 13 diamants naturels taille brillant de 1,00 mm de diam\u00e8tre chacun, soigneusement s\u00e9lectionn\u00e9s pour leur couleur G et leur puret\u00e9 VS1, offrant un \u00e9clat d\u00e9licat et harmonieux. Le poids total des diamants est de 0,10 carat, assurant une luminosit\u00e9 optimale sans compromettre le confort ni la discr\u00e9tion.<\/p>\n<p>Les bijoux Wesselton Selection se distinguent par un processus de s\u00e9lection et de fabrication rigoureux, r\u00e9pondant toujours aux plus hautes exigences de qualit\u00e9 pour garantir des pi\u00e8ces exclusives, durables et charg\u00e9es de sens.<\/p>\n","protected":false},"excerpt":{"rendered":"<p>Les pi\u00e8ces Wesselton Selection sont s\u00e9lectionn\u00e9es en respectant toujours nos normes de qualit\u00e9<\/p>\n","protected":false},"featured_media":17907,"comment_status":"open","ping_status":"closed","template":"","meta":[],"product_brand":[],"product_cat":[1805,2233,2275,2299],"product_tag":[],"class_list":{"0":"post-17904","1":"product","2":"type-product","3":"status-publish","4":"has-post-thumbnail","6":"product_cat-anneaux-de-mariage","7":"product_cat-bagues-de-fiancailles","8":"product_cat-avec-diamants","9":"product_cat-or-jaune","10":"yith_product_brand-selection","12":"first","13":"outofstock","14":"shipping-taxable","15":"purchasable","16":"product-type-simple"},"acf":[],"yoast_head":"<!-- This site is optimized with the Yoast SEO plugin v27.3 - https:\/\/yoast.com\/product\/yoast-seo-wordpress\/ -->\n<title>Bague en or jaune et diamants WESSELTON Selection - Wesselton<\/title>\n<meta name=\"description\" content=\"Le bague or jaune WESSELTON SELECTION, fabriqu\u00e9e en or brut 18 carats, sertie de diamants blancs naturels taille brillant.\" \/>\n<meta name=\"robots\" content=\"index, follow, max-snippet:-1, max-image-preview:large, max-video-preview:-1\" \/>\n<link rel=\"canonical\" href=\"https:\/\/www.wesselton.net\/fr\/bague-wesseltonselection-or-jaune-diamants\/\" \/>\n<meta property=\"og:locale\" content=\"fr_FR\" \/>\n<meta property=\"og:type\" content=\"article\" \/>\n<meta property=\"og:title\" content=\"Bague en or jaune et diamants WESSELTON Selection - Wesselton\" \/>\n<meta property=\"og:description\" content=\"Le bague or jaune WESSELTON SELECTION, fabriqu\u00e9e en or brut 18 carats, sertie de diamants blancs naturels taille brillant.\" \/>\n<meta property=\"og:url\" content=\"https:\/\/www.wesselton.net\/fr\/bague-wesseltonselection-or-jaune-diamants\/\" \/>\n<meta property=\"og:site_name\" content=\"Wesselton | Bijoux et Diamants\" \/>\n<meta property=\"article:publisher\" content=\"https:\/\/www.facebook.com\/wesselton.oficial\/\" \/>\n<meta property=\"article:modified_time\" content=\"2026-01-12T09:43:39+00:00\" \/>\n<meta property=\"og:image\" content=\"https:\/\/www.wesselton.net\/wp-content\/uploads\/ANELL08_08.jpg\" \/>\n\t<meta property=\"og:image:width\" content=\"680\" \/>\n\t<meta property=\"og:image:height\" content=\"920\" \/>\n\t<meta property=\"og:image:type\" content=\"image\/jpeg\" \/>\n<meta name=\"twitter:card\" content=\"summary_large_image\" \/>\n<meta name=\"twitter:label1\" content=\"Dur\u00e9e de lecture estim\u00e9e\" \/>\n\t<meta name=\"twitter:data1\" content=\"1 minute\" \/>\n<script type=\"application\/ld+json\" class=\"yoast-schema-graph\">{\"@context\":\"https:\\\/\\\/schema.org\",\"@graph\":[{\"@type\":\"WebPage\",\"@id\":\"https:\\\/\\\/www.wesselton.net\\\/fr\\\/bague-wesseltonselection-or-jaune-diamants\\\/\",\"url\":\"https:\\\/\\\/www.wesselton.net\\\/fr\\\/bague-wesseltonselection-or-jaune-diamants\\\/\",\"name\":\"Bague en or jaune et diamants WESSELTON Selection - Wesselton\",\"isPartOf\":{\"@id\":\"https:\\\/\\\/www.wesselton.net\\\/#website\"},\"primaryImageOfPage\":{\"@id\":\"https:\\\/\\\/www.wesselton.net\\\/fr\\\/bague-wesseltonselection-or-jaune-diamants\\\/#primaryimage\"},\"image\":{\"@id\":\"https:\\\/\\\/www.wesselton.net\\\/fr\\\/bague-wesseltonselection-or-jaune-diamants\\\/#primaryimage\"},\"thumbnailUrl\":\"https:\\\/\\\/www.wesselton.net\\\/wp-content\\\/uploads\\\/ANELL08_08.jpg\",\"datePublished\":\"2021-03-10T17:59:31+00:00\",\"dateModified\":\"2026-01-12T09:43:39+00:00\",\"description\":\"Le bague or jaune WESSELTON SELECTION, fabriqu\u00e9e en or brut 18 carats, sertie de diamants blancs naturels taille brillant.\",\"breadcrumb\":{\"@id\":\"https:\\\/\\\/www.wesselton.net\\\/fr\\\/bague-wesseltonselection-or-jaune-diamants\\\/#breadcrumb\"},\"inLanguage\":\"fr-FR\",\"potentialAction\":[{\"@type\":\"ReadAction\",\"target\":[\"https:\\\/\\\/www.wesselton.net\\\/fr\\\/bague-wesseltonselection-or-jaune-diamants\\\/\"]}]},{\"@type\":\"ImageObject\",\"inLanguage\":\"fr-FR\",\"@id\":\"https:\\\/\\\/www.wesselton.net\\\/fr\\\/bague-wesseltonselection-or-jaune-diamants\\\/#primaryimage\",\"url\":\"https:\\\/\\\/www.wesselton.net\\\/wp-content\\\/uploads\\\/ANELL08_08.jpg\",\"contentUrl\":\"https:\\\/\\\/www.wesselton.net\\\/wp-content\\\/uploads\\\/ANELL08_08.jpg\",\"width\":680,\"height\":920,\"caption\":\"BAGUE - WESSELTON SELECTION OR JAUNE DIAMANTS\"},{\"@type\":\"BreadcrumbList\",\"@id\":\"https:\\\/\\\/www.wesselton.net\\\/fr\\\/bague-wesseltonselection-or-jaune-diamants\\\/#breadcrumb\",\"itemListElement\":[{\"@type\":\"ListItem\",\"position\":1,\"name\":\"Inici\",\"item\":\"https:\\\/\\\/www.wesselton.net\\\/fr\\\/\"},{\"@type\":\"ListItem\",\"position\":2,\"name\":\"Boutique\",\"item\":\"https:\\\/\\\/www.wesselton.net\\\/fr\\\/boutique\\\/\"},{\"@type\":\"ListItem\",\"position\":3,\"name\":\"Bague en or jaune et diamants WESSELTON Selection\"}]},{\"@type\":\"WebSite\",\"@id\":\"https:\\\/\\\/www.wesselton.net\\\/#website\",\"url\":\"https:\\\/\\\/www.wesselton.net\\\/\",\"name\":\"Wesselton | Bijoux et Diamants\",\"description\":\"Diamants \u00fanics per moments \u00fanics. Peces d&#039;elaboraci\u00f3 pr\u00f2pia de m\u00e0xima qualitat, cuidades fins a l&#039;\u00faltim detall, i les millors marques de joieria.\",\"potentialAction\":[{\"@type\":\"SearchAction\",\"target\":{\"@type\":\"EntryPoint\",\"urlTemplate\":\"https:\\\/\\\/www.wesselton.net\\\/?s={search_term_string}\"},\"query-input\":{\"@type\":\"PropertyValueSpecification\",\"valueRequired\":true,\"valueName\":\"search_term_string\"}}],\"inLanguage\":\"fr-FR\"}]}<\/script>\n<!-- \/ Yoast SEO plugin. -->","yoast_head_json":{"title":"Bague en or jaune et diamants WESSELTON Selection - Wesselton","description":"Le bague or jaune WESSELTON SELECTION, fabriqu\u00e9e en or brut 18 carats, sertie de diamants blancs naturels taille brillant.","robots":{"index":"index","follow":"follow","max-snippet":"max-snippet:-1","max-image-preview":"max-image-preview:large","max-video-preview":"max-video-preview:-1"},"canonical":"https:\/\/www.wesselton.net\/fr\/bague-wesseltonselection-or-jaune-diamants\/","og_locale":"fr_FR","og_type":"article","og_title":"Bague en or jaune et diamants WESSELTON Selection - Wesselton","og_description":"Le bague or jaune WESSELTON SELECTION, fabriqu\u00e9e en or brut 18 carats, sertie de diamants blancs naturels taille brillant.","og_url":"https:\/\/www.wesselton.net\/fr\/bague-wesseltonselection-or-jaune-diamants\/","og_site_name":"Wesselton | Bijoux et Diamants","article_publisher":"https:\/\/www.facebook.com\/wesselton.oficial\/","article_modified_time":"2026-01-12T09:43:39+00:00","og_image":[{"width":680,"height":920,"url":"https:\/\/www.wesselton.net\/wp-content\/uploads\/ANELL08_08.jpg","type":"image\/jpeg"}],"twitter_card":"summary_large_image","twitter_misc":{"Dur\u00e9e de lecture estim\u00e9e":"1 minute"},"schema":{"@context":"https:\/\/schema.org","@graph":[{"@type":"WebPage","@id":"https:\/\/www.wesselton.net\/fr\/bague-wesseltonselection-or-jaune-diamants\/","url":"https:\/\/www.wesselton.net\/fr\/bague-wesseltonselection-or-jaune-diamants\/","name":"Bague en or jaune et diamants WESSELTON Selection - Wesselton","isPartOf":{"@id":"https:\/\/www.wesselton.net\/#website"},"primaryImageOfPage":{"@id":"https:\/\/www.wesselton.net\/fr\/bague-wesseltonselection-or-jaune-diamants\/#primaryimage"},"image":{"@id":"https:\/\/www.wesselton.net\/fr\/bague-wesseltonselection-or-jaune-diamants\/#primaryimage"},"thumbnailUrl":"https:\/\/www.wesselton.net\/wp-content\/uploads\/ANELL08_08.jpg","datePublished":"2021-03-10T17:59:31+00:00","dateModified":"2026-01-12T09:43:39+00:00","description":"Le bague or jaune WESSELTON SELECTION, fabriqu\u00e9e en or brut 18 carats, sertie de diamants blancs naturels taille brillant.","breadcrumb":{"@id":"https:\/\/www.wesselton.net\/fr\/bague-wesseltonselection-or-jaune-diamants\/#breadcrumb"},"inLanguage":"fr-FR","potentialAction":[{"@type":"ReadAction","target":["https:\/\/www.wesselton.net\/fr\/bague-wesseltonselection-or-jaune-diamants\/"]}]},{"@type":"ImageObject","inLanguage":"fr-FR","@id":"https:\/\/www.wesselton.net\/fr\/bague-wesseltonselection-or-jaune-diamants\/#primaryimage","url":"https:\/\/www.wesselton.net\/wp-content\/uploads\/ANELL08_08.jpg","contentUrl":"https:\/\/www.wesselton.net\/wp-content\/uploads\/ANELL08_08.jpg","width":680,"height":920,"caption":"BAGUE - WESSELTON SELECTION OR JAUNE DIAMANTS"},{"@type":"BreadcrumbList","@id":"https:\/\/www.wesselton.net\/fr\/bague-wesseltonselection-or-jaune-diamants\/#breadcrumb","itemListElement":[{"@type":"ListItem","position":1,"name":"Inici","item":"https:\/\/www.wesselton.net\/fr\/"},{"@type":"ListItem","position":2,"name":"Boutique","item":"https:\/\/www.wesselton.net\/fr\/boutique\/"},{"@type":"ListItem","position":3,"name":"Bague en or jaune et diamants WESSELTON Selection"}]},{"@type":"WebSite","@id":"https:\/\/www.wesselton.net\/#website","url":"https:\/\/www.wesselton.net\/","name":"Wesselton | Bijoux et Diamants","description":"Diamants \u00fanics per moments \u00fanics. Peces d&#039;elaboraci\u00f3 pr\u00f2pia de m\u00e0xima qualitat, cuidades fins a l&#039;\u00faltim detall, i les millors marques de joieria.","potentialAction":[{"@type":"SearchAction","target":{"@type":"EntryPoint","urlTemplate":"https:\/\/www.wesselton.net\/?s={search_term_string}"},"query-input":{"@type":"PropertyValueSpecification","valueRequired":true,"valueName":"search_term_string"}}],"inLanguage":"fr-FR"}]}},"_links":{"self":[{"href":"https:\/\/www.wesselton.net\/fr\/wp-json\/wp\/v2\/product\/17904","targetHints":{"allow":["GET"]}}],"collection":[{"href":"https:\/\/www.wesselton.net\/fr\/wp-json\/wp\/v2\/product"}],"about":[{"href":"https:\/\/www.wesselton.net\/fr\/wp-json\/wp\/v2\/types\/product"}],"replies":[{"embeddable":true,"href":"https:\/\/www.wesselton.net\/fr\/wp-json\/wp\/v2\/comments?post=17904"}],"wp:featuredmedia":[{"embeddable":true,"href":"https:\/\/www.wesselton.net\/fr\/wp-json\/wp\/v2\/media\/17907"}],"wp:attachment":[{"href":"https:\/\/www.wesselton.net\/fr\/wp-json\/wp\/v2\/media?parent=17904"}],"wp:term":[{"taxonomy":"product_brand","embeddable":true,"href":"https:\/\/www.wesselton.net\/fr\/wp-json\/wp\/v2\/product_brand?post=17904"},{"taxonomy":"product_cat","embeddable":true,"href":"https:\/\/www.wesselton.net\/fr\/wp-json\/wp\/v2\/product_cat?post=17904"},{"taxonomy":"product_tag","embeddable":true,"href":"https:\/\/www.wesselton.net\/fr\/wp-json\/wp\/v2\/product_tag?post=17904"}],"curies":[{"name":"wp","href":"https:\/\/api.w.org\/{rel}","templated":true}]}}