

{"id":18492,"date":"2021-03-25T13:55:17","date_gmt":"2021-03-25T11:55:20","guid":{"rendered":"https:\/\/www.wesselton.net\/?post_type=product&#038;p=18492"},"modified":"2022-12-23T01:15:34","modified_gmt":"2022-12-22T23:15:34","slug":"montre-seikosolar-crononoir","status":"publish","type":"product","link":"https:\/\/www.wesselton.net\/fr\/montre-seikosolar-crononoir\/","title":{"rendered":"MONTRE &#8211; SEIKO SOLAR &#8211; CRONO"},"content":{"rendered":"<p><strong>MOUVEMENT<\/strong>:<br \/>\nNum\u00e9ro du calibre: V176<br \/>\nType de mouvement: Solar<br \/>\nAutonomie: Environ. 6 mois (lorsqu&rsquo;il est compl\u00e8tement charg\u00e9)<br \/>\nPr\u00e9cision: \u00b1 15 secondes par mois<\/p>\n<p><strong>HABILLAGE<\/strong>:<br \/>\nComposition du verre: Hardlex<br \/>\nLumiBrite: sur les mains et les index<br \/>\nMati\u00e8re du bracelet: Acier (rev\u00eatement durci)<\/p>\n<p><strong>AUTRES D\u00c9TAILS<\/strong>:<br \/>\n\u00c9tanch\u00e9it\u00e9: 10 BAR<br \/>\nDimension du bo\u00eetier<br \/>\n\u00c9paisseur: 12.2 mm<br \/>\nDiam\u00e8tre: 43.2 mm<\/p>\n<p><strong>AUTRES FONCTIONS<\/strong>:<br \/>\nChronographe jusqu&rsquo;\u00e0 60 minutes par incr\u00e9ments de 1\/20 seconde<br \/>\nFonction d&rsquo;arr\u00eat de la trotteuse<br \/>\nFonction de pr\u00e9vention de surcharge<br \/>\nAffichage de la date<\/p>\n","protected":false},"excerpt":{"rendered":"<p>L&rsquo;histoire de Seiko a commenc\u00e9 en 1881, lorsqu&rsquo;un homme d&rsquo;affaires de 21 ans, Kintaro Hattori, a ouvert un atelier de vente et de r\u00e9paration de montres dans le centre de Tokyo. Aujourd&rsquo;hui, apr\u00e8s 140 ans d&rsquo;innovation, la marque continue de se vouer \u00e0 la perfection que son fondateur s&rsquo;est toujours efforc\u00e9e d&rsquo;atteindre. Chacune de ces pi\u00e8ces porte cette philosophie grav\u00e9e dans leur ADN.<\/p>\n","protected":false},"featured_media":18495,"comment_status":"closed","ping_status":"closed","template":"","meta":[],"product_brand":[],"product_cat":[2156],"product_tag":[],"class_list":{"0":"post-18492","1":"product","2":"type-product","3":"status-publish","4":"has-post-thumbnail","6":"product_cat-montres-solar","7":"yith_product_brand-seiko","9":"first","10":"outofstock","11":"shipping-taxable","12":"purchasable","13":"product-type-simple"},"acf":[],"yoast_head":"<!-- This site is optimized with the Yoast SEO plugin v27.3 - https:\/\/yoast.com\/product\/yoast-seo-wordpress\/ -->\n<title>MONTRE - SEIKO SOLAR - CRONO - Wesselton<\/title>\n<meta name=\"description\" content=\"Aujourd&#039;hui, apr\u00e8s 140 ans d&#039;innovation, la marque continue de se vouer \u00e0 la perfection que son fondateur s&#039;est toujours efforc\u00e9e d&#039;atteindre.\" \/>\n<meta name=\"robots\" content=\"index, follow, max-snippet:-1, max-image-preview:large, max-video-preview:-1\" \/>\n<link rel=\"canonical\" href=\"https:\/\/www.wesselton.net\/fr\/montre-seikosolar-crononoir\/\" \/>\n<meta property=\"og:locale\" content=\"fr_FR\" \/>\n<meta property=\"og:type\" content=\"article\" \/>\n<meta property=\"og:title\" content=\"MONTRE - SEIKO SOLAR - CRONO - Wesselton\" \/>\n<meta property=\"og:description\" content=\"Aujourd&#039;hui, apr\u00e8s 140 ans d&#039;innovation, la marque continue de se vouer \u00e0 la perfection que son fondateur s&#039;est toujours efforc\u00e9e d&#039;atteindre.\" \/>\n<meta property=\"og:url\" content=\"https:\/\/www.wesselton.net\/fr\/montre-seikosolar-crononoir\/\" \/>\n<meta property=\"og:site_name\" content=\"Wesselton | Bijoux et Diamants\" \/>\n<meta property=\"article:publisher\" content=\"https:\/\/www.facebook.com\/wesselton.oficial\/\" \/>\n<meta property=\"article:modified_time\" content=\"2022-12-22T23:15:34+00:00\" \/>\n<meta property=\"og:image\" content=\"https:\/\/www.wesselton.net\/wp-content\/uploads\/SSC723P1.jpg\" \/>\n\t<meta property=\"og:image:width\" content=\"680\" \/>\n\t<meta property=\"og:image:height\" content=\"920\" \/>\n\t<meta property=\"og:image:type\" content=\"image\/jpeg\" \/>\n<meta name=\"twitter:card\" content=\"summary_large_image\" \/>\n<script type=\"application\/ld+json\" class=\"yoast-schema-graph\">{\"@context\":\"https:\\\/\\\/schema.org\",\"@graph\":[{\"@type\":\"WebPage\",\"@id\":\"https:\\\/\\\/www.wesselton.net\\\/fr\\\/montre-seikosolar-crononoir\\\/\",\"url\":\"https:\\\/\\\/www.wesselton.net\\\/fr\\\/montre-seikosolar-crononoir\\\/\",\"name\":\"MONTRE - SEIKO SOLAR - CRONO - Wesselton\",\"isPartOf\":{\"@id\":\"https:\\\/\\\/www.wesselton.net\\\/#website\"},\"primaryImageOfPage\":{\"@id\":\"https:\\\/\\\/www.wesselton.net\\\/fr\\\/montre-seikosolar-crononoir\\\/#primaryimage\"},\"image\":{\"@id\":\"https:\\\/\\\/www.wesselton.net\\\/fr\\\/montre-seikosolar-crononoir\\\/#primaryimage\"},\"thumbnailUrl\":\"https:\\\/\\\/www.wesselton.net\\\/wp-content\\\/uploads\\\/SSC723P1.jpg\",\"datePublished\":\"2021-03-25T11:55:20+00:00\",\"dateModified\":\"2022-12-22T23:15:34+00:00\",\"description\":\"Aujourd'hui, apr\u00e8s 140 ans d'innovation, la marque continue de se vouer \u00e0 la perfection que son fondateur s'est toujours efforc\u00e9e d'atteindre.\",\"breadcrumb\":{\"@id\":\"https:\\\/\\\/www.wesselton.net\\\/fr\\\/montre-seikosolar-crononoir\\\/#breadcrumb\"},\"inLanguage\":\"fr-FR\",\"potentialAction\":[{\"@type\":\"ReadAction\",\"target\":[\"https:\\\/\\\/www.wesselton.net\\\/fr\\\/montre-seikosolar-crononoir\\\/\"]}]},{\"@type\":\"ImageObject\",\"inLanguage\":\"fr-FR\",\"@id\":\"https:\\\/\\\/www.wesselton.net\\\/fr\\\/montre-seikosolar-crononoir\\\/#primaryimage\",\"url\":\"https:\\\/\\\/www.wesselton.net\\\/wp-content\\\/uploads\\\/SSC723P1.jpg\",\"contentUrl\":\"https:\\\/\\\/www.wesselton.net\\\/wp-content\\\/uploads\\\/SSC723P1.jpg\",\"width\":680,\"height\":920,\"caption\":\"MONTRE - SEIKO SOLAR - CRONO 43.2MM-001\"},{\"@type\":\"BreadcrumbList\",\"@id\":\"https:\\\/\\\/www.wesselton.net\\\/fr\\\/montre-seikosolar-crononoir\\\/#breadcrumb\",\"itemListElement\":[{\"@type\":\"ListItem\",\"position\":1,\"name\":\"Inici\",\"item\":\"https:\\\/\\\/www.wesselton.net\\\/fr\\\/\"},{\"@type\":\"ListItem\",\"position\":2,\"name\":\"Boutique\",\"item\":\"https:\\\/\\\/www.wesselton.net\\\/fr\\\/boutique\\\/\"},{\"@type\":\"ListItem\",\"position\":3,\"name\":\"MONTRE &#8211; SEIKO SOLAR &#8211; CRONO\"}]},{\"@type\":\"WebSite\",\"@id\":\"https:\\\/\\\/www.wesselton.net\\\/#website\",\"url\":\"https:\\\/\\\/www.wesselton.net\\\/\",\"name\":\"Wesselton | Bijoux et Diamants\",\"description\":\"Diamants \u00fanics per moments \u00fanics. Peces d&#039;elaboraci\u00f3 pr\u00f2pia de m\u00e0xima qualitat, cuidades fins a l&#039;\u00faltim detall, i les millors marques de joieria.\",\"potentialAction\":[{\"@type\":\"SearchAction\",\"target\":{\"@type\":\"EntryPoint\",\"urlTemplate\":\"https:\\\/\\\/www.wesselton.net\\\/?s={search_term_string}\"},\"query-input\":{\"@type\":\"PropertyValueSpecification\",\"valueRequired\":true,\"valueName\":\"search_term_string\"}}],\"inLanguage\":\"fr-FR\"}]}<\/script>\n<!-- \/ Yoast SEO plugin. -->","yoast_head_json":{"title":"MONTRE - SEIKO SOLAR - CRONO - Wesselton","description":"Aujourd'hui, apr\u00e8s 140 ans d'innovation, la marque continue de se vouer \u00e0 la perfection que son fondateur s'est toujours efforc\u00e9e d'atteindre.","robots":{"index":"index","follow":"follow","max-snippet":"max-snippet:-1","max-image-preview":"max-image-preview:large","max-video-preview":"max-video-preview:-1"},"canonical":"https:\/\/www.wesselton.net\/fr\/montre-seikosolar-crononoir\/","og_locale":"fr_FR","og_type":"article","og_title":"MONTRE - SEIKO SOLAR - CRONO - Wesselton","og_description":"Aujourd'hui, apr\u00e8s 140 ans d'innovation, la marque continue de se vouer \u00e0 la perfection que son fondateur s'est toujours efforc\u00e9e d'atteindre.","og_url":"https:\/\/www.wesselton.net\/fr\/montre-seikosolar-crononoir\/","og_site_name":"Wesselton | Bijoux et Diamants","article_publisher":"https:\/\/www.facebook.com\/wesselton.oficial\/","article_modified_time":"2022-12-22T23:15:34+00:00","og_image":[{"width":680,"height":920,"url":"https:\/\/www.wesselton.net\/wp-content\/uploads\/SSC723P1.jpg","type":"image\/jpeg"}],"twitter_card":"summary_large_image","schema":{"@context":"https:\/\/schema.org","@graph":[{"@type":"WebPage","@id":"https:\/\/www.wesselton.net\/fr\/montre-seikosolar-crononoir\/","url":"https:\/\/www.wesselton.net\/fr\/montre-seikosolar-crononoir\/","name":"MONTRE - SEIKO SOLAR - CRONO - Wesselton","isPartOf":{"@id":"https:\/\/www.wesselton.net\/#website"},"primaryImageOfPage":{"@id":"https:\/\/www.wesselton.net\/fr\/montre-seikosolar-crononoir\/#primaryimage"},"image":{"@id":"https:\/\/www.wesselton.net\/fr\/montre-seikosolar-crononoir\/#primaryimage"},"thumbnailUrl":"https:\/\/www.wesselton.net\/wp-content\/uploads\/SSC723P1.jpg","datePublished":"2021-03-25T11:55:20+00:00","dateModified":"2022-12-22T23:15:34+00:00","description":"Aujourd'hui, apr\u00e8s 140 ans d'innovation, la marque continue de se vouer \u00e0 la perfection que son fondateur s'est toujours efforc\u00e9e d'atteindre.","breadcrumb":{"@id":"https:\/\/www.wesselton.net\/fr\/montre-seikosolar-crononoir\/#breadcrumb"},"inLanguage":"fr-FR","potentialAction":[{"@type":"ReadAction","target":["https:\/\/www.wesselton.net\/fr\/montre-seikosolar-crononoir\/"]}]},{"@type":"ImageObject","inLanguage":"fr-FR","@id":"https:\/\/www.wesselton.net\/fr\/montre-seikosolar-crononoir\/#primaryimage","url":"https:\/\/www.wesselton.net\/wp-content\/uploads\/SSC723P1.jpg","contentUrl":"https:\/\/www.wesselton.net\/wp-content\/uploads\/SSC723P1.jpg","width":680,"height":920,"caption":"MONTRE - SEIKO SOLAR - CRONO 43.2MM-001"},{"@type":"BreadcrumbList","@id":"https:\/\/www.wesselton.net\/fr\/montre-seikosolar-crononoir\/#breadcrumb","itemListElement":[{"@type":"ListItem","position":1,"name":"Inici","item":"https:\/\/www.wesselton.net\/fr\/"},{"@type":"ListItem","position":2,"name":"Boutique","item":"https:\/\/www.wesselton.net\/fr\/boutique\/"},{"@type":"ListItem","position":3,"name":"MONTRE &#8211; SEIKO SOLAR &#8211; CRONO"}]},{"@type":"WebSite","@id":"https:\/\/www.wesselton.net\/#website","url":"https:\/\/www.wesselton.net\/","name":"Wesselton | Bijoux et Diamants","description":"Diamants \u00fanics per moments \u00fanics. Peces d&#039;elaboraci\u00f3 pr\u00f2pia de m\u00e0xima qualitat, cuidades fins a l&#039;\u00faltim detall, i les millors marques de joieria.","potentialAction":[{"@type":"SearchAction","target":{"@type":"EntryPoint","urlTemplate":"https:\/\/www.wesselton.net\/?s={search_term_string}"},"query-input":{"@type":"PropertyValueSpecification","valueRequired":true,"valueName":"search_term_string"}}],"inLanguage":"fr-FR"}]}},"_links":{"self":[{"href":"https:\/\/www.wesselton.net\/fr\/wp-json\/wp\/v2\/product\/18492","targetHints":{"allow":["GET"]}}],"collection":[{"href":"https:\/\/www.wesselton.net\/fr\/wp-json\/wp\/v2\/product"}],"about":[{"href":"https:\/\/www.wesselton.net\/fr\/wp-json\/wp\/v2\/types\/product"}],"replies":[{"embeddable":true,"href":"https:\/\/www.wesselton.net\/fr\/wp-json\/wp\/v2\/comments?post=18492"}],"wp:featuredmedia":[{"embeddable":true,"href":"https:\/\/www.wesselton.net\/fr\/wp-json\/wp\/v2\/media\/18495"}],"wp:attachment":[{"href":"https:\/\/www.wesselton.net\/fr\/wp-json\/wp\/v2\/media?parent=18492"}],"wp:term":[{"taxonomy":"product_brand","embeddable":true,"href":"https:\/\/www.wesselton.net\/fr\/wp-json\/wp\/v2\/product_brand?post=18492"},{"taxonomy":"product_cat","embeddable":true,"href":"https:\/\/www.wesselton.net\/fr\/wp-json\/wp\/v2\/product_cat?post=18492"},{"taxonomy":"product_tag","embeddable":true,"href":"https:\/\/www.wesselton.net\/fr\/wp-json\/wp\/v2\/product_tag?post=18492"}],"curies":[{"name":"wp","href":"https:\/\/api.w.org\/{rel}","templated":true}]}}