

{"id":19150,"date":"2021-05-04T13:21:54","date_gmt":"2021-05-04T11:21:54","guid":{"rendered":"https:\/\/www.wesselton.net\/?post_type=product&#038;p=19150"},"modified":"2025-10-06T11:05:05","modified_gmt":"2025-10-06T09:05:05","slug":"montre-seiko5sports-automatique","status":"publish","type":"product","link":"https:\/\/www.wesselton.net\/fr\/montre-seiko5sports-automatique\/","title":{"rendered":"Montre &#8211; SEIKO 5 sports Automatique"},"content":{"rendered":"<p data-start=\"95\" data-end=\"439\">Le Seiko Sports Automatique est une montre qui allie la tradition horlog\u00e8re japonaise \u00e0 un design robuste et moderne. Con\u00e7ue pour les amateurs de montres m\u00e9caniques, elle dispose d\u2019un calibre automatique avec une r\u00e9serve de marche de 41 heures et la possibilit\u00e9 de remontage manuel, garantissant pr\u00e9cision et fiabilit\u00e9 \u00e0 chaque utilisation.<\/p>\n<p data-start=\"441\" data-end=\"751\">Son bo\u00eetier en acier inoxydable de 42,5 mm de diam\u00e8tre et 13,4 mm d\u2019\u00e9paisseur d\u00e9gage une impression de solidit\u00e9, tandis que le verre Hardlex prot\u00e8ge le cadran contre les chocs et les rayures. Les index et les aiguilles avec LumiBrite assurent une excellente lisibilit\u00e9, m\u00eame en conditions de faible luminosit\u00e9.<\/p>\n<p data-start=\"753\" data-end=\"1035\">C\u00f4t\u00e9 fonctions, elle offre l\u2019affichage du jour et de la date, l\u2019arr\u00eat de la seconde et une lunette tournante unidirectionnelle qui renforce son caract\u00e8re sportif. La couronne et le fond de bo\u00eete viss\u00e9s augmentent l\u2019\u00e9tanch\u00e9it\u00e9 du mod\u00e8le, qui atteint 100 m\u00e8tres de r\u00e9sistance \u00e0 l\u2019eau.<\/p>\n<p data-start=\"1037\" data-end=\"1256\">Le bracelet en acier inoxydable offre confort et s\u00e9curit\u00e9, id\u00e9al pour un usage quotidien comme pour des activit\u00e9s plus sportives. Avec un poids l\u00e9ger de seulement 100 g, elle est tr\u00e8s agr\u00e9able \u00e0 porter toute la journ\u00e9e.<\/p>\n<p data-start=\"1258\" data-end=\"1514\">Avec 24 rubis dans son m\u00e9canisme, le mouvement automatique du Seiko Sports garantit un fonctionnement fluide et une longue dur\u00e9e de vie. Soutenu par la qualit\u00e9 reconnue de Seiko, ce mod\u00e8le est une r\u00e9f\u00e9rence en horlogerie m\u00e9canique abordable et durable.<\/p>\n<p data-start=\"1516\" data-end=\"1691\">Le Seiko Sports Automatique n\u2019est pas seulement une montre ; c\u2019est une d\u00e9claration de style et de fiabilit\u00e9 qui accompagnera son propri\u00e9taire pendant de nombreuses ann\u00e9es.<\/p>\n","protected":false},"excerpt":{"rendered":"<p>Un nouveau design. Bas\u00e9 sur votre h\u00e9ritage. Pens\u00e9 et cr\u00e9\u00e9 pour chacun des peuples.<br \/>\nLa nouvelle Seiko 5 Sports est inspir\u00e9e des cinq d\u00e9cennies de succ\u00e8s de Seiko 5 Sports et son design est bas\u00e9 sur l&rsquo;une des montres de sport les plus appr\u00e9ci\u00e9es de Seiko. Chaque cr\u00e9ation de la nouvelle collection partage une version mise \u00e0 jour de ce c\u00e9l\u00e8bre bo\u00eetier et toutes ont les m\u00eames aiguilles des minutes en forme de fl\u00e8che, des marqueurs d&rsquo;heures distinctifs et une lunette tournante unidirectionnelle. Les mouvements sont tous issus du calibre automatique 4R36, test\u00e9 et \u00e9prouv\u00e9 dans diverses montres Seiko, avec 24 rubis, avec possibilit\u00e9 de remontage manuel, une r\u00e9serve de marche de 41 heures et une trotteuse qui s&rsquo;arr\u00eate lorsque la couronne est tir\u00e9e pour permettre un ajustement de plus heure pr\u00e9cise. Nous pr\u00e9sentons plus de 20 mod\u00e8les pour cette collection, organis\u00e9s en cinq styles diff\u00e9rents: Sports, Costumes, Specialist, Street et Sense. Tous ont de nouveaux cadrans avec des index en trois dimensions et la collection couvre une large gamme de bracelets et de bracelets, de la maille d&rsquo;acier aux hybrides silicone \/ cuir.<\/p>\n","protected":false},"featured_media":19153,"comment_status":"closed","ping_status":"closed","template":"","meta":[],"product_brand":[],"product_cat":[2148,2381],"product_tag":[],"class_list":{"0":"post-19150","1":"product","2":"type-product","3":"status-publish","4":"has-post-thumbnail","6":"product_cat-automatique","7":"product_cat-des-sports","8":"yith_product_brand-seiko","10":"first","11":"instock","12":"shipping-taxable","13":"purchasable","14":"product-type-simple"},"acf":[],"yoast_head":"<!-- This site is optimized with the Yoast SEO plugin v27.3 - https:\/\/yoast.com\/product\/yoast-seo-wordpress\/ -->\n<title>Montre - SEIKO 5 sports Automatique - Wesselton<\/title>\n<meta name=\"description\" content=\"La nouvelle Seiko 5 Sports est inspir\u00e9e des cinq d\u00e9cennies de succ\u00e8s de Seiko 5 Sports et son design est bas\u00e9 sur l&#039;une des montres de sport\" \/>\n<meta name=\"robots\" content=\"index, follow, max-snippet:-1, max-image-preview:large, max-video-preview:-1\" \/>\n<link rel=\"canonical\" href=\"https:\/\/www.wesselton.net\/fr\/montre-seiko5sports-automatique\/\" \/>\n<meta property=\"og:locale\" content=\"fr_FR\" \/>\n<meta property=\"og:type\" content=\"article\" \/>\n<meta property=\"og:title\" content=\"Montre - SEIKO 5 sports Automatique - Wesselton\" \/>\n<meta property=\"og:description\" content=\"La nouvelle Seiko 5 Sports est inspir\u00e9e des cinq d\u00e9cennies de succ\u00e8s de Seiko 5 Sports et son design est bas\u00e9 sur l&#039;une des montres de sport\" \/>\n<meta property=\"og:url\" content=\"https:\/\/www.wesselton.net\/fr\/montre-seiko5sports-automatique\/\" \/>\n<meta property=\"og:site_name\" content=\"Wesselton | Bijoux et Diamants\" \/>\n<meta property=\"article:publisher\" content=\"https:\/\/www.facebook.com\/wesselton.oficial\/\" \/>\n<meta property=\"article:modified_time\" content=\"2025-10-06T09:05:05+00:00\" \/>\n<meta property=\"og:image\" content=\"https:\/\/www.wesselton.net\/wp-content\/uploads\/SRPD53K1.jpg\" \/>\n\t<meta property=\"og:image:width\" content=\"680\" \/>\n\t<meta property=\"og:image:height\" content=\"920\" \/>\n\t<meta property=\"og:image:type\" content=\"image\/jpeg\" \/>\n<meta name=\"twitter:card\" content=\"summary_large_image\" \/>\n<meta name=\"twitter:label1\" content=\"Dur\u00e9e de lecture estim\u00e9e\" \/>\n\t<meta name=\"twitter:data1\" content=\"2 minutes\" \/>\n<script type=\"application\/ld+json\" class=\"yoast-schema-graph\">{\"@context\":\"https:\\\/\\\/schema.org\",\"@graph\":[{\"@type\":\"WebPage\",\"@id\":\"https:\\\/\\\/www.wesselton.net\\\/fr\\\/montre-seiko5sports-automatique\\\/\",\"url\":\"https:\\\/\\\/www.wesselton.net\\\/fr\\\/montre-seiko5sports-automatique\\\/\",\"name\":\"Montre - SEIKO 5 sports Automatique - Wesselton\",\"isPartOf\":{\"@id\":\"https:\\\/\\\/www.wesselton.net\\\/#website\"},\"primaryImageOfPage\":{\"@id\":\"https:\\\/\\\/www.wesselton.net\\\/fr\\\/montre-seiko5sports-automatique\\\/#primaryimage\"},\"image\":{\"@id\":\"https:\\\/\\\/www.wesselton.net\\\/fr\\\/montre-seiko5sports-automatique\\\/#primaryimage\"},\"thumbnailUrl\":\"https:\\\/\\\/www.wesselton.net\\\/wp-content\\\/uploads\\\/SRPD53K1.jpg\",\"datePublished\":\"2021-05-04T11:21:54+00:00\",\"dateModified\":\"2025-10-06T09:05:05+00:00\",\"description\":\"La nouvelle Seiko 5 Sports est inspir\u00e9e des cinq d\u00e9cennies de succ\u00e8s de Seiko 5 Sports et son design est bas\u00e9 sur l'une des montres de sport\",\"breadcrumb\":{\"@id\":\"https:\\\/\\\/www.wesselton.net\\\/fr\\\/montre-seiko5sports-automatique\\\/#breadcrumb\"},\"inLanguage\":\"fr-FR\",\"potentialAction\":[{\"@type\":\"ReadAction\",\"target\":[\"https:\\\/\\\/www.wesselton.net\\\/fr\\\/montre-seiko5sports-automatique\\\/\"]}]},{\"@type\":\"ImageObject\",\"inLanguage\":\"fr-FR\",\"@id\":\"https:\\\/\\\/www.wesselton.net\\\/fr\\\/montre-seiko5sports-automatique\\\/#primaryimage\",\"url\":\"https:\\\/\\\/www.wesselton.net\\\/wp-content\\\/uploads\\\/SRPD53K1.jpg\",\"contentUrl\":\"https:\\\/\\\/www.wesselton.net\\\/wp-content\\\/uploads\\\/SRPD53K1.jpg\",\"width\":680,\"height\":920,\"caption\":\"MONTRE - SEIKO 5 SPORTS - 42.5MM AUTOMATIQUE-001\"},{\"@type\":\"BreadcrumbList\",\"@id\":\"https:\\\/\\\/www.wesselton.net\\\/fr\\\/montre-seiko5sports-automatique\\\/#breadcrumb\",\"itemListElement\":[{\"@type\":\"ListItem\",\"position\":1,\"name\":\"Inici\",\"item\":\"https:\\\/\\\/www.wesselton.net\\\/fr\\\/\"},{\"@type\":\"ListItem\",\"position\":2,\"name\":\"Boutique\",\"item\":\"https:\\\/\\\/www.wesselton.net\\\/fr\\\/boutique\\\/\"},{\"@type\":\"ListItem\",\"position\":3,\"name\":\"Montre &#8211; SEIKO 5 sports Automatique\"}]},{\"@type\":\"WebSite\",\"@id\":\"https:\\\/\\\/www.wesselton.net\\\/#website\",\"url\":\"https:\\\/\\\/www.wesselton.net\\\/\",\"name\":\"Wesselton | Bijoux et Diamants\",\"description\":\"Diamants \u00fanics per moments \u00fanics. Peces d&#039;elaboraci\u00f3 pr\u00f2pia de m\u00e0xima qualitat, cuidades fins a l&#039;\u00faltim detall, i les millors marques de joieria.\",\"potentialAction\":[{\"@type\":\"SearchAction\",\"target\":{\"@type\":\"EntryPoint\",\"urlTemplate\":\"https:\\\/\\\/www.wesselton.net\\\/?s={search_term_string}\"},\"query-input\":{\"@type\":\"PropertyValueSpecification\",\"valueRequired\":true,\"valueName\":\"search_term_string\"}}],\"inLanguage\":\"fr-FR\"}]}<\/script>\n<!-- \/ Yoast SEO plugin. -->","yoast_head_json":{"title":"Montre - SEIKO 5 sports Automatique - Wesselton","description":"La nouvelle Seiko 5 Sports est inspir\u00e9e des cinq d\u00e9cennies de succ\u00e8s de Seiko 5 Sports et son design est bas\u00e9 sur l'une des montres de sport","robots":{"index":"index","follow":"follow","max-snippet":"max-snippet:-1","max-image-preview":"max-image-preview:large","max-video-preview":"max-video-preview:-1"},"canonical":"https:\/\/www.wesselton.net\/fr\/montre-seiko5sports-automatique\/","og_locale":"fr_FR","og_type":"article","og_title":"Montre - SEIKO 5 sports Automatique - Wesselton","og_description":"La nouvelle Seiko 5 Sports est inspir\u00e9e des cinq d\u00e9cennies de succ\u00e8s de Seiko 5 Sports et son design est bas\u00e9 sur l'une des montres de sport","og_url":"https:\/\/www.wesselton.net\/fr\/montre-seiko5sports-automatique\/","og_site_name":"Wesselton | Bijoux et Diamants","article_publisher":"https:\/\/www.facebook.com\/wesselton.oficial\/","article_modified_time":"2025-10-06T09:05:05+00:00","og_image":[{"width":680,"height":920,"url":"https:\/\/www.wesselton.net\/wp-content\/uploads\/SRPD53K1.jpg","type":"image\/jpeg"}],"twitter_card":"summary_large_image","twitter_misc":{"Dur\u00e9e de lecture estim\u00e9e":"2 minutes"},"schema":{"@context":"https:\/\/schema.org","@graph":[{"@type":"WebPage","@id":"https:\/\/www.wesselton.net\/fr\/montre-seiko5sports-automatique\/","url":"https:\/\/www.wesselton.net\/fr\/montre-seiko5sports-automatique\/","name":"Montre - SEIKO 5 sports Automatique - Wesselton","isPartOf":{"@id":"https:\/\/www.wesselton.net\/#website"},"primaryImageOfPage":{"@id":"https:\/\/www.wesselton.net\/fr\/montre-seiko5sports-automatique\/#primaryimage"},"image":{"@id":"https:\/\/www.wesselton.net\/fr\/montre-seiko5sports-automatique\/#primaryimage"},"thumbnailUrl":"https:\/\/www.wesselton.net\/wp-content\/uploads\/SRPD53K1.jpg","datePublished":"2021-05-04T11:21:54+00:00","dateModified":"2025-10-06T09:05:05+00:00","description":"La nouvelle Seiko 5 Sports est inspir\u00e9e des cinq d\u00e9cennies de succ\u00e8s de Seiko 5 Sports et son design est bas\u00e9 sur l'une des montres de sport","breadcrumb":{"@id":"https:\/\/www.wesselton.net\/fr\/montre-seiko5sports-automatique\/#breadcrumb"},"inLanguage":"fr-FR","potentialAction":[{"@type":"ReadAction","target":["https:\/\/www.wesselton.net\/fr\/montre-seiko5sports-automatique\/"]}]},{"@type":"ImageObject","inLanguage":"fr-FR","@id":"https:\/\/www.wesselton.net\/fr\/montre-seiko5sports-automatique\/#primaryimage","url":"https:\/\/www.wesselton.net\/wp-content\/uploads\/SRPD53K1.jpg","contentUrl":"https:\/\/www.wesselton.net\/wp-content\/uploads\/SRPD53K1.jpg","width":680,"height":920,"caption":"MONTRE - SEIKO 5 SPORTS - 42.5MM AUTOMATIQUE-001"},{"@type":"BreadcrumbList","@id":"https:\/\/www.wesselton.net\/fr\/montre-seiko5sports-automatique\/#breadcrumb","itemListElement":[{"@type":"ListItem","position":1,"name":"Inici","item":"https:\/\/www.wesselton.net\/fr\/"},{"@type":"ListItem","position":2,"name":"Boutique","item":"https:\/\/www.wesselton.net\/fr\/boutique\/"},{"@type":"ListItem","position":3,"name":"Montre &#8211; SEIKO 5 sports Automatique"}]},{"@type":"WebSite","@id":"https:\/\/www.wesselton.net\/#website","url":"https:\/\/www.wesselton.net\/","name":"Wesselton | Bijoux et Diamants","description":"Diamants \u00fanics per moments \u00fanics. Peces d&#039;elaboraci\u00f3 pr\u00f2pia de m\u00e0xima qualitat, cuidades fins a l&#039;\u00faltim detall, i les millors marques de joieria.","potentialAction":[{"@type":"SearchAction","target":{"@type":"EntryPoint","urlTemplate":"https:\/\/www.wesselton.net\/?s={search_term_string}"},"query-input":{"@type":"PropertyValueSpecification","valueRequired":true,"valueName":"search_term_string"}}],"inLanguage":"fr-FR"}]}},"_links":{"self":[{"href":"https:\/\/www.wesselton.net\/fr\/wp-json\/wp\/v2\/product\/19150","targetHints":{"allow":["GET"]}}],"collection":[{"href":"https:\/\/www.wesselton.net\/fr\/wp-json\/wp\/v2\/product"}],"about":[{"href":"https:\/\/www.wesselton.net\/fr\/wp-json\/wp\/v2\/types\/product"}],"replies":[{"embeddable":true,"href":"https:\/\/www.wesselton.net\/fr\/wp-json\/wp\/v2\/comments?post=19150"}],"wp:featuredmedia":[{"embeddable":true,"href":"https:\/\/www.wesselton.net\/fr\/wp-json\/wp\/v2\/media\/19153"}],"wp:attachment":[{"href":"https:\/\/www.wesselton.net\/fr\/wp-json\/wp\/v2\/media?parent=19150"}],"wp:term":[{"taxonomy":"product_brand","embeddable":true,"href":"https:\/\/www.wesselton.net\/fr\/wp-json\/wp\/v2\/product_brand?post=19150"},{"taxonomy":"product_cat","embeddable":true,"href":"https:\/\/www.wesselton.net\/fr\/wp-json\/wp\/v2\/product_cat?post=19150"},{"taxonomy":"product_tag","embeddable":true,"href":"https:\/\/www.wesselton.net\/fr\/wp-json\/wp\/v2\/product_tag?post=19150"}],"curies":[{"name":"wp","href":"https:\/\/api.w.org\/{rel}","templated":true}]}}