

{"id":22490,"date":"2023-01-17T20:52:25","date_gmt":"2023-01-17T18:54:57","guid":{"rendered":"https:\/\/clon.wesselton.net\/?post_type=product&#038;p=22490"},"modified":"2025-02-17T00:16:35","modified_gmt":"2025-02-16T22:16:35","slug":"marq-golfer-gen-2","status":"publish","type":"product","link":"https:\/\/www.wesselton.net\/fr\/marq-golfer-gen-2\/","title":{"rendered":"GARMIN MARQ Golfer Gen 2"},"content":{"rendered":"<p>La nouvelle <a href=\"https:\/\/www.wesselton.net\/fr\/marques\/garmin\/\">Garmin<\/a> Marq Golfer Gen 2 est une montre con\u00e7ue sp\u00e9cifiquement pour les amateurs de golf avec un style unique et des fonctions con\u00e7ues pour am\u00e9liorer votre technique sur le parcours de golf. La montre comporte 18 trous grav\u00e9s sur la lunette verte et un style aux tons verts con\u00e7u pour durer et am\u00e9liorer votre technique. De plus, il dispose de mat\u00e9riaux de haute qualit\u00e9 tels que le bo\u00eetier en titane et le verre saphir pour prot\u00e9ger l&rsquo;\u00e9cran et les donn\u00e9es de golf.<\/p>\n<p>L&rsquo;\u00e9cran Amoled offre une qualit\u00e9 incroyable et le bracelet en nylon Jacquard fran\u00e7ais de couleur verte est confortable. Avec jusqu&rsquo;\u00e0 16 jours d&rsquo;autonomie, une r\u00e9sistance \u00e0 l&rsquo;eau et des fonctionnalit\u00e9s telles que le club de caddie virtuel et les suggestions de cibles, le Garmin Marq Golfer Gen 2 est le choix id\u00e9al pour les golfeurs. En plus des fonctions de golf, il dispose \u00e9galement de fonctions permettant de surveiller le d\u00e9calage horaire, la fr\u00e9quence cardiaque, le stress, le sommeil et l&rsquo;\u00e9nergie. Il a \u00e9galement diverses applications sportives.<\/p>\n<p>La montre pr\u00e9sente un design authentique et moderne avec un bo\u00eetier en titane grade 5 mesurant 46 mm de diam\u00e8tre et 15 mm d&rsquo;\u00e9paisseur. L&rsquo;\u00e9cran Amoled a un diam\u00e8tre de 30,4 mm et une r\u00e9solution de 390&#215;390 pixels. L&rsquo;autonomie de la batterie lithium vous permettra de l&rsquo;utiliser lors de vos aventures sans avoir besoin de la recharger. Cette montre a jusqu&rsquo;\u00e0 16 jours en mode smartwatch et 21 en mode \u00e9conomie d&rsquo;\u00e9nergie.<\/p>\n<p>GPS uniquement jusqu&rsquo;\u00e0 42 heures et avec tous les syst\u00e8mes satellite jusqu&rsquo;\u00e0 32 heures. Avec GPS avec utilisation maximale de la batterie jusqu&rsquo;\u00e0 75 heures et avec exp\u00e9dition GPS jusqu&rsquo;\u00e0 14 jours. Il est \u00e9tanche jusqu&rsquo;\u00e0 100 m (10 ATM) et dispose d&rsquo;une m\u00e9moire de 32 Go. Les fonctionnalit\u00e9s am\u00e9lior\u00e9es de la montre incluent Virtual Caddy qui se connecte \u00e0 votre smartphone. De cette fa\u00e7on, il vous aide, avec la vitesse et la direction du vent, \u00e0 vous sugg\u00e9rer le meilleur club en fonction de la distance..<\/p>\n<p>Consultez plus de caract\u00e9ristiques du MARQ\u00ae Golfer (Gen 2)<\/p>\n","protected":false},"excerpt":{"rendered":"<p>Le nouveau Garmin Marq Golfer Gen 2 vous permet de repousser vos limites sur le parcours de golf. Avec un design unique et des fonctions con\u00e7ues sp\u00e9cifiquement pour les amateurs de golf, la montre pr\u00e9sente des marquages \u200b\u200b\u200b\u200b\u00e0 18 trous grav\u00e9s sur la lunette verte et un style de ton vert cr\u00e9\u00e9 pour r\u00e9sister et am\u00e9liorer votre technique. De plus, il dispose de mat\u00e9riaux de haute qualit\u00e9 tels qu&rsquo;un bo\u00eetier en titane et un verre saphir pour prot\u00e9ger l&rsquo;\u00e9cran et les donn\u00e9es de golf. L&rsquo;\u00e9cran Amoled offre une qualit\u00e9 incroyable et le bracelet en nylon Jacquard fran\u00e7ais de couleur verte est confortable. Avec une autonomie de batterie allant jusqu&rsquo;\u00e0 16 jours, une r\u00e9sistance \u00e0 l&rsquo;eau et des fonctionnalit\u00e9s telles que la suggestion de club et le ciblage de caddie virtuel, le Garmin Marq Golfer Gen 2 est le choix parfait pour les golfeurs. En plus des fonctionnalit\u00e9s de golf, il dispose \u00e9galement de fonctionnalit\u00e9s pour surveiller le d\u00e9calage horaire, la fr\u00e9quence cardiaque, le stress, le sommeil et l&rsquo;\u00e9nergie. Il a \u00e9galement diverses applications sportives.<\/p>\n","protected":false},"featured_media":22479,"comment_status":"closed","ping_status":"closed","template":"","meta":[],"product_brand":[],"product_cat":[],"product_tag":[],"class_list":{"0":"post-22490","1":"product","2":"type-product","3":"status-publish","4":"has-post-thumbnail","7":"first","8":"instock","9":"shipping-taxable","10":"purchasable","11":"product-type-simple"},"acf":[],"yoast_head":"<!-- This site is optimized with the Yoast SEO plugin v27.4 - https:\/\/yoast.com\/product\/yoast-seo-wordpress\/ -->\n<title>GARMIN MARQ Golfer Gen 2 - Wesselton | Bijoux et Diamants<\/title>\n<meta name=\"description\" content=\"La nouvelle Garmin Marq Golfer Gen 2 est une montre sp\u00e9cialement con\u00e7ue pour les amateurs de golf avec un style et des fonctionnalit\u00e9s uniques.\" \/>\n<meta name=\"robots\" content=\"index, follow, max-snippet:-1, max-image-preview:large, max-video-preview:-1\" \/>\n<link rel=\"canonical\" href=\"https:\/\/www.wesselton.net\/fr\/marq-golfer-gen-2\/\" \/>\n<meta property=\"og:locale\" content=\"fr_FR\" \/>\n<meta property=\"og:type\" content=\"article\" \/>\n<meta property=\"og:title\" content=\"GARMIN MARQ Golfer Gen 2 - Wesselton | Bijoux et Diamants\" \/>\n<meta property=\"og:description\" content=\"La nouvelle Garmin Marq Golfer Gen 2 est une montre sp\u00e9cialement con\u00e7ue pour les amateurs de golf avec un style et des fonctionnalit\u00e9s uniques.\" \/>\n<meta property=\"og:url\" content=\"https:\/\/www.wesselton.net\/fr\/marq-golfer-gen-2\/\" \/>\n<meta property=\"og:site_name\" content=\"Wesselton | Bijoux et Diamants\" \/>\n<meta property=\"article:publisher\" content=\"https:\/\/www.facebook.com\/wesselton.oficial\/\" \/>\n<meta property=\"article:modified_time\" content=\"2025-02-16T22:16:35+00:00\" \/>\n<meta property=\"og:image\" content=\"https:\/\/www.wesselton.net\/wp-content\/uploads\/cf-xl.webp\" \/>\n\t<meta property=\"og:image:width\" content=\"976\" \/>\n\t<meta property=\"og:image:height\" content=\"976\" \/>\n\t<meta property=\"og:image:type\" content=\"image\/webp\" \/>\n<meta name=\"twitter:card\" content=\"summary_large_image\" \/>\n<meta name=\"twitter:label1\" content=\"Dur\u00e9e de lecture estim\u00e9e\" \/>\n\t<meta name=\"twitter:data1\" content=\"2 minutes\" \/>\n<script type=\"application\/ld+json\" class=\"yoast-schema-graph\">{\"@context\":\"https:\\\/\\\/schema.org\",\"@graph\":[{\"@type\":\"WebPage\",\"@id\":\"https:\\\/\\\/www.wesselton.net\\\/fr\\\/marq-golfer-gen-2\\\/\",\"url\":\"https:\\\/\\\/www.wesselton.net\\\/fr\\\/marq-golfer-gen-2\\\/\",\"name\":\"GARMIN MARQ Golfer Gen 2 - Wesselton | Bijoux et Diamants\",\"isPartOf\":{\"@id\":\"https:\\\/\\\/www.wesselton.net\\\/#website\"},\"primaryImageOfPage\":{\"@id\":\"https:\\\/\\\/www.wesselton.net\\\/fr\\\/marq-golfer-gen-2\\\/#primaryimage\"},\"image\":{\"@id\":\"https:\\\/\\\/www.wesselton.net\\\/fr\\\/marq-golfer-gen-2\\\/#primaryimage\"},\"thumbnailUrl\":\"https:\\\/\\\/www.wesselton.net\\\/wp-content\\\/uploads\\\/cf-xl.webp\",\"datePublished\":\"2023-01-17T18:54:57+00:00\",\"dateModified\":\"2025-02-16T22:16:35+00:00\",\"description\":\"La nouvelle Garmin Marq Golfer Gen 2 est une montre sp\u00e9cialement con\u00e7ue pour les amateurs de golf avec un style et des fonctionnalit\u00e9s uniques.\",\"breadcrumb\":{\"@id\":\"https:\\\/\\\/www.wesselton.net\\\/fr\\\/marq-golfer-gen-2\\\/#breadcrumb\"},\"inLanguage\":\"fr-FR\",\"potentialAction\":[{\"@type\":\"ReadAction\",\"target\":[\"https:\\\/\\\/www.wesselton.net\\\/fr\\\/marq-golfer-gen-2\\\/\"]}]},{\"@type\":\"ImageObject\",\"inLanguage\":\"fr-FR\",\"@id\":\"https:\\\/\\\/www.wesselton.net\\\/fr\\\/marq-golfer-gen-2\\\/#primaryimage\",\"url\":\"https:\\\/\\\/www.wesselton.net\\\/wp-content\\\/uploads\\\/cf-xl.webp\",\"contentUrl\":\"https:\\\/\\\/www.wesselton.net\\\/wp-content\\\/uploads\\\/cf-xl.webp\",\"width\":976,\"height\":976,\"caption\":\"GARMIN MARQ Golfer Gen 2\"},{\"@type\":\"BreadcrumbList\",\"@id\":\"https:\\\/\\\/www.wesselton.net\\\/fr\\\/marq-golfer-gen-2\\\/#breadcrumb\",\"itemListElement\":[{\"@type\":\"ListItem\",\"position\":1,\"name\":\"Inici\",\"item\":\"https:\\\/\\\/www.wesselton.net\\\/fr\\\/\"},{\"@type\":\"ListItem\",\"position\":2,\"name\":\"Boutique\",\"item\":\"https:\\\/\\\/www.wesselton.net\\\/fr\\\/boutique\\\/\"},{\"@type\":\"ListItem\",\"position\":3,\"name\":\"GARMIN MARQ Golfer Gen 2\"}]},{\"@type\":\"WebSite\",\"@id\":\"https:\\\/\\\/www.wesselton.net\\\/#website\",\"url\":\"https:\\\/\\\/www.wesselton.net\\\/\",\"name\":\"Wesselton | Bijoux et Diamants\",\"description\":\"Diamants \u00fanics per moments \u00fanics. Peces d&#039;elaboraci\u00f3 pr\u00f2pia de m\u00e0xima qualitat, cuidades fins a l&#039;\u00faltim detall, i les millors marques de joieria.\",\"potentialAction\":[{\"@type\":\"SearchAction\",\"target\":{\"@type\":\"EntryPoint\",\"urlTemplate\":\"https:\\\/\\\/www.wesselton.net\\\/?s={search_term_string}\"},\"query-input\":{\"@type\":\"PropertyValueSpecification\",\"valueRequired\":true,\"valueName\":\"search_term_string\"}}],\"inLanguage\":\"fr-FR\"}]}<\/script>\n<!-- \/ Yoast SEO plugin. -->","yoast_head_json":{"title":"GARMIN MARQ Golfer Gen 2 - Wesselton | Bijoux et Diamants","description":"La nouvelle Garmin Marq Golfer Gen 2 est une montre sp\u00e9cialement con\u00e7ue pour les amateurs de golf avec un style et des fonctionnalit\u00e9s uniques.","robots":{"index":"index","follow":"follow","max-snippet":"max-snippet:-1","max-image-preview":"max-image-preview:large","max-video-preview":"max-video-preview:-1"},"canonical":"https:\/\/www.wesselton.net\/fr\/marq-golfer-gen-2\/","og_locale":"fr_FR","og_type":"article","og_title":"GARMIN MARQ Golfer Gen 2 - Wesselton | Bijoux et Diamants","og_description":"La nouvelle Garmin Marq Golfer Gen 2 est une montre sp\u00e9cialement con\u00e7ue pour les amateurs de golf avec un style et des fonctionnalit\u00e9s uniques.","og_url":"https:\/\/www.wesselton.net\/fr\/marq-golfer-gen-2\/","og_site_name":"Wesselton | Bijoux et Diamants","article_publisher":"https:\/\/www.facebook.com\/wesselton.oficial\/","article_modified_time":"2025-02-16T22:16:35+00:00","og_image":[{"width":976,"height":976,"url":"https:\/\/www.wesselton.net\/wp-content\/uploads\/cf-xl.webp","type":"image\/webp"}],"twitter_card":"summary_large_image","twitter_misc":{"Dur\u00e9e de lecture estim\u00e9e":"2 minutes"},"schema":{"@context":"https:\/\/schema.org","@graph":[{"@type":"WebPage","@id":"https:\/\/www.wesselton.net\/fr\/marq-golfer-gen-2\/","url":"https:\/\/www.wesselton.net\/fr\/marq-golfer-gen-2\/","name":"GARMIN MARQ Golfer Gen 2 - Wesselton | Bijoux et Diamants","isPartOf":{"@id":"https:\/\/www.wesselton.net\/#website"},"primaryImageOfPage":{"@id":"https:\/\/www.wesselton.net\/fr\/marq-golfer-gen-2\/#primaryimage"},"image":{"@id":"https:\/\/www.wesselton.net\/fr\/marq-golfer-gen-2\/#primaryimage"},"thumbnailUrl":"https:\/\/www.wesselton.net\/wp-content\/uploads\/cf-xl.webp","datePublished":"2023-01-17T18:54:57+00:00","dateModified":"2025-02-16T22:16:35+00:00","description":"La nouvelle Garmin Marq Golfer Gen 2 est une montre sp\u00e9cialement con\u00e7ue pour les amateurs de golf avec un style et des fonctionnalit\u00e9s uniques.","breadcrumb":{"@id":"https:\/\/www.wesselton.net\/fr\/marq-golfer-gen-2\/#breadcrumb"},"inLanguage":"fr-FR","potentialAction":[{"@type":"ReadAction","target":["https:\/\/www.wesselton.net\/fr\/marq-golfer-gen-2\/"]}]},{"@type":"ImageObject","inLanguage":"fr-FR","@id":"https:\/\/www.wesselton.net\/fr\/marq-golfer-gen-2\/#primaryimage","url":"https:\/\/www.wesselton.net\/wp-content\/uploads\/cf-xl.webp","contentUrl":"https:\/\/www.wesselton.net\/wp-content\/uploads\/cf-xl.webp","width":976,"height":976,"caption":"GARMIN MARQ Golfer Gen 2"},{"@type":"BreadcrumbList","@id":"https:\/\/www.wesselton.net\/fr\/marq-golfer-gen-2\/#breadcrumb","itemListElement":[{"@type":"ListItem","position":1,"name":"Inici","item":"https:\/\/www.wesselton.net\/fr\/"},{"@type":"ListItem","position":2,"name":"Boutique","item":"https:\/\/www.wesselton.net\/fr\/boutique\/"},{"@type":"ListItem","position":3,"name":"GARMIN MARQ Golfer Gen 2"}]},{"@type":"WebSite","@id":"https:\/\/www.wesselton.net\/#website","url":"https:\/\/www.wesselton.net\/","name":"Wesselton | Bijoux et Diamants","description":"Diamants \u00fanics per moments \u00fanics. Peces d&#039;elaboraci\u00f3 pr\u00f2pia de m\u00e0xima qualitat, cuidades fins a l&#039;\u00faltim detall, i les millors marques de joieria.","potentialAction":[{"@type":"SearchAction","target":{"@type":"EntryPoint","urlTemplate":"https:\/\/www.wesselton.net\/?s={search_term_string}"},"query-input":{"@type":"PropertyValueSpecification","valueRequired":true,"valueName":"search_term_string"}}],"inLanguage":"fr-FR"}]}},"_links":{"self":[{"href":"https:\/\/www.wesselton.net\/fr\/wp-json\/wp\/v2\/product\/22490","targetHints":{"allow":["GET"]}}],"collection":[{"href":"https:\/\/www.wesselton.net\/fr\/wp-json\/wp\/v2\/product"}],"about":[{"href":"https:\/\/www.wesselton.net\/fr\/wp-json\/wp\/v2\/types\/product"}],"replies":[{"embeddable":true,"href":"https:\/\/www.wesselton.net\/fr\/wp-json\/wp\/v2\/comments?post=22490"}],"wp:featuredmedia":[{"embeddable":true,"href":"https:\/\/www.wesselton.net\/fr\/wp-json\/wp\/v2\/media\/22479"}],"wp:attachment":[{"href":"https:\/\/www.wesselton.net\/fr\/wp-json\/wp\/v2\/media?parent=22490"}],"wp:term":[{"taxonomy":"product_brand","embeddable":true,"href":"https:\/\/www.wesselton.net\/fr\/wp-json\/wp\/v2\/product_brand?post=22490"},{"taxonomy":"product_cat","embeddable":true,"href":"https:\/\/www.wesselton.net\/fr\/wp-json\/wp\/v2\/product_cat?post=22490"},{"taxonomy":"product_tag","embeddable":true,"href":"https:\/\/www.wesselton.net\/fr\/wp-json\/wp\/v2\/product_tag?post=22490"}],"curies":[{"name":"wp","href":"https:\/\/api.w.org\/{rel}","templated":true}]}}