

{"id":29375,"date":"2024-06-06T11:09:37","date_gmt":"2024-06-06T09:19:15","guid":{"rendered":"https:\/\/www.wesselton.net\/?post_type=product&#038;p=29375"},"modified":"2025-02-16T23:18:25","modified_gmt":"2025-02-16T21:18:25","slug":"bracelet-cordon-double-coeurs-dinh-van","status":"publish","type":"product","link":"https:\/\/www.wesselton.net\/fr\/bracelet-cordon-double-coeurs-dinh-van\/","title":{"rendered":"Bracelet cordon double coeurs Dinh Van"},"content":{"rendered":"<p>Le bracelet cordon Double Coeurs est un bijou exquis con\u00e7u pour celles qui cherchent \u00e0 exprimer leurs sentiments les plus profonds. Fabriqu\u00e9 en or rose fin 18 carats, ce bracelet se distingue par son \u00e9l\u00e9gance et sa sophistication. La qualit\u00e9 de l\u2019or assure non seulement la beaut\u00e9 de la pi\u00e8ce, mais \u00e9galement sa durabilit\u00e9 et sa r\u00e9sistance dans le temps.<\/p>\n<p>Le design de ce bracelet comprend deux charmants c\u0153urs entrelac\u00e9s, marque de fabrique de Menottes Dinh Van, symbolisant un lien indissoluble d&rsquo;amour ou d&rsquo;amiti\u00e9. Ces c\u0153urs entrelac\u00e9s ajoutent non seulement une touche romantique, mais repr\u00e9sentent \u00e9galement la connexion et l&rsquo;union entre deux personnes, ce qui en fait le cadeau parfait pour une occasion sp\u00e9ciale.<\/p>\n<p>Le cordon qui accompagne le bracelet ajoute un \u00e9l\u00e9ment de confort et de polyvalence, lui permettant de s&rsquo;adapter parfaitement \u00e0 n&rsquo;importe quel poignet. Ce d\u00e9tail, associ\u00e9 \u00e0 l&rsquo;\u00e9clat d\u00e9licat de l&rsquo;or rose, fait du bracelet cordon Double Coeurs une pi\u00e8ce id\u00e9ale au quotidien ou pour compl\u00e9ter une tenue \u00e9l\u00e9gante lors d&rsquo;une occasion sp\u00e9ciale.<\/p>\n<p>Chaque cr\u00e9ation Dinh Van est un chef-d&rsquo;\u0153uvre qui refl\u00e8te une tradition d&rsquo;excellence de la joaillerie fran\u00e7aise. Pour garantir que vos bijoux conservent leur splendeur, il est recommand\u00e9 de suivre quelques directives d\u2019entretien simples. Avec des soins appropri\u00e9s, ce bracelet sera non seulement un superbe accessoire, mais aussi un tr\u00e9sor qui pourra \u00eatre ch\u00e9ri pendant des g\u00e9n\u00e9rations.<\/p>\n","protected":false},"excerpt":{"rendered":"<p>La Pulsera Cord\u00f3n Double C\u0153urs R9 es una exquisita pieza de joyer\u00eda dise\u00f1ada para aquellos que buscan expresar sus sentimientos m\u00e1s profundos. Fabricada en oro rosa fino de 18 quilates, esta pulsera destaca por su elegancia y sofisticaci\u00f3n. La calidad del oro, asegura no solo la belleza de la pieza, sino tambi\u00e9n su durabilidad y resistencia a lo largo del tiempo.<\/p>\n","protected":false},"featured_media":29457,"comment_status":"closed","ping_status":"closed","template":"","meta":[],"product_brand":[],"product_cat":[2265,652,2708],"product_tag":[],"class_list":{"0":"post-29375","1":"product","2":"type-product","3":"status-publish","4":"has-post-thumbnail","6":"product_cat-bijoux","7":"product_cat-bracelets","8":"product_cat-bracelets-or-rose","9":"yith_product_brand-dinh-van-fr","11":"first","12":"instock","13":"sold-individually","14":"shipping-taxable","15":"purchasable","16":"product-type-simple"},"acf":[],"yoast_head":"<!-- This site is optimized with the Yoast SEO plugin v27.3 - https:\/\/yoast.com\/product\/yoast-seo-wordpress\/ -->\n<title>Bracelet cordon double coeurs Dinh Van - Wesselton | Bijoux et Diamants<\/title>\n<meta name=\"description\" content=\"Magnifique bracelet cordon double coeurs Dinh Van un bijou exquis con\u00e7u pour celles qui cherchent \u00e0 exprimer leurs sentiments les plus profonds.\" \/>\n<meta name=\"robots\" content=\"index, follow, max-snippet:-1, max-image-preview:large, max-video-preview:-1\" \/>\n<link rel=\"canonical\" href=\"https:\/\/www.wesselton.net\/fr\/bracelet-cordon-double-coeurs-dinh-van\/\" \/>\n<meta property=\"og:locale\" content=\"fr_FR\" \/>\n<meta property=\"og:type\" content=\"article\" \/>\n<meta property=\"og:title\" content=\"Bracelet cordon double coeurs Dinh Van - Wesselton | Bijoux et Diamants\" \/>\n<meta property=\"og:description\" content=\"Magnifique bracelet cordon double coeurs Dinh Van un bijou exquis con\u00e7u pour celles qui cherchent \u00e0 exprimer leurs sentiments les plus profonds.\" \/>\n<meta property=\"og:url\" content=\"https:\/\/www.wesselton.net\/fr\/bracelet-cordon-double-coeurs-dinh-van\/\" \/>\n<meta property=\"og:site_name\" content=\"Wesselton | Bijoux et Diamants\" \/>\n<meta property=\"article:publisher\" content=\"https:\/\/www.facebook.com\/wesselton.oficial\/\" \/>\n<meta property=\"article:modified_time\" content=\"2025-02-16T21:18:25+00:00\" \/>\n<meta property=\"og:image\" content=\"https:\/\/www.wesselton.net\/wp-content\/uploads\/pulsera-coerurs.jpg\" \/>\n\t<meta property=\"og:image:width\" content=\"680\" \/>\n\t<meta property=\"og:image:height\" content=\"920\" \/>\n\t<meta property=\"og:image:type\" content=\"image\/jpeg\" \/>\n<meta name=\"twitter:card\" content=\"summary_large_image\" \/>\n<meta name=\"twitter:label1\" content=\"Dur\u00e9e de lecture estim\u00e9e\" \/>\n\t<meta name=\"twitter:data1\" content=\"2 minutes\" \/>\n<script type=\"application\/ld+json\" class=\"yoast-schema-graph\">{\"@context\":\"https:\\\/\\\/schema.org\",\"@graph\":[{\"@type\":\"WebPage\",\"@id\":\"https:\\\/\\\/www.wesselton.net\\\/fr\\\/bracelet-cordon-double-coeurs-dinh-van\\\/\",\"url\":\"https:\\\/\\\/www.wesselton.net\\\/fr\\\/bracelet-cordon-double-coeurs-dinh-van\\\/\",\"name\":\"Bracelet cordon double coeurs Dinh Van - Wesselton | Bijoux et Diamants\",\"isPartOf\":{\"@id\":\"https:\\\/\\\/www.wesselton.net\\\/#website\"},\"primaryImageOfPage\":{\"@id\":\"https:\\\/\\\/www.wesselton.net\\\/fr\\\/bracelet-cordon-double-coeurs-dinh-van\\\/#primaryimage\"},\"image\":{\"@id\":\"https:\\\/\\\/www.wesselton.net\\\/fr\\\/bracelet-cordon-double-coeurs-dinh-van\\\/#primaryimage\"},\"thumbnailUrl\":\"https:\\\/\\\/www.wesselton.net\\\/wp-content\\\/uploads\\\/pulsera-coerurs.jpg\",\"datePublished\":\"2024-06-06T09:19:15+00:00\",\"dateModified\":\"2025-02-16T21:18:25+00:00\",\"description\":\"Magnifique bracelet cordon double coeurs Dinh Van un bijou exquis con\u00e7u pour celles qui cherchent \u00e0 exprimer leurs sentiments les plus profonds.\",\"breadcrumb\":{\"@id\":\"https:\\\/\\\/www.wesselton.net\\\/fr\\\/bracelet-cordon-double-coeurs-dinh-van\\\/#breadcrumb\"},\"inLanguage\":\"fr-FR\",\"potentialAction\":[{\"@type\":\"ReadAction\",\"target\":[\"https:\\\/\\\/www.wesselton.net\\\/fr\\\/bracelet-cordon-double-coeurs-dinh-van\\\/\"]}]},{\"@type\":\"ImageObject\",\"inLanguage\":\"fr-FR\",\"@id\":\"https:\\\/\\\/www.wesselton.net\\\/fr\\\/bracelet-cordon-double-coeurs-dinh-van\\\/#primaryimage\",\"url\":\"https:\\\/\\\/www.wesselton.net\\\/wp-content\\\/uploads\\\/pulsera-coerurs.jpg\",\"contentUrl\":\"https:\\\/\\\/www.wesselton.net\\\/wp-content\\\/uploads\\\/pulsera-coerurs.jpg\",\"width\":680,\"height\":920},{\"@type\":\"BreadcrumbList\",\"@id\":\"https:\\\/\\\/www.wesselton.net\\\/fr\\\/bracelet-cordon-double-coeurs-dinh-van\\\/#breadcrumb\",\"itemListElement\":[{\"@type\":\"ListItem\",\"position\":1,\"name\":\"Inici\",\"item\":\"https:\\\/\\\/www.wesselton.net\\\/fr\\\/\"},{\"@type\":\"ListItem\",\"position\":2,\"name\":\"Boutique\",\"item\":\"https:\\\/\\\/www.wesselton.net\\\/fr\\\/boutique\\\/\"},{\"@type\":\"ListItem\",\"position\":3,\"name\":\"Bracelet cordon double coeurs Dinh Van\"}]},{\"@type\":\"WebSite\",\"@id\":\"https:\\\/\\\/www.wesselton.net\\\/#website\",\"url\":\"https:\\\/\\\/www.wesselton.net\\\/\",\"name\":\"Wesselton | Bijoux et Diamants\",\"description\":\"Diamants \u00fanics per moments \u00fanics. Peces d&#039;elaboraci\u00f3 pr\u00f2pia de m\u00e0xima qualitat, cuidades fins a l&#039;\u00faltim detall, i les millors marques de joieria.\",\"potentialAction\":[{\"@type\":\"SearchAction\",\"target\":{\"@type\":\"EntryPoint\",\"urlTemplate\":\"https:\\\/\\\/www.wesselton.net\\\/?s={search_term_string}\"},\"query-input\":{\"@type\":\"PropertyValueSpecification\",\"valueRequired\":true,\"valueName\":\"search_term_string\"}}],\"inLanguage\":\"fr-FR\"}]}<\/script>\n<!-- \/ Yoast SEO plugin. -->","yoast_head_json":{"title":"Bracelet cordon double coeurs Dinh Van - Wesselton | Bijoux et Diamants","description":"Magnifique bracelet cordon double coeurs Dinh Van un bijou exquis con\u00e7u pour celles qui cherchent \u00e0 exprimer leurs sentiments les plus profonds.","robots":{"index":"index","follow":"follow","max-snippet":"max-snippet:-1","max-image-preview":"max-image-preview:large","max-video-preview":"max-video-preview:-1"},"canonical":"https:\/\/www.wesselton.net\/fr\/bracelet-cordon-double-coeurs-dinh-van\/","og_locale":"fr_FR","og_type":"article","og_title":"Bracelet cordon double coeurs Dinh Van - Wesselton | Bijoux et Diamants","og_description":"Magnifique bracelet cordon double coeurs Dinh Van un bijou exquis con\u00e7u pour celles qui cherchent \u00e0 exprimer leurs sentiments les plus profonds.","og_url":"https:\/\/www.wesselton.net\/fr\/bracelet-cordon-double-coeurs-dinh-van\/","og_site_name":"Wesselton | Bijoux et Diamants","article_publisher":"https:\/\/www.facebook.com\/wesselton.oficial\/","article_modified_time":"2025-02-16T21:18:25+00:00","og_image":[{"width":680,"height":920,"url":"https:\/\/www.wesselton.net\/wp-content\/uploads\/pulsera-coerurs.jpg","type":"image\/jpeg"}],"twitter_card":"summary_large_image","twitter_misc":{"Dur\u00e9e de lecture estim\u00e9e":"2 minutes"},"schema":{"@context":"https:\/\/schema.org","@graph":[{"@type":"WebPage","@id":"https:\/\/www.wesselton.net\/fr\/bracelet-cordon-double-coeurs-dinh-van\/","url":"https:\/\/www.wesselton.net\/fr\/bracelet-cordon-double-coeurs-dinh-van\/","name":"Bracelet cordon double coeurs Dinh Van - Wesselton | Bijoux et Diamants","isPartOf":{"@id":"https:\/\/www.wesselton.net\/#website"},"primaryImageOfPage":{"@id":"https:\/\/www.wesselton.net\/fr\/bracelet-cordon-double-coeurs-dinh-van\/#primaryimage"},"image":{"@id":"https:\/\/www.wesselton.net\/fr\/bracelet-cordon-double-coeurs-dinh-van\/#primaryimage"},"thumbnailUrl":"https:\/\/www.wesselton.net\/wp-content\/uploads\/pulsera-coerurs.jpg","datePublished":"2024-06-06T09:19:15+00:00","dateModified":"2025-02-16T21:18:25+00:00","description":"Magnifique bracelet cordon double coeurs Dinh Van un bijou exquis con\u00e7u pour celles qui cherchent \u00e0 exprimer leurs sentiments les plus profonds.","breadcrumb":{"@id":"https:\/\/www.wesselton.net\/fr\/bracelet-cordon-double-coeurs-dinh-van\/#breadcrumb"},"inLanguage":"fr-FR","potentialAction":[{"@type":"ReadAction","target":["https:\/\/www.wesselton.net\/fr\/bracelet-cordon-double-coeurs-dinh-van\/"]}]},{"@type":"ImageObject","inLanguage":"fr-FR","@id":"https:\/\/www.wesselton.net\/fr\/bracelet-cordon-double-coeurs-dinh-van\/#primaryimage","url":"https:\/\/www.wesselton.net\/wp-content\/uploads\/pulsera-coerurs.jpg","contentUrl":"https:\/\/www.wesselton.net\/wp-content\/uploads\/pulsera-coerurs.jpg","width":680,"height":920},{"@type":"BreadcrumbList","@id":"https:\/\/www.wesselton.net\/fr\/bracelet-cordon-double-coeurs-dinh-van\/#breadcrumb","itemListElement":[{"@type":"ListItem","position":1,"name":"Inici","item":"https:\/\/www.wesselton.net\/fr\/"},{"@type":"ListItem","position":2,"name":"Boutique","item":"https:\/\/www.wesselton.net\/fr\/boutique\/"},{"@type":"ListItem","position":3,"name":"Bracelet cordon double coeurs Dinh Van"}]},{"@type":"WebSite","@id":"https:\/\/www.wesselton.net\/#website","url":"https:\/\/www.wesselton.net\/","name":"Wesselton | Bijoux et Diamants","description":"Diamants \u00fanics per moments \u00fanics. Peces d&#039;elaboraci\u00f3 pr\u00f2pia de m\u00e0xima qualitat, cuidades fins a l&#039;\u00faltim detall, i les millors marques de joieria.","potentialAction":[{"@type":"SearchAction","target":{"@type":"EntryPoint","urlTemplate":"https:\/\/www.wesselton.net\/?s={search_term_string}"},"query-input":{"@type":"PropertyValueSpecification","valueRequired":true,"valueName":"search_term_string"}}],"inLanguage":"fr-FR"}]}},"_links":{"self":[{"href":"https:\/\/www.wesselton.net\/fr\/wp-json\/wp\/v2\/product\/29375","targetHints":{"allow":["GET"]}}],"collection":[{"href":"https:\/\/www.wesselton.net\/fr\/wp-json\/wp\/v2\/product"}],"about":[{"href":"https:\/\/www.wesselton.net\/fr\/wp-json\/wp\/v2\/types\/product"}],"replies":[{"embeddable":true,"href":"https:\/\/www.wesselton.net\/fr\/wp-json\/wp\/v2\/comments?post=29375"}],"wp:featuredmedia":[{"embeddable":true,"href":"https:\/\/www.wesselton.net\/fr\/wp-json\/wp\/v2\/media\/29457"}],"wp:attachment":[{"href":"https:\/\/www.wesselton.net\/fr\/wp-json\/wp\/v2\/media?parent=29375"}],"wp:term":[{"taxonomy":"product_brand","embeddable":true,"href":"https:\/\/www.wesselton.net\/fr\/wp-json\/wp\/v2\/product_brand?post=29375"},{"taxonomy":"product_cat","embeddable":true,"href":"https:\/\/www.wesselton.net\/fr\/wp-json\/wp\/v2\/product_cat?post=29375"},{"taxonomy":"product_tag","embeddable":true,"href":"https:\/\/www.wesselton.net\/fr\/wp-json\/wp\/v2\/product_tag?post=29375"}],"curies":[{"name":"wp","href":"https:\/\/api.w.org\/{rel}","templated":true}]}}