

{"id":29594,"date":"2024-06-14T12:04:55","date_gmt":"2024-06-14T10:04:55","guid":{"rendered":"https:\/\/www.wesselton.net\/pulsera-messika-cares-oro-rosa-diamante\/"},"modified":"2025-02-16T23:18:21","modified_gmt":"2025-02-16T21:18:21","slug":"bracelet-messika-cares-en-or-rose-et-diamants","status":"publish","type":"product","link":"https:\/\/www.wesselton.net\/fr\/bracelet-messika-cares-en-or-rose-et-diamants\/","title":{"rendered":"Bracelet Messika Care(s) en or rose et diamants"},"content":{"rendered":"<p>D\u00e9couvrez le Bracelet <a href=\"https:\/\/www.wesselton.net\/fr\/marques\/messika\/\">Messika<\/a> Care(s) en or rose et diamants, une variante raffin\u00e9e de l&rsquo;iconique bracelet Move Uno qui double son charme et son \u00e9l\u00e9gance. Chaque pi\u00e8ce vendue de cette collection contribue \u00e0 une plus grande cause. La Maison Messika reverse une partie de ses b\u00e9n\u00e9fices \u00e0 travers la Fondation Val\u00e9rie Messika \u00e0 des associations et ONG qui \u0153uvrent en faveur de l&rsquo;enfance, notamment dans les secteurs de l&rsquo;\u00e9ducation et de la sant\u00e9.<\/p>\n<p>Cette collection de bijoux incarne non seulement un style exceptionnel, mais v\u00e9hicule \u00e9galement un message d&rsquo;espoir et de solidarit\u00e9, multipliant le bonheur tant pour celui qui la porte que pour ceux qui b\u00e9n\u00e9ficient des initiatives soutenues.<\/p>\n<p>Le bracelet Messika Care(s) en or rose et diamants est un symbole d&rsquo;engagement et d&rsquo;\u00e9l\u00e9gance, parfait \u00e0 porter en toute occasion. Avec sa conception soign\u00e9e et ses mat\u00e9riaux de qualit\u00e9. Chaque pi\u00e8ce refl\u00e8te l&rsquo;excellence du savoir-faire et l&rsquo;engagement de Messika en mati\u00e8re de responsabilit\u00e9 sociale.<\/p>\n<p>D\u00e9couvrez comment le Bracelet Messika Care(s) am\u00e9liore non seulement votre style. Mais fait \u00e9galement une diff\u00e9rence significative dans le monde, en soutenant des causes importantes et en faisant partie d&rsquo;un h\u00e9ritage de g\u00e9n\u00e9rosit\u00e9 et de beaut\u00e9.<\/p>\n<p>Le bracelet MESSIKA CARE(s) est \u00e9galement disponible en or blanc et en or jaune. Toutes les pi\u00e8ces de la collection de bijoux Messika sont uniques. Le poids en grammes, en carats et la taille peuvent donc l\u00e9g\u00e8rement varier d&rsquo;une cr\u00e9ation \u00e0 l&rsquo;autre.<\/p>\n","protected":false},"excerpt":{"rendered":"<p>D\u00e9couvrez le Bracelet <a href=\"https:\/\/www.wesselton.net\/fr\/marques\/messika\/\">Messika<\/a> Care(s) en or rose et diamants, une variante raffin\u00e9e de l&rsquo;iconique bracelet Move Uno qui double son charme et son \u00e9l\u00e9gance. Chaque pi\u00e8ce vendue de cette collection contribue \u00e0 une plus grande cause : la Maison Messika reverse une partie de ses b\u00e9n\u00e9fices \u00e0 travers la Fondation Val\u00e9rie Messika \u00e0 des associations et ONG qui \u0153uvrent en faveur de l&rsquo;enfance, notamment dans les secteurs de l&rsquo;\u00e9ducation et de la sant\u00e9.<\/p>\n","protected":false},"featured_media":29583,"comment_status":"closed","ping_status":"closed","template":"","meta":[],"product_brand":[],"product_cat":[2265,652,2718,2708],"product_tag":[],"class_list":{"0":"post-29594","1":"product","2":"type-product","3":"status-publish","4":"has-post-thumbnail","6":"product_cat-bijoux","7":"product_cat-bracelets","8":"product_cat-bracelets-diamants","9":"product_cat-bracelets-or-rose","10":"yith_product_brand-messika","12":"first","13":"instock","14":"sold-individually","15":"shipping-taxable","16":"purchasable","17":"product-type-simple"},"acf":[],"yoast_head":"<!-- This site is optimized with the Yoast SEO plugin v27.2 - https:\/\/yoast.com\/product\/yoast-seo-wordpress\/ -->\n<title>Bracelet Messika Care(s) en or rose et diamants - Wesselton | Bijoux et Diamants<\/title>\n<meta name=\"description\" content=\"El\u00e9gant et iconique Bracelet Messika Care(s) en or rose et diamants une variante raffin\u00e9e de l&#039;iconique bracelet Move Uno qui double son charme\" \/>\n<meta name=\"robots\" content=\"index, follow, max-snippet:-1, max-image-preview:large, max-video-preview:-1\" \/>\n<link rel=\"canonical\" href=\"https:\/\/www.wesselton.net\/fr\/bracelet-messika-cares-en-or-rose-et-diamants\/\" \/>\n<meta property=\"og:locale\" content=\"fr_FR\" \/>\n<meta property=\"og:type\" content=\"article\" \/>\n<meta property=\"og:title\" content=\"Bracelet Messika Care(s) en or rose et diamants - Wesselton | Bijoux et Diamants\" \/>\n<meta property=\"og:description\" content=\"El\u00e9gant et iconique Bracelet Messika Care(s) en or rose et diamants une variante raffin\u00e9e de l&#039;iconique bracelet Move Uno qui double son charme\" \/>\n<meta property=\"og:url\" content=\"https:\/\/www.wesselton.net\/fr\/bracelet-messika-cares-en-or-rose-et-diamants\/\" \/>\n<meta property=\"og:site_name\" content=\"Wesselton | Bijoux et Diamants\" \/>\n<meta property=\"article:publisher\" content=\"https:\/\/www.facebook.com\/wesselton.oficial\/\" \/>\n<meta property=\"article:modified_time\" content=\"2025-02-16T21:18:21+00:00\" \/>\n<meta property=\"og:image\" content=\"https:\/\/www.wesselton.net\/wp-content\/uploads\/messika-bracelet-move-uno-charity-diamant-or-rose-12074.jpg\" \/>\n\t<meta property=\"og:image:width\" content=\"1900\" \/>\n\t<meta property=\"og:image:height\" content=\"1900\" \/>\n\t<meta property=\"og:image:type\" content=\"image\/jpeg\" \/>\n<meta name=\"twitter:card\" content=\"summary_large_image\" \/>\n<meta name=\"twitter:label1\" content=\"Dur\u00e9e de lecture estim\u00e9e\" \/>\n\t<meta name=\"twitter:data1\" content=\"2 minutes\" \/>\n<script type=\"application\/ld+json\" class=\"yoast-schema-graph\">{\"@context\":\"https:\/\/schema.org\",\"@graph\":[{\"@type\":\"WebPage\",\"@id\":\"https:\/\/www.wesselton.net\/fr\/bracelet-messika-cares-en-or-rose-et-diamants\/\",\"url\":\"https:\/\/www.wesselton.net\/fr\/bracelet-messika-cares-en-or-rose-et-diamants\/\",\"name\":\"Bracelet Messika Care(s) en or rose et diamants - Wesselton | Bijoux et Diamants\",\"isPartOf\":{\"@id\":\"https:\/\/www.wesselton.net\/#website\"},\"primaryImageOfPage\":{\"@id\":\"https:\/\/www.wesselton.net\/fr\/bracelet-messika-cares-en-or-rose-et-diamants\/#primaryimage\"},\"image\":{\"@id\":\"https:\/\/www.wesselton.net\/fr\/bracelet-messika-cares-en-or-rose-et-diamants\/#primaryimage\"},\"thumbnailUrl\":\"https:\/\/www.wesselton.net\/wp-content\/uploads\/messika-bracelet-move-uno-charity-diamant-or-rose-12074.jpg\",\"datePublished\":\"2024-06-14T10:04:55+00:00\",\"dateModified\":\"2025-02-16T21:18:21+00:00\",\"description\":\"El\u00e9gant et iconique Bracelet Messika Care(s) en or rose et diamants une variante raffin\u00e9e de l'iconique bracelet Move Uno qui double son charme\",\"breadcrumb\":{\"@id\":\"https:\/\/www.wesselton.net\/fr\/bracelet-messika-cares-en-or-rose-et-diamants\/#breadcrumb\"},\"inLanguage\":\"fr-FR\",\"potentialAction\":[{\"@type\":\"ReadAction\",\"target\":[\"https:\/\/www.wesselton.net\/fr\/bracelet-messika-cares-en-or-rose-et-diamants\/\"]}]},{\"@type\":\"ImageObject\",\"inLanguage\":\"fr-FR\",\"@id\":\"https:\/\/www.wesselton.net\/fr\/bracelet-messika-cares-en-or-rose-et-diamants\/#primaryimage\",\"url\":\"https:\/\/www.wesselton.net\/wp-content\/uploads\/messika-bracelet-move-uno-charity-diamant-or-rose-12074.jpg\",\"contentUrl\":\"https:\/\/www.wesselton.net\/wp-content\/uploads\/messika-bracelet-move-uno-charity-diamant-or-rose-12074.jpg\",\"width\":1900,\"height\":1900},{\"@type\":\"BreadcrumbList\",\"@id\":\"https:\/\/www.wesselton.net\/fr\/bracelet-messika-cares-en-or-rose-et-diamants\/#breadcrumb\",\"itemListElement\":[{\"@type\":\"ListItem\",\"position\":1,\"name\":\"Inici\",\"item\":\"https:\/\/www.wesselton.net\/fr\/\"},{\"@type\":\"ListItem\",\"position\":2,\"name\":\"Boutique\",\"item\":\"https:\/\/www.wesselton.net\/fr\/boutique\/\"},{\"@type\":\"ListItem\",\"position\":3,\"name\":\"Bracelet Messika Care(s) en or rose et diamants\"}]},{\"@type\":\"WebSite\",\"@id\":\"https:\/\/www.wesselton.net\/#website\",\"url\":\"https:\/\/www.wesselton.net\/\",\"name\":\"Wesselton | Bijoux et Diamants\",\"description\":\"Diamants \u00fanics per moments \u00fanics. Peces d&#039;elaboraci\u00f3 pr\u00f2pia de m\u00e0xima qualitat, cuidades fins a l&#039;\u00faltim detall, i les millors marques de joieria.\",\"potentialAction\":[{\"@type\":\"SearchAction\",\"target\":{\"@type\":\"EntryPoint\",\"urlTemplate\":\"https:\/\/www.wesselton.net\/?s={search_term_string}\"},\"query-input\":{\"@type\":\"PropertyValueSpecification\",\"valueRequired\":true,\"valueName\":\"search_term_string\"}}],\"inLanguage\":\"fr-FR\"}]}<\/script>\n<!-- \/ Yoast SEO plugin. -->","yoast_head_json":{"title":"Bracelet Messika Care(s) en or rose et diamants - Wesselton | Bijoux et Diamants","description":"El\u00e9gant et iconique Bracelet Messika Care(s) en or rose et diamants une variante raffin\u00e9e de l'iconique bracelet Move Uno qui double son charme","robots":{"index":"index","follow":"follow","max-snippet":"max-snippet:-1","max-image-preview":"max-image-preview:large","max-video-preview":"max-video-preview:-1"},"canonical":"https:\/\/www.wesselton.net\/fr\/bracelet-messika-cares-en-or-rose-et-diamants\/","og_locale":"fr_FR","og_type":"article","og_title":"Bracelet Messika Care(s) en or rose et diamants - Wesselton | Bijoux et Diamants","og_description":"El\u00e9gant et iconique Bracelet Messika Care(s) en or rose et diamants une variante raffin\u00e9e de l'iconique bracelet Move Uno qui double son charme","og_url":"https:\/\/www.wesselton.net\/fr\/bracelet-messika-cares-en-or-rose-et-diamants\/","og_site_name":"Wesselton | Bijoux et Diamants","article_publisher":"https:\/\/www.facebook.com\/wesselton.oficial\/","article_modified_time":"2025-02-16T21:18:21+00:00","og_image":[{"width":1900,"height":1900,"url":"https:\/\/www.wesselton.net\/wp-content\/uploads\/messika-bracelet-move-uno-charity-diamant-or-rose-12074.jpg","type":"image\/jpeg"}],"twitter_card":"summary_large_image","twitter_misc":{"Dur\u00e9e de lecture estim\u00e9e":"2 minutes"},"schema":{"@context":"https:\/\/schema.org","@graph":[{"@type":"WebPage","@id":"https:\/\/www.wesselton.net\/fr\/bracelet-messika-cares-en-or-rose-et-diamants\/","url":"https:\/\/www.wesselton.net\/fr\/bracelet-messika-cares-en-or-rose-et-diamants\/","name":"Bracelet Messika Care(s) en or rose et diamants - Wesselton | Bijoux et Diamants","isPartOf":{"@id":"https:\/\/www.wesselton.net\/#website"},"primaryImageOfPage":{"@id":"https:\/\/www.wesselton.net\/fr\/bracelet-messika-cares-en-or-rose-et-diamants\/#primaryimage"},"image":{"@id":"https:\/\/www.wesselton.net\/fr\/bracelet-messika-cares-en-or-rose-et-diamants\/#primaryimage"},"thumbnailUrl":"https:\/\/www.wesselton.net\/wp-content\/uploads\/messika-bracelet-move-uno-charity-diamant-or-rose-12074.jpg","datePublished":"2024-06-14T10:04:55+00:00","dateModified":"2025-02-16T21:18:21+00:00","description":"El\u00e9gant et iconique Bracelet Messika Care(s) en or rose et diamants une variante raffin\u00e9e de l'iconique bracelet Move Uno qui double son charme","breadcrumb":{"@id":"https:\/\/www.wesselton.net\/fr\/bracelet-messika-cares-en-or-rose-et-diamants\/#breadcrumb"},"inLanguage":"fr-FR","potentialAction":[{"@type":"ReadAction","target":["https:\/\/www.wesselton.net\/fr\/bracelet-messika-cares-en-or-rose-et-diamants\/"]}]},{"@type":"ImageObject","inLanguage":"fr-FR","@id":"https:\/\/www.wesselton.net\/fr\/bracelet-messika-cares-en-or-rose-et-diamants\/#primaryimage","url":"https:\/\/www.wesselton.net\/wp-content\/uploads\/messika-bracelet-move-uno-charity-diamant-or-rose-12074.jpg","contentUrl":"https:\/\/www.wesselton.net\/wp-content\/uploads\/messika-bracelet-move-uno-charity-diamant-or-rose-12074.jpg","width":1900,"height":1900},{"@type":"BreadcrumbList","@id":"https:\/\/www.wesselton.net\/fr\/bracelet-messika-cares-en-or-rose-et-diamants\/#breadcrumb","itemListElement":[{"@type":"ListItem","position":1,"name":"Inici","item":"https:\/\/www.wesselton.net\/fr\/"},{"@type":"ListItem","position":2,"name":"Boutique","item":"https:\/\/www.wesselton.net\/fr\/boutique\/"},{"@type":"ListItem","position":3,"name":"Bracelet Messika Care(s) en or rose et diamants"}]},{"@type":"WebSite","@id":"https:\/\/www.wesselton.net\/#website","url":"https:\/\/www.wesselton.net\/","name":"Wesselton | Bijoux et Diamants","description":"Diamants \u00fanics per moments \u00fanics. Peces d&#039;elaboraci\u00f3 pr\u00f2pia de m\u00e0xima qualitat, cuidades fins a l&#039;\u00faltim detall, i les millors marques de joieria.","potentialAction":[{"@type":"SearchAction","target":{"@type":"EntryPoint","urlTemplate":"https:\/\/www.wesselton.net\/?s={search_term_string}"},"query-input":{"@type":"PropertyValueSpecification","valueRequired":true,"valueName":"search_term_string"}}],"inLanguage":"fr-FR"}]}},"_links":{"self":[{"href":"https:\/\/www.wesselton.net\/fr\/wp-json\/wp\/v2\/product\/29594","targetHints":{"allow":["GET"]}}],"collection":[{"href":"https:\/\/www.wesselton.net\/fr\/wp-json\/wp\/v2\/product"}],"about":[{"href":"https:\/\/www.wesselton.net\/fr\/wp-json\/wp\/v2\/types\/product"}],"replies":[{"embeddable":true,"href":"https:\/\/www.wesselton.net\/fr\/wp-json\/wp\/v2\/comments?post=29594"}],"wp:featuredmedia":[{"embeddable":true,"href":"https:\/\/www.wesselton.net\/fr\/wp-json\/wp\/v2\/media\/29583"}],"wp:attachment":[{"href":"https:\/\/www.wesselton.net\/fr\/wp-json\/wp\/v2\/media?parent=29594"}],"wp:term":[{"taxonomy":"product_brand","embeddable":true,"href":"https:\/\/www.wesselton.net\/fr\/wp-json\/wp\/v2\/product_brand?post=29594"},{"taxonomy":"product_cat","embeddable":true,"href":"https:\/\/www.wesselton.net\/fr\/wp-json\/wp\/v2\/product_cat?post=29594"},{"taxonomy":"product_tag","embeddable":true,"href":"https:\/\/www.wesselton.net\/fr\/wp-json\/wp\/v2\/product_tag?post=29594"}],"curies":[{"name":"wp","href":"https:\/\/api.w.org\/{rel}","templated":true}]}}