

{"id":30280,"date":"2024-08-30T09:26:02","date_gmt":"2024-08-30T07:26:02","guid":{"rendered":"https:\/\/www.wesselton.net\/wesselton-bague-lovely-lines\/"},"modified":"2025-02-17T00:15:46","modified_gmt":"2025-02-16T22:15:46","slug":"wesselton-bague-lovely-lines","status":"publish","type":"product","link":"https:\/\/www.wesselton.net\/fr\/wesselton-bague-lovely-lines\/","title":{"rendered":"WESSELTON Bague Lovely Lines"},"content":{"rendered":"<p>La Bague de la collection Lovely Lines de <a href=\"https:\/\/www.wesselton.net\/fr\/marques\/wesselton\/\">WESSELTON<\/a> est une pi\u00e8ce qui incarne l&rsquo;union parfaite entre l&rsquo;art et l&rsquo;\u00e9motion. Chaque d\u00e9tail de cette bague est con\u00e7u pour capturer l&rsquo;essence de l&rsquo;amour, refl\u00e9tant le lien profond qui existe entre deux \u00e2mes. Faisant partie de la collection exclusive Lovely Lines de WESSELTON, cette bague n&rsquo;est pas seulement un bijou. Mais un symbole des liens qui nous unissent et des moments qui d\u00e9finissent nos vies.<\/p>\n<p>Cette bague est compos\u00e9e d&rsquo;une combinaison exquise d&rsquo;or rose et d&rsquo;or blanc 18 carats. Compl\u00e9t\u00e9 par du palladium, un m\u00e9tal pr\u00e9cieux connu pour sa durabilit\u00e9 et son \u00e9clat unique. L&rsquo;or rose, avec son \u00e9clat chaleureux, \u00e9voque la tendresse et la passion, tandis que l&rsquo;or blanc ajoute une puret\u00e9 et un contraste classiques qui rehaussent la beaut\u00e9 de la pi\u00e8ce. Cette fusion de m\u00e9taux pr\u00e9cieux symbolise non seulement la dualit\u00e9 de l&rsquo;amour, mais aussi l&rsquo;harmonie et l&rsquo;\u00e9quilibre que l&rsquo;on retrouve dans les relations les plus significatives.<\/p>\n<p>Les lignes douces et fluides de la bague, caract\u00e9ristiques de la collection Lovely Lines de WESSELTON. Cr\u00e9ent une danse visuelle qui symbolise la compl\u00e9mentarit\u00e9 et la connexion entre les \u00eatres chers. L&rsquo;harmonie entre les espaces pleins et vides dans la conception refl\u00e8te la dualit\u00e9 de la vie et de l&rsquo;amour.<\/p>\n<p>Cette bague est id\u00e9ale pour celles qui recherchent une pi\u00e8ce qui ne se contente pas d&rsquo;orner. Mais aussi raconter une histoire unique et personnelle. Que ce soit pour c\u00e9l\u00e9brer des fian\u00e7ailles, un anniversaire ou simplement pour exprimer un sentiment profond.<\/p>\n<p>Avec cette bague, vous emportez avec vous un po\u00e8me en or et palladium, une \u0153uvre d&rsquo;art qui symbolise la force et la beaut\u00e9 de l&rsquo;amour sous toutes ses formes.<\/p>\n","protected":false},"excerpt":{"rendered":"<p>La Bague de la collection Lovely Lines de <a href=\"https:\/\/www.wesselton.net\/fr\/marques\/wesselton\/\">WESSELTON<\/a> est une pi\u00e8ce qui incarne l&rsquo;union parfaite entre l&rsquo;art et l&rsquo;\u00e9motion. Chaque d\u00e9tail de cette bague est con\u00e7u pour capturer l&rsquo;essence de l&rsquo;amour, refl\u00e9tant le lien profond qui existe entre deux \u00e2mes. Faisant partie de la collection exclusive Lovely Lines de WESSELTON, cette bague n&rsquo;est pas seulement un bijou. Mais un symbole des liens qui nous unissent et des moments qui d\u00e9finissent nos vies.<\/p>\n","protected":false},"featured_media":30277,"comment_status":"closed","ping_status":"closed","template":"","meta":[],"product_brand":[],"product_cat":[644,2265,4830,2283,2289,4817],"product_tag":[],"class_list":{"0":"post-30280","1":"product","2":"type-product","3":"status-publish","4":"has-post-thumbnail","6":"product_cat-bagues","7":"product_cat-bijoux","8":"product_cat-lovely-lines-fr","9":"product_cat-avec-or-blanc","10":"product_cat-or-rose","11":"product_cat-wesselton-fr","12":"yith_product_brand-wesselton-fr","14":"first","15":"instock","16":"sold-individually","17":"shipping-taxable","18":"purchasable","19":"product-type-simple"},"acf":[],"yoast_head":"<!-- This site is optimized with the Yoast SEO plugin v27.3 - https:\/\/yoast.com\/product\/yoast-seo-wordpress\/ -->\n<title>WESSELTON Bague Lovely Lines - Wesselton | Bijoux et Diamants<\/title>\n<meta name=\"description\" content=\"La bague de la collection WESSELTON Lovely Lines est con\u00e7ue pour capturer l&#039;essence de l&#039;amour, refl\u00e9tant le lien qui existe entre deux \u00e2mes.\" \/>\n<meta name=\"robots\" content=\"index, follow, max-snippet:-1, max-image-preview:large, max-video-preview:-1\" \/>\n<link rel=\"canonical\" href=\"https:\/\/www.wesselton.net\/fr\/wesselton-bague-lovely-lines\/\" \/>\n<meta property=\"og:locale\" content=\"fr_FR\" \/>\n<meta property=\"og:type\" content=\"article\" \/>\n<meta property=\"og:title\" content=\"WESSELTON Bague Lovely Lines - Wesselton | Bijoux et Diamants\" \/>\n<meta property=\"og:description\" content=\"La bague de la collection WESSELTON Lovely Lines est con\u00e7ue pour capturer l&#039;essence de l&#039;amour, refl\u00e9tant le lien qui existe entre deux \u00e2mes.\" \/>\n<meta property=\"og:url\" content=\"https:\/\/www.wesselton.net\/fr\/wesselton-bague-lovely-lines\/\" \/>\n<meta property=\"og:site_name\" content=\"Wesselton | Bijoux et Diamants\" \/>\n<meta property=\"article:publisher\" content=\"https:\/\/www.facebook.com\/wesselton.oficial\/\" \/>\n<meta property=\"article:modified_time\" content=\"2025-02-16T22:15:46+00:00\" \/>\n<meta property=\"og:image\" content=\"https:\/\/www.wesselton.net\/wp-content\/uploads\/WLI-ALI-ORB-scaled.jpg\" \/>\n\t<meta property=\"og:image:width\" content=\"2560\" \/>\n\t<meta property=\"og:image:height\" content=\"2560\" \/>\n\t<meta property=\"og:image:type\" content=\"image\/jpeg\" \/>\n<meta name=\"twitter:card\" content=\"summary_large_image\" \/>\n<meta name=\"twitter:label1\" content=\"Dur\u00e9e de lecture estim\u00e9e\" \/>\n\t<meta name=\"twitter:data1\" content=\"2 minutes\" \/>\n<script type=\"application\/ld+json\" class=\"yoast-schema-graph\">{\"@context\":\"https:\\\/\\\/schema.org\",\"@graph\":[{\"@type\":\"WebPage\",\"@id\":\"https:\\\/\\\/www.wesselton.net\\\/fr\\\/wesselton-bague-lovely-lines\\\/\",\"url\":\"https:\\\/\\\/www.wesselton.net\\\/fr\\\/wesselton-bague-lovely-lines\\\/\",\"name\":\"WESSELTON Bague Lovely Lines - Wesselton | Bijoux et Diamants\",\"isPartOf\":{\"@id\":\"https:\\\/\\\/www.wesselton.net\\\/#website\"},\"primaryImageOfPage\":{\"@id\":\"https:\\\/\\\/www.wesselton.net\\\/fr\\\/wesselton-bague-lovely-lines\\\/#primaryimage\"},\"image\":{\"@id\":\"https:\\\/\\\/www.wesselton.net\\\/fr\\\/wesselton-bague-lovely-lines\\\/#primaryimage\"},\"thumbnailUrl\":\"https:\\\/\\\/www.wesselton.net\\\/wp-content\\\/uploads\\\/WLI-ALI-ORB-scaled.jpg\",\"datePublished\":\"2024-08-30T07:26:02+00:00\",\"dateModified\":\"2025-02-16T22:15:46+00:00\",\"description\":\"La bague de la collection WESSELTON Lovely Lines est con\u00e7ue pour capturer l'essence de l'amour, refl\u00e9tant le lien qui existe entre deux \u00e2mes.\",\"breadcrumb\":{\"@id\":\"https:\\\/\\\/www.wesselton.net\\\/fr\\\/wesselton-bague-lovely-lines\\\/#breadcrumb\"},\"inLanguage\":\"fr-FR\",\"potentialAction\":[{\"@type\":\"ReadAction\",\"target\":[\"https:\\\/\\\/www.wesselton.net\\\/fr\\\/wesselton-bague-lovely-lines\\\/\"]}]},{\"@type\":\"ImageObject\",\"inLanguage\":\"fr-FR\",\"@id\":\"https:\\\/\\\/www.wesselton.net\\\/fr\\\/wesselton-bague-lovely-lines\\\/#primaryimage\",\"url\":\"https:\\\/\\\/www.wesselton.net\\\/wp-content\\\/uploads\\\/WLI-ALI-ORB-scaled.jpg\",\"contentUrl\":\"https:\\\/\\\/www.wesselton.net\\\/wp-content\\\/uploads\\\/WLI-ALI-ORB-scaled.jpg\",\"width\":2560,\"height\":2560,\"caption\":\"WESSELTON Lovely Lines\"},{\"@type\":\"BreadcrumbList\",\"@id\":\"https:\\\/\\\/www.wesselton.net\\\/fr\\\/wesselton-bague-lovely-lines\\\/#breadcrumb\",\"itemListElement\":[{\"@type\":\"ListItem\",\"position\":1,\"name\":\"Inici\",\"item\":\"https:\\\/\\\/www.wesselton.net\\\/fr\\\/\"},{\"@type\":\"ListItem\",\"position\":2,\"name\":\"Boutique\",\"item\":\"https:\\\/\\\/www.wesselton.net\\\/fr\\\/boutique\\\/\"},{\"@type\":\"ListItem\",\"position\":3,\"name\":\"WESSELTON Bague Lovely Lines\"}]},{\"@type\":\"WebSite\",\"@id\":\"https:\\\/\\\/www.wesselton.net\\\/#website\",\"url\":\"https:\\\/\\\/www.wesselton.net\\\/\",\"name\":\"Wesselton | Bijoux et Diamants\",\"description\":\"Diamants \u00fanics per moments \u00fanics. Peces d&#039;elaboraci\u00f3 pr\u00f2pia de m\u00e0xima qualitat, cuidades fins a l&#039;\u00faltim detall, i les millors marques de joieria.\",\"potentialAction\":[{\"@type\":\"SearchAction\",\"target\":{\"@type\":\"EntryPoint\",\"urlTemplate\":\"https:\\\/\\\/www.wesselton.net\\\/?s={search_term_string}\"},\"query-input\":{\"@type\":\"PropertyValueSpecification\",\"valueRequired\":true,\"valueName\":\"search_term_string\"}}],\"inLanguage\":\"fr-FR\"}]}<\/script>\n<!-- \/ Yoast SEO plugin. -->","yoast_head_json":{"title":"WESSELTON Bague Lovely Lines - Wesselton | Bijoux et Diamants","description":"La bague de la collection WESSELTON Lovely Lines est con\u00e7ue pour capturer l'essence de l'amour, refl\u00e9tant le lien qui existe entre deux \u00e2mes.","robots":{"index":"index","follow":"follow","max-snippet":"max-snippet:-1","max-image-preview":"max-image-preview:large","max-video-preview":"max-video-preview:-1"},"canonical":"https:\/\/www.wesselton.net\/fr\/wesselton-bague-lovely-lines\/","og_locale":"fr_FR","og_type":"article","og_title":"WESSELTON Bague Lovely Lines - Wesselton | Bijoux et Diamants","og_description":"La bague de la collection WESSELTON Lovely Lines est con\u00e7ue pour capturer l'essence de l'amour, refl\u00e9tant le lien qui existe entre deux \u00e2mes.","og_url":"https:\/\/www.wesselton.net\/fr\/wesselton-bague-lovely-lines\/","og_site_name":"Wesselton | Bijoux et Diamants","article_publisher":"https:\/\/www.facebook.com\/wesselton.oficial\/","article_modified_time":"2025-02-16T22:15:46+00:00","og_image":[{"width":2560,"height":2560,"url":"https:\/\/www.wesselton.net\/wp-content\/uploads\/WLI-ALI-ORB-scaled.jpg","type":"image\/jpeg"}],"twitter_card":"summary_large_image","twitter_misc":{"Dur\u00e9e de lecture estim\u00e9e":"2 minutes"},"schema":{"@context":"https:\/\/schema.org","@graph":[{"@type":"WebPage","@id":"https:\/\/www.wesselton.net\/fr\/wesselton-bague-lovely-lines\/","url":"https:\/\/www.wesselton.net\/fr\/wesselton-bague-lovely-lines\/","name":"WESSELTON Bague Lovely Lines - Wesselton | Bijoux et Diamants","isPartOf":{"@id":"https:\/\/www.wesselton.net\/#website"},"primaryImageOfPage":{"@id":"https:\/\/www.wesselton.net\/fr\/wesselton-bague-lovely-lines\/#primaryimage"},"image":{"@id":"https:\/\/www.wesselton.net\/fr\/wesselton-bague-lovely-lines\/#primaryimage"},"thumbnailUrl":"https:\/\/www.wesselton.net\/wp-content\/uploads\/WLI-ALI-ORB-scaled.jpg","datePublished":"2024-08-30T07:26:02+00:00","dateModified":"2025-02-16T22:15:46+00:00","description":"La bague de la collection WESSELTON Lovely Lines est con\u00e7ue pour capturer l'essence de l'amour, refl\u00e9tant le lien qui existe entre deux \u00e2mes.","breadcrumb":{"@id":"https:\/\/www.wesselton.net\/fr\/wesselton-bague-lovely-lines\/#breadcrumb"},"inLanguage":"fr-FR","potentialAction":[{"@type":"ReadAction","target":["https:\/\/www.wesselton.net\/fr\/wesselton-bague-lovely-lines\/"]}]},{"@type":"ImageObject","inLanguage":"fr-FR","@id":"https:\/\/www.wesselton.net\/fr\/wesselton-bague-lovely-lines\/#primaryimage","url":"https:\/\/www.wesselton.net\/wp-content\/uploads\/WLI-ALI-ORB-scaled.jpg","contentUrl":"https:\/\/www.wesselton.net\/wp-content\/uploads\/WLI-ALI-ORB-scaled.jpg","width":2560,"height":2560,"caption":"WESSELTON Lovely Lines"},{"@type":"BreadcrumbList","@id":"https:\/\/www.wesselton.net\/fr\/wesselton-bague-lovely-lines\/#breadcrumb","itemListElement":[{"@type":"ListItem","position":1,"name":"Inici","item":"https:\/\/www.wesselton.net\/fr\/"},{"@type":"ListItem","position":2,"name":"Boutique","item":"https:\/\/www.wesselton.net\/fr\/boutique\/"},{"@type":"ListItem","position":3,"name":"WESSELTON Bague Lovely Lines"}]},{"@type":"WebSite","@id":"https:\/\/www.wesselton.net\/#website","url":"https:\/\/www.wesselton.net\/","name":"Wesselton | Bijoux et Diamants","description":"Diamants \u00fanics per moments \u00fanics. Peces d&#039;elaboraci\u00f3 pr\u00f2pia de m\u00e0xima qualitat, cuidades fins a l&#039;\u00faltim detall, i les millors marques de joieria.","potentialAction":[{"@type":"SearchAction","target":{"@type":"EntryPoint","urlTemplate":"https:\/\/www.wesselton.net\/?s={search_term_string}"},"query-input":{"@type":"PropertyValueSpecification","valueRequired":true,"valueName":"search_term_string"}}],"inLanguage":"fr-FR"}]}},"_links":{"self":[{"href":"https:\/\/www.wesselton.net\/fr\/wp-json\/wp\/v2\/product\/30280","targetHints":{"allow":["GET"]}}],"collection":[{"href":"https:\/\/www.wesselton.net\/fr\/wp-json\/wp\/v2\/product"}],"about":[{"href":"https:\/\/www.wesselton.net\/fr\/wp-json\/wp\/v2\/types\/product"}],"replies":[{"embeddable":true,"href":"https:\/\/www.wesselton.net\/fr\/wp-json\/wp\/v2\/comments?post=30280"}],"wp:featuredmedia":[{"embeddable":true,"href":"https:\/\/www.wesselton.net\/fr\/wp-json\/wp\/v2\/media\/30277"}],"wp:attachment":[{"href":"https:\/\/www.wesselton.net\/fr\/wp-json\/wp\/v2\/media?parent=30280"}],"wp:term":[{"taxonomy":"product_brand","embeddable":true,"href":"https:\/\/www.wesselton.net\/fr\/wp-json\/wp\/v2\/product_brand?post=30280"},{"taxonomy":"product_cat","embeddable":true,"href":"https:\/\/www.wesselton.net\/fr\/wp-json\/wp\/v2\/product_cat?post=30280"},{"taxonomy":"product_tag","embeddable":true,"href":"https:\/\/www.wesselton.net\/fr\/wp-json\/wp\/v2\/product_tag?post=30280"}],"curies":[{"name":"wp","href":"https:\/\/api.w.org\/{rel}","templated":true}]}}