

{"id":30775,"date":"2025-01-15T10:59:53","date_gmt":"2025-01-15T08:59:53","guid":{"rendered":"https:\/\/www.wesselton.net\/anillo-con-esmeralda-y-diamantes-en-oro-amarillo-y-blanco-de-wesselton-w-colors\/"},"modified":"2025-01-15T11:14:22","modified_gmt":"2025-01-15T09:14:22","slug":"bague-avec-emeraude-et-diamants-de-wesselton-w-colors","status":"publish","type":"product","link":"https:\/\/www.wesselton.net\/fr\/bague-avec-emeraude-et-diamants-de-wesselton-w-colors\/","title":{"rendered":"Bague avec \u00e9meraude et diamants de WESSELTON W Colors"},"content":{"rendered":"<p>La <strong>bague avec \u00e9meraude et diamants de WESSELTON W Colors<\/strong> est un bijou \u00e9blouissant qui c\u00e9l\u00e8bre la sophistication. Elle est con\u00e7ue en <strong>or jaune et blanc 18kt<\/strong>. Cette bague combine une majestueuse <strong>\u00e9meraude taill\u00e9e en ovale<\/strong> de 7x5mm (total 0,75ct). De plus, elle pr\u00e9sente 12 diamants en <strong>taille Brillant Cut<\/strong> (total 0,10ct, Couleur F, Clart\u00e9 VS). Le contraste entre l&rsquo;\u00e9meraude et les diamants cr\u00e9e un design harmonieux. La brillance de l&rsquo;\u00e9meraude se d\u00e9marque aux c\u00f4t\u00e9s des diamants.<\/p>\n<p>Cette bague fait partie de la <a href=\"https:\/\/www.wesselton.net\/fr\/marques\/wesselton\/\"><strong>collection exclusive W Colors<\/strong><\/a>. Dans cette collection, les pierres pr\u00e9cieuses les plus captivantes deviennent les protagonistes. Chaque bijou refl\u00e8te l&rsquo;excellence de <strong>WESSELTON<\/strong>. Le \u00ab\u00a0W\u00a0\u00bb embl\u00e9matique de <strong>WESSELTON<\/strong> encadre le design, garantissant qualit\u00e9 et cr\u00e9ativit\u00e9 dans chaque pi\u00e8ce. Ainsi, ce bijou refl\u00e8te l&rsquo;\u00e9l\u00e9gance de la marque.<\/p>\n<p>Avec son intensit\u00e9 verte unique et son \u00e9clat incomparable, la <strong>bague avec \u00e9meraude et diamants<\/strong> est id\u00e9ale pour ceux qui recherchent \u00e9l\u00e9gance et personnalit\u00e9. Elle est parfaite pour toute occasion sp\u00e9ciale. Le design classique se combine avec une touche moderne pour se d\u00e9marquer.<\/p>\n<p>Cette bague transcende le temps avec son design exclusif. C&rsquo;est le cadeau parfait pour des occasions sp\u00e9ciales. La beaut\u00e9 et l&rsquo;authenticit\u00e9 de la nature se refl\u00e8tent dans ce bijou. Ce mod\u00e8le est un choix unique pour ceux qui recherchent luxe et distinction.<\/p>\n","protected":false},"excerpt":{"rendered":"<p>La bague avec \u00e9meraude et diamants de WESSELTON W Colors est un bijou \u00e9blouissant qui c\u00e9l\u00e8bre la sophistication.<\/p>\n","protected":false},"featured_media":30785,"comment_status":"closed","ping_status":"closed","template":"","meta":[],"product_brand":[],"product_cat":[644,2265,2313,4851,4817],"product_tag":[],"class_list":{"0":"post-30775","1":"product","2":"type-product","3":"status-publish","4":"has-post-thumbnail","6":"product_cat-bagues","7":"product_cat-bijoux","8":"product_cat-emeraudes","9":"product_cat-w-colors-fr","10":"product_cat-wesselton-fr","11":"yith_product_brand-wesselton-fr","13":"first","14":"instock","15":"sold-individually","16":"shipping-taxable","17":"purchasable","18":"product-type-simple"},"acf":[],"yoast_head":"<!-- This site is optimized with the Yoast SEO plugin v27.2 - https:\/\/yoast.com\/product\/yoast-seo-wordpress\/ -->\n<title>Bague avec \u00e9meraude et diamants de WESSELTON W Colors - Wesselton | Bijoux et Diamants<\/title>\n<meta name=\"description\" content=\"La bague avec \u00e9meraude et diamants de WESSELTON W Colors est un bijou \u00e9blouissant qui c\u00e9l\u00e8bre la sophistication. Elle est con\u00e7ue en or jaune et blanc\" \/>\n<meta name=\"robots\" content=\"index, follow, max-snippet:-1, max-image-preview:large, max-video-preview:-1\" \/>\n<link rel=\"canonical\" href=\"https:\/\/www.wesselton.net\/fr\/bague-avec-emeraude-et-diamants-de-wesselton-w-colors\/\" \/>\n<meta property=\"og:locale\" content=\"fr_FR\" \/>\n<meta property=\"og:type\" content=\"article\" \/>\n<meta property=\"og:title\" content=\"Bague avec \u00e9meraude et diamants de WESSELTON W Colors - Wesselton | Bijoux et Diamants\" \/>\n<meta property=\"og:description\" content=\"La bague avec \u00e9meraude et diamants de WESSELTON W Colors est un bijou \u00e9blouissant qui c\u00e9l\u00e8bre la sophistication. Elle est con\u00e7ue en or jaune et blanc\" \/>\n<meta property=\"og:url\" content=\"https:\/\/www.wesselton.net\/fr\/bague-avec-emeraude-et-diamants-de-wesselton-w-colors\/\" \/>\n<meta property=\"og:site_name\" content=\"Wesselton | Bijoux et Diamants\" \/>\n<meta property=\"article:publisher\" content=\"https:\/\/www.facebook.com\/wesselton.oficial\/\" \/>\n<meta property=\"article:modified_time\" content=\"2025-01-15T09:14:22+00:00\" \/>\n<meta property=\"og:image\" content=\"https:\/\/www.wesselton.net\/wp-content\/uploads\/100WROS-MRG-scaled.jpg\" \/>\n\t<meta property=\"og:image:width\" content=\"2560\" \/>\n\t<meta property=\"og:image:height\" content=\"2560\" \/>\n\t<meta property=\"og:image:type\" content=\"image\/jpeg\" \/>\n<meta name=\"twitter:card\" content=\"summary_large_image\" \/>\n<meta name=\"twitter:label1\" content=\"Dur\u00e9e de lecture estim\u00e9e\" \/>\n\t<meta name=\"twitter:data1\" content=\"2 minutes\" \/>\n<script type=\"application\/ld+json\" class=\"yoast-schema-graph\">{\"@context\":\"https:\/\/schema.org\",\"@graph\":[{\"@type\":\"WebPage\",\"@id\":\"https:\/\/www.wesselton.net\/fr\/bague-avec-emeraude-et-diamants-de-wesselton-w-colors\/\",\"url\":\"https:\/\/www.wesselton.net\/fr\/bague-avec-emeraude-et-diamants-de-wesselton-w-colors\/\",\"name\":\"Bague avec \u00e9meraude et diamants de WESSELTON W Colors - Wesselton | Bijoux et Diamants\",\"isPartOf\":{\"@id\":\"https:\/\/www.wesselton.net\/#website\"},\"primaryImageOfPage\":{\"@id\":\"https:\/\/www.wesselton.net\/fr\/bague-avec-emeraude-et-diamants-de-wesselton-w-colors\/#primaryimage\"},\"image\":{\"@id\":\"https:\/\/www.wesselton.net\/fr\/bague-avec-emeraude-et-diamants-de-wesselton-w-colors\/#primaryimage\"},\"thumbnailUrl\":\"https:\/\/www.wesselton.net\/wp-content\/uploads\/100WROS-MRG-scaled.jpg\",\"datePublished\":\"2025-01-15T08:59:53+00:00\",\"dateModified\":\"2025-01-15T09:14:22+00:00\",\"description\":\"La bague avec \u00e9meraude et diamants de WESSELTON W Colors est un bijou \u00e9blouissant qui c\u00e9l\u00e8bre la sophistication. Elle est con\u00e7ue en or jaune et blanc\",\"breadcrumb\":{\"@id\":\"https:\/\/www.wesselton.net\/fr\/bague-avec-emeraude-et-diamants-de-wesselton-w-colors\/#breadcrumb\"},\"inLanguage\":\"fr-FR\",\"potentialAction\":[{\"@type\":\"ReadAction\",\"target\":[\"https:\/\/www.wesselton.net\/fr\/bague-avec-emeraude-et-diamants-de-wesselton-w-colors\/\"]}]},{\"@type\":\"ImageObject\",\"inLanguage\":\"fr-FR\",\"@id\":\"https:\/\/www.wesselton.net\/fr\/bague-avec-emeraude-et-diamants-de-wesselton-w-colors\/#primaryimage\",\"url\":\"https:\/\/www.wesselton.net\/wp-content\/uploads\/100WROS-MRG-scaled.jpg\",\"contentUrl\":\"https:\/\/www.wesselton.net\/wp-content\/uploads\/100WROS-MRG-scaled.jpg\",\"width\":2560,\"height\":2560,\"caption\":\"Anillo con Esmeralda y Diamantes\"},{\"@type\":\"BreadcrumbList\",\"@id\":\"https:\/\/www.wesselton.net\/fr\/bague-avec-emeraude-et-diamants-de-wesselton-w-colors\/#breadcrumb\",\"itemListElement\":[{\"@type\":\"ListItem\",\"position\":1,\"name\":\"Inici\",\"item\":\"https:\/\/www.wesselton.net\/fr\/\"},{\"@type\":\"ListItem\",\"position\":2,\"name\":\"Boutique\",\"item\":\"https:\/\/www.wesselton.net\/fr\/boutique\/\"},{\"@type\":\"ListItem\",\"position\":3,\"name\":\"Bague avec \u00e9meraude et diamants de WESSELTON W Colors\"}]},{\"@type\":\"WebSite\",\"@id\":\"https:\/\/www.wesselton.net\/#website\",\"url\":\"https:\/\/www.wesselton.net\/\",\"name\":\"Wesselton | Bijoux et Diamants\",\"description\":\"Diamants \u00fanics per moments \u00fanics. Peces d&#039;elaboraci\u00f3 pr\u00f2pia de m\u00e0xima qualitat, cuidades fins a l&#039;\u00faltim detall, i les millors marques de joieria.\",\"potentialAction\":[{\"@type\":\"SearchAction\",\"target\":{\"@type\":\"EntryPoint\",\"urlTemplate\":\"https:\/\/www.wesselton.net\/?s={search_term_string}\"},\"query-input\":{\"@type\":\"PropertyValueSpecification\",\"valueRequired\":true,\"valueName\":\"search_term_string\"}}],\"inLanguage\":\"fr-FR\"}]}<\/script>\n<!-- \/ Yoast SEO plugin. -->","yoast_head_json":{"title":"Bague avec \u00e9meraude et diamants de WESSELTON W Colors - Wesselton | Bijoux et Diamants","description":"La bague avec \u00e9meraude et diamants de WESSELTON W Colors est un bijou \u00e9blouissant qui c\u00e9l\u00e8bre la sophistication. Elle est con\u00e7ue en or jaune et blanc","robots":{"index":"index","follow":"follow","max-snippet":"max-snippet:-1","max-image-preview":"max-image-preview:large","max-video-preview":"max-video-preview:-1"},"canonical":"https:\/\/www.wesselton.net\/fr\/bague-avec-emeraude-et-diamants-de-wesselton-w-colors\/","og_locale":"fr_FR","og_type":"article","og_title":"Bague avec \u00e9meraude et diamants de WESSELTON W Colors - Wesselton | Bijoux et Diamants","og_description":"La bague avec \u00e9meraude et diamants de WESSELTON W Colors est un bijou \u00e9blouissant qui c\u00e9l\u00e8bre la sophistication. Elle est con\u00e7ue en or jaune et blanc","og_url":"https:\/\/www.wesselton.net\/fr\/bague-avec-emeraude-et-diamants-de-wesselton-w-colors\/","og_site_name":"Wesselton | Bijoux et Diamants","article_publisher":"https:\/\/www.facebook.com\/wesselton.oficial\/","article_modified_time":"2025-01-15T09:14:22+00:00","og_image":[{"width":2560,"height":2560,"url":"https:\/\/www.wesselton.net\/wp-content\/uploads\/100WROS-MRG-scaled.jpg","type":"image\/jpeg"}],"twitter_card":"summary_large_image","twitter_misc":{"Dur\u00e9e de lecture estim\u00e9e":"2 minutes"},"schema":{"@context":"https:\/\/schema.org","@graph":[{"@type":"WebPage","@id":"https:\/\/www.wesselton.net\/fr\/bague-avec-emeraude-et-diamants-de-wesselton-w-colors\/","url":"https:\/\/www.wesselton.net\/fr\/bague-avec-emeraude-et-diamants-de-wesselton-w-colors\/","name":"Bague avec \u00e9meraude et diamants de WESSELTON W Colors - Wesselton | Bijoux et Diamants","isPartOf":{"@id":"https:\/\/www.wesselton.net\/#website"},"primaryImageOfPage":{"@id":"https:\/\/www.wesselton.net\/fr\/bague-avec-emeraude-et-diamants-de-wesselton-w-colors\/#primaryimage"},"image":{"@id":"https:\/\/www.wesselton.net\/fr\/bague-avec-emeraude-et-diamants-de-wesselton-w-colors\/#primaryimage"},"thumbnailUrl":"https:\/\/www.wesselton.net\/wp-content\/uploads\/100WROS-MRG-scaled.jpg","datePublished":"2025-01-15T08:59:53+00:00","dateModified":"2025-01-15T09:14:22+00:00","description":"La bague avec \u00e9meraude et diamants de WESSELTON W Colors est un bijou \u00e9blouissant qui c\u00e9l\u00e8bre la sophistication. Elle est con\u00e7ue en or jaune et blanc","breadcrumb":{"@id":"https:\/\/www.wesselton.net\/fr\/bague-avec-emeraude-et-diamants-de-wesselton-w-colors\/#breadcrumb"},"inLanguage":"fr-FR","potentialAction":[{"@type":"ReadAction","target":["https:\/\/www.wesselton.net\/fr\/bague-avec-emeraude-et-diamants-de-wesselton-w-colors\/"]}]},{"@type":"ImageObject","inLanguage":"fr-FR","@id":"https:\/\/www.wesselton.net\/fr\/bague-avec-emeraude-et-diamants-de-wesselton-w-colors\/#primaryimage","url":"https:\/\/www.wesselton.net\/wp-content\/uploads\/100WROS-MRG-scaled.jpg","contentUrl":"https:\/\/www.wesselton.net\/wp-content\/uploads\/100WROS-MRG-scaled.jpg","width":2560,"height":2560,"caption":"Anillo con Esmeralda y Diamantes"},{"@type":"BreadcrumbList","@id":"https:\/\/www.wesselton.net\/fr\/bague-avec-emeraude-et-diamants-de-wesselton-w-colors\/#breadcrumb","itemListElement":[{"@type":"ListItem","position":1,"name":"Inici","item":"https:\/\/www.wesselton.net\/fr\/"},{"@type":"ListItem","position":2,"name":"Boutique","item":"https:\/\/www.wesselton.net\/fr\/boutique\/"},{"@type":"ListItem","position":3,"name":"Bague avec \u00e9meraude et diamants de WESSELTON W Colors"}]},{"@type":"WebSite","@id":"https:\/\/www.wesselton.net\/#website","url":"https:\/\/www.wesselton.net\/","name":"Wesselton | Bijoux et Diamants","description":"Diamants \u00fanics per moments \u00fanics. Peces d&#039;elaboraci\u00f3 pr\u00f2pia de m\u00e0xima qualitat, cuidades fins a l&#039;\u00faltim detall, i les millors marques de joieria.","potentialAction":[{"@type":"SearchAction","target":{"@type":"EntryPoint","urlTemplate":"https:\/\/www.wesselton.net\/?s={search_term_string}"},"query-input":{"@type":"PropertyValueSpecification","valueRequired":true,"valueName":"search_term_string"}}],"inLanguage":"fr-FR"}]}},"_links":{"self":[{"href":"https:\/\/www.wesselton.net\/fr\/wp-json\/wp\/v2\/product\/30775","targetHints":{"allow":["GET"]}}],"collection":[{"href":"https:\/\/www.wesselton.net\/fr\/wp-json\/wp\/v2\/product"}],"about":[{"href":"https:\/\/www.wesselton.net\/fr\/wp-json\/wp\/v2\/types\/product"}],"replies":[{"embeddable":true,"href":"https:\/\/www.wesselton.net\/fr\/wp-json\/wp\/v2\/comments?post=30775"}],"wp:featuredmedia":[{"embeddable":true,"href":"https:\/\/www.wesselton.net\/fr\/wp-json\/wp\/v2\/media\/30785"}],"wp:attachment":[{"href":"https:\/\/www.wesselton.net\/fr\/wp-json\/wp\/v2\/media?parent=30775"}],"wp:term":[{"taxonomy":"product_brand","embeddable":true,"href":"https:\/\/www.wesselton.net\/fr\/wp-json\/wp\/v2\/product_brand?post=30775"},{"taxonomy":"product_cat","embeddable":true,"href":"https:\/\/www.wesselton.net\/fr\/wp-json\/wp\/v2\/product_cat?post=30775"},{"taxonomy":"product_tag","embeddable":true,"href":"https:\/\/www.wesselton.net\/fr\/wp-json\/wp\/v2\/product_tag?post=30775"}],"curies":[{"name":"wp","href":"https:\/\/api.w.org\/{rel}","templated":true}]}}