

{"id":31794,"date":"2025-05-30T11:07:15","date_gmt":"2025-05-30T09:07:15","guid":{"rendered":"https:\/\/www.wesselton.net\/reloj-jazzmaster-open-heart-lady-auto\/"},"modified":"2025-05-30T11:12:18","modified_gmt":"2025-05-30T09:12:18","slug":"montre-jazzmaster-open-heart-lady-auto","status":"publish","type":"product","link":"https:\/\/www.wesselton.net\/fr\/montre-jazzmaster-open-heart-lady-auto\/","title":{"rendered":"Montre Jazzmaster Open Heart Lady Auto"},"content":{"rendered":"<p>La montre <strong>Jazzmaster Open Heart Lady Auto<\/strong> <a href=\"https:\/\/www.wesselton.net\/fr\/marques\/hamilton\/\">Hamilton<\/a> allie avec brio technique horlog\u00e8re, f\u00e9minit\u00e9 et design contemporain. Con\u00e7ue pour les femmes qui appr\u00e9cient l&rsquo;esth\u00e9tique et la pr\u00e9cision. Ce mod\u00e8le captive le regard avec son cadran bleu nuit, ponctu\u00e9 d&rsquo;\u00e9clats scintillants \u00e9voquant un ciel \u00e9toil\u00e9. \u00c0 travers ses ouvertures soigneusement positionn\u00e9es, elle r\u00e9v\u00e8le l&rsquo;\u00e2me de son mouvement automatique H-10, un m\u00e9canisme de fabrication suisse qui bat avec pr\u00e9cision, \u00e9l\u00e9gance et fiabilit\u00e9.<\/p>\n<p>Cette montre est non seulement belle, mais aussi hautement fonctionnelle. \u00c9quip\u00e9e du ressort r\u00e9gulateur innovant Nivachron&#x2122;, elle offre une r\u00e9sistance remarquable aux champs magn\u00e9tiques, garantissant des performances constantes m\u00eame en milieu urbain. De plus, son impressionnante r\u00e9serve de marche allant jusqu&rsquo;\u00e0 80 heures offre tranquillit\u00e9 d&rsquo;esprit et autonomie, id\u00e9ale pour vous accompagner dans un style de vie actif.<\/p>\n<p>Le bracelet en acier inoxydable, aux lignes \u00e9pur\u00e9es et aux finitions polies, apporte une touche raffin\u00e9e et polyvalente. Ainsi, la Jazzmaster Open Heart Lady Auto s&rsquo;adapte \u00e0 toutes les occasions, d&rsquo;une journ\u00e9e au bureau \u00e0 une soir\u00e9e sp\u00e9ciale, toujours avec une \u00e9l\u00e9gance intemporelle.<\/p>\n<p>Chez WESSELTON, nous vous invitons \u00e0 d\u00e9couvrir ce joyau horloger qui rend hommage \u00e0 la tradition m\u00e9canique suisse, sans sacrifier une esth\u00e9tique f\u00e9minine et moderne. La <strong>montre Jazzmaster Open Heart Lady Auto<\/strong> est plus qu&rsquo;un accessoire\u00a0: c&rsquo;est l&rsquo;expression m\u00eame du style, de la pr\u00e9cision et du raffinement personnel.<\/p>\n","protected":false},"excerpt":{"rendered":"<p>La montre <strong>Jazzmaster Open Heart Lady Auto<\/strong> <a href=\"https:\/\/www.wesselton.net\/fr\/marques\/hamilton\/\">Hamilton<\/a> allie avec brio technique horlog\u00e8re, f\u00e9minit\u00e9 et design contemporain.<\/p>\n","protected":false},"featured_media":31737,"comment_status":"closed","ping_status":"closed","template":"","meta":[],"product_brand":[],"product_cat":[2433,2407,654],"product_tag":[],"class_list":{"0":"post-31794","1":"product","2":"type-product","3":"status-publish","4":"has-post-thumbnail","6":"product_cat-automatiques","7":"product_cat-femme","8":"product_cat-montres","9":"yith_product_brand-hamilton","11":"first","12":"instock","13":"sold-individually","14":"shipping-taxable","15":"purchasable","16":"product-type-simple"},"acf":[],"yoast_head":"<!-- This site is optimized with the Yoast SEO plugin v27.3 - https:\/\/yoast.com\/product\/yoast-seo-wordpress\/ -->\n<title>Montre Jazzmaster Open Heart Lady Auto - Wesselton | Bijoux et Diamants<\/title>\n<meta name=\"description\" content=\"La montre Jazzmaster Open Heart Lady Auto Hamilton allie avec brio technique horlog\u00e8re, f\u00e9minit\u00e9 et design contemporain.\" \/>\n<meta name=\"robots\" content=\"index, follow, max-snippet:-1, max-image-preview:large, max-video-preview:-1\" \/>\n<link rel=\"canonical\" href=\"https:\/\/www.wesselton.net\/fr\/montre-jazzmaster-open-heart-lady-auto\/\" \/>\n<meta property=\"og:locale\" content=\"fr_FR\" \/>\n<meta property=\"og:type\" content=\"article\" \/>\n<meta property=\"og:title\" content=\"Montre Jazzmaster Open Heart Lady Auto - Wesselton | Bijoux et Diamants\" \/>\n<meta property=\"og:description\" content=\"La montre Jazzmaster Open Heart Lady Auto Hamilton allie avec brio technique horlog\u00e8re, f\u00e9minit\u00e9 et design contemporain.\" \/>\n<meta property=\"og:url\" content=\"https:\/\/www.wesselton.net\/fr\/montre-jazzmaster-open-heart-lady-auto\/\" \/>\n<meta property=\"og:site_name\" content=\"Wesselton | Bijoux et Diamants\" \/>\n<meta property=\"article:publisher\" content=\"https:\/\/www.facebook.com\/wesselton.oficial\/\" \/>\n<meta property=\"article:modified_time\" content=\"2025-05-30T09:12:18+00:00\" \/>\n<meta property=\"og:image\" content=\"https:\/\/www.wesselton.net\/wp-content\/uploads\/H32215142.png\" \/>\n\t<meta property=\"og:image:width\" content=\"680\" \/>\n\t<meta property=\"og:image:height\" content=\"920\" \/>\n\t<meta property=\"og:image:type\" content=\"image\/png\" \/>\n<meta name=\"twitter:card\" content=\"summary_large_image\" \/>\n<meta name=\"twitter:label1\" content=\"Dur\u00e9e de lecture estim\u00e9e\" \/>\n\t<meta name=\"twitter:data1\" content=\"2 minutes\" \/>\n<script type=\"application\/ld+json\" class=\"yoast-schema-graph\">{\"@context\":\"https:\\\/\\\/schema.org\",\"@graph\":[{\"@type\":\"WebPage\",\"@id\":\"https:\\\/\\\/www.wesselton.net\\\/fr\\\/montre-jazzmaster-open-heart-lady-auto\\\/\",\"url\":\"https:\\\/\\\/www.wesselton.net\\\/fr\\\/montre-jazzmaster-open-heart-lady-auto\\\/\",\"name\":\"Montre Jazzmaster Open Heart Lady Auto - Wesselton | Bijoux et Diamants\",\"isPartOf\":{\"@id\":\"https:\\\/\\\/www.wesselton.net\\\/#website\"},\"primaryImageOfPage\":{\"@id\":\"https:\\\/\\\/www.wesselton.net\\\/fr\\\/montre-jazzmaster-open-heart-lady-auto\\\/#primaryimage\"},\"image\":{\"@id\":\"https:\\\/\\\/www.wesselton.net\\\/fr\\\/montre-jazzmaster-open-heart-lady-auto\\\/#primaryimage\"},\"thumbnailUrl\":\"https:\\\/\\\/www.wesselton.net\\\/wp-content\\\/uploads\\\/H32215142.png\",\"datePublished\":\"2025-05-30T09:07:15+00:00\",\"dateModified\":\"2025-05-30T09:12:18+00:00\",\"description\":\"La montre Jazzmaster Open Heart Lady Auto Hamilton allie avec brio technique horlog\u00e8re, f\u00e9minit\u00e9 et design contemporain.\",\"breadcrumb\":{\"@id\":\"https:\\\/\\\/www.wesselton.net\\\/fr\\\/montre-jazzmaster-open-heart-lady-auto\\\/#breadcrumb\"},\"inLanguage\":\"fr-FR\",\"potentialAction\":[{\"@type\":\"ReadAction\",\"target\":[\"https:\\\/\\\/www.wesselton.net\\\/fr\\\/montre-jazzmaster-open-heart-lady-auto\\\/\"]}]},{\"@type\":\"ImageObject\",\"inLanguage\":\"fr-FR\",\"@id\":\"https:\\\/\\\/www.wesselton.net\\\/fr\\\/montre-jazzmaster-open-heart-lady-auto\\\/#primaryimage\",\"url\":\"https:\\\/\\\/www.wesselton.net\\\/wp-content\\\/uploads\\\/H32215142.png\",\"contentUrl\":\"https:\\\/\\\/www.wesselton.net\\\/wp-content\\\/uploads\\\/H32215142.png\",\"width\":680,\"height\":920,\"caption\":\"Jazzmaster Open Heart Lady Auto\"},{\"@type\":\"BreadcrumbList\",\"@id\":\"https:\\\/\\\/www.wesselton.net\\\/fr\\\/montre-jazzmaster-open-heart-lady-auto\\\/#breadcrumb\",\"itemListElement\":[{\"@type\":\"ListItem\",\"position\":1,\"name\":\"Inici\",\"item\":\"https:\\\/\\\/www.wesselton.net\\\/fr\\\/\"},{\"@type\":\"ListItem\",\"position\":2,\"name\":\"Boutique\",\"item\":\"https:\\\/\\\/www.wesselton.net\\\/fr\\\/boutique\\\/\"},{\"@type\":\"ListItem\",\"position\":3,\"name\":\"Montre Jazzmaster Open Heart Lady Auto\"}]},{\"@type\":\"WebSite\",\"@id\":\"https:\\\/\\\/www.wesselton.net\\\/#website\",\"url\":\"https:\\\/\\\/www.wesselton.net\\\/\",\"name\":\"Wesselton | Bijoux et Diamants\",\"description\":\"Diamants \u00fanics per moments \u00fanics. Peces d&#039;elaboraci\u00f3 pr\u00f2pia de m\u00e0xima qualitat, cuidades fins a l&#039;\u00faltim detall, i les millors marques de joieria.\",\"potentialAction\":[{\"@type\":\"SearchAction\",\"target\":{\"@type\":\"EntryPoint\",\"urlTemplate\":\"https:\\\/\\\/www.wesselton.net\\\/?s={search_term_string}\"},\"query-input\":{\"@type\":\"PropertyValueSpecification\",\"valueRequired\":true,\"valueName\":\"search_term_string\"}}],\"inLanguage\":\"fr-FR\"}]}<\/script>\n<!-- \/ Yoast SEO plugin. -->","yoast_head_json":{"title":"Montre Jazzmaster Open Heart Lady Auto - Wesselton | Bijoux et Diamants","description":"La montre Jazzmaster Open Heart Lady Auto Hamilton allie avec brio technique horlog\u00e8re, f\u00e9minit\u00e9 et design contemporain.","robots":{"index":"index","follow":"follow","max-snippet":"max-snippet:-1","max-image-preview":"max-image-preview:large","max-video-preview":"max-video-preview:-1"},"canonical":"https:\/\/www.wesselton.net\/fr\/montre-jazzmaster-open-heart-lady-auto\/","og_locale":"fr_FR","og_type":"article","og_title":"Montre Jazzmaster Open Heart Lady Auto - Wesselton | Bijoux et Diamants","og_description":"La montre Jazzmaster Open Heart Lady Auto Hamilton allie avec brio technique horlog\u00e8re, f\u00e9minit\u00e9 et design contemporain.","og_url":"https:\/\/www.wesselton.net\/fr\/montre-jazzmaster-open-heart-lady-auto\/","og_site_name":"Wesselton | Bijoux et Diamants","article_publisher":"https:\/\/www.facebook.com\/wesselton.oficial\/","article_modified_time":"2025-05-30T09:12:18+00:00","og_image":[{"width":680,"height":920,"url":"https:\/\/www.wesselton.net\/wp-content\/uploads\/H32215142.png","type":"image\/png"}],"twitter_card":"summary_large_image","twitter_misc":{"Dur\u00e9e de lecture estim\u00e9e":"2 minutes"},"schema":{"@context":"https:\/\/schema.org","@graph":[{"@type":"WebPage","@id":"https:\/\/www.wesselton.net\/fr\/montre-jazzmaster-open-heart-lady-auto\/","url":"https:\/\/www.wesselton.net\/fr\/montre-jazzmaster-open-heart-lady-auto\/","name":"Montre Jazzmaster Open Heart Lady Auto - Wesselton | Bijoux et Diamants","isPartOf":{"@id":"https:\/\/www.wesselton.net\/#website"},"primaryImageOfPage":{"@id":"https:\/\/www.wesselton.net\/fr\/montre-jazzmaster-open-heart-lady-auto\/#primaryimage"},"image":{"@id":"https:\/\/www.wesselton.net\/fr\/montre-jazzmaster-open-heart-lady-auto\/#primaryimage"},"thumbnailUrl":"https:\/\/www.wesselton.net\/wp-content\/uploads\/H32215142.png","datePublished":"2025-05-30T09:07:15+00:00","dateModified":"2025-05-30T09:12:18+00:00","description":"La montre Jazzmaster Open Heart Lady Auto Hamilton allie avec brio technique horlog\u00e8re, f\u00e9minit\u00e9 et design contemporain.","breadcrumb":{"@id":"https:\/\/www.wesselton.net\/fr\/montre-jazzmaster-open-heart-lady-auto\/#breadcrumb"},"inLanguage":"fr-FR","potentialAction":[{"@type":"ReadAction","target":["https:\/\/www.wesselton.net\/fr\/montre-jazzmaster-open-heart-lady-auto\/"]}]},{"@type":"ImageObject","inLanguage":"fr-FR","@id":"https:\/\/www.wesselton.net\/fr\/montre-jazzmaster-open-heart-lady-auto\/#primaryimage","url":"https:\/\/www.wesselton.net\/wp-content\/uploads\/H32215142.png","contentUrl":"https:\/\/www.wesselton.net\/wp-content\/uploads\/H32215142.png","width":680,"height":920,"caption":"Jazzmaster Open Heart Lady Auto"},{"@type":"BreadcrumbList","@id":"https:\/\/www.wesselton.net\/fr\/montre-jazzmaster-open-heart-lady-auto\/#breadcrumb","itemListElement":[{"@type":"ListItem","position":1,"name":"Inici","item":"https:\/\/www.wesselton.net\/fr\/"},{"@type":"ListItem","position":2,"name":"Boutique","item":"https:\/\/www.wesselton.net\/fr\/boutique\/"},{"@type":"ListItem","position":3,"name":"Montre Jazzmaster Open Heart Lady Auto"}]},{"@type":"WebSite","@id":"https:\/\/www.wesselton.net\/#website","url":"https:\/\/www.wesselton.net\/","name":"Wesselton | Bijoux et Diamants","description":"Diamants \u00fanics per moments \u00fanics. Peces d&#039;elaboraci\u00f3 pr\u00f2pia de m\u00e0xima qualitat, cuidades fins a l&#039;\u00faltim detall, i les millors marques de joieria.","potentialAction":[{"@type":"SearchAction","target":{"@type":"EntryPoint","urlTemplate":"https:\/\/www.wesselton.net\/?s={search_term_string}"},"query-input":{"@type":"PropertyValueSpecification","valueRequired":true,"valueName":"search_term_string"}}],"inLanguage":"fr-FR"}]}},"_links":{"self":[{"href":"https:\/\/www.wesselton.net\/fr\/wp-json\/wp\/v2\/product\/31794","targetHints":{"allow":["GET"]}}],"collection":[{"href":"https:\/\/www.wesselton.net\/fr\/wp-json\/wp\/v2\/product"}],"about":[{"href":"https:\/\/www.wesselton.net\/fr\/wp-json\/wp\/v2\/types\/product"}],"replies":[{"embeddable":true,"href":"https:\/\/www.wesselton.net\/fr\/wp-json\/wp\/v2\/comments?post=31794"}],"wp:featuredmedia":[{"embeddable":true,"href":"https:\/\/www.wesselton.net\/fr\/wp-json\/wp\/v2\/media\/31737"}],"wp:attachment":[{"href":"https:\/\/www.wesselton.net\/fr\/wp-json\/wp\/v2\/media?parent=31794"}],"wp:term":[{"taxonomy":"product_brand","embeddable":true,"href":"https:\/\/www.wesselton.net\/fr\/wp-json\/wp\/v2\/product_brand?post=31794"},{"taxonomy":"product_cat","embeddable":true,"href":"https:\/\/www.wesselton.net\/fr\/wp-json\/wp\/v2\/product_cat?post=31794"},{"taxonomy":"product_tag","embeddable":true,"href":"https:\/\/www.wesselton.net\/fr\/wp-json\/wp\/v2\/product_tag?post=31794"}],"curies":[{"name":"wp","href":"https:\/\/api.w.org\/{rel}","templated":true}]}}