

{"id":32287,"date":"2025-08-21T12:47:47","date_gmt":"2025-08-21T10:47:47","guid":{"rendered":"https:\/\/www.wesselton.net\/pulsera-dinh-van-le-cube-diamant-modelo-pequeno\/"},"modified":"2025-08-21T12:52:21","modified_gmt":"2025-08-21T10:52:21","slug":"pulsera-dinh-van-le-cube-diamant-modelo-pequeno","status":"publish","type":"product","link":"https:\/\/www.wesselton.net\/fr\/pulsera-dinh-van-le-cube-diamant-modelo-pequeno\/","title":{"rendered":"Bracelet Dinh Van Le Cube Diamant petit mod\u00e8le"},"content":{"rendered":"<p data-start=\"4897\" data-end=\"5276\">Le <strong data-start=\"4900\" data-end=\"4950\">Bracelet Dinh Van Le Cube Diamant petit mod\u00e8le<\/strong> en or rose et diamants est une pi\u00e8ce de haute joaillerie qui allie g\u00e9om\u00e9trie, modernit\u00e9 et sophistication dans chaque d\u00e9tail. Il fait partie de l\u2019iconique collection Le Cube Diamant de Dinh Van, reconnue pour jouer avec les concepts de plein et de vide, combinant le cercle et le carr\u00e9 dans un design harmonieux et \u00e9l\u00e9gant.<\/p>\n<p data-start=\"5278\" data-end=\"5596\">Sa taille petite en fait un bracelet discret et raffin\u00e9, id\u00e9al pour un usage quotidien. Sa l\u00e9g\u00e8ret\u00e9 et sa douceur apportent confort, tandis que ses courbes arrondies et sensuelles cr\u00e9ent une impression de mouvement et de dynamisme. Chaque d\u00e9tail refl\u00e8te la cr\u00e9ativit\u00e9 et l\u2019esprit innovant de la joaillerie fran\u00e7aise.<\/p>\n<p data-start=\"5598\" data-end=\"5970\">Le <strong data-start=\"5601\" data-end=\"5651\">Bracelet Dinh Van Le Cube Diamant petit mod\u00e8le<\/strong> est fabriqu\u00e9 en or rose 18 carats, respectant les plus hauts standards de qualit\u00e9. Ses diamants, s\u00e9lectionn\u00e9s pour leur puret\u00e9 et leur \u00e9clat, cr\u00e9ent un contraste \u00e9l\u00e9gant avec le m\u00e9tal et renforcent la sophistication de la pi\u00e8ce. Chaque pierre refl\u00e8te subtilement la lumi\u00e8re, illuminant le poignet \u00e0 chaque mouvement.<\/p>\n<p data-start=\"5972\" data-end=\"6387\">Sa polyvalence permet de le porter seul comme accessoire minimaliste ou de le combiner avec d\u2019autres pi\u00e8ces de la collection Le Cube Diamant. Il peut \u00e9galement s\u2019associer \u00e0 d\u2019autres bijoux minimalistes de WESSELTON, permettant de cr\u00e9er des ensembles uniques et personnels. Cela fait de ce bracelet un \u00e9l\u00e9ment indispensable pour ceux qui recherchent un \u00e9quilibre entre design contemporain et \u00e9l\u00e9gance intemporelle.<\/p>\n<p data-start=\"6633\" data-end=\"6907\">Disponible chez <a href=\"https:\/\/www.wesselton.net\/fr\/marques\/dinh-van-fr\/\">WESSELTON<\/a>, le <strong data-start=\"6663\" data-end=\"6713\">Bracelet Dinh Van Le Cube Diamant petit mod\u00e8le<\/strong> en or rose et diamants est bien plus qu\u2019un accessoire : c\u2019est une \u0153uvre d\u2019art qui refl\u00e8te pr\u00e9cision, cr\u00e9ativit\u00e9 et \u00e9l\u00e9gance, con\u00e7ue pour ceux qui appr\u00e9cient la haute joaillerie contemporaine.<\/p>\n","protected":false},"excerpt":{"rendered":"<p>Le <strong data-start=\"4900\" data-end=\"4950\">Bracelet Dinh Van Le Cube Diamant petit mod\u00e8le<\/strong> en or rose et diamants est une pi\u00e8ce de haute joaillerie qui allie g\u00e9om\u00e9trie, modernit\u00e9 et sophistication dans chaque d\u00e9tail.<\/p>\n","protected":false},"featured_media":32284,"comment_status":"closed","ping_status":"closed","template":"","meta":[],"product_brand":[],"product_cat":[2265,652,2718,2708],"product_tag":[],"class_list":{"0":"post-32287","1":"product","2":"type-product","3":"status-publish","4":"has-post-thumbnail","6":"product_cat-bijoux","7":"product_cat-bracelets","8":"product_cat-bracelets-diamants","9":"product_cat-bracelets-or-rose","10":"yith_product_brand-dinh-van-fr","12":"first","13":"instock","14":"sold-individually","15":"shipping-taxable","16":"purchasable","17":"product-type-simple"},"acf":[],"yoast_head":"<!-- This site is optimized with the Yoast SEO plugin v27.2 - https:\/\/yoast.com\/product\/yoast-seo-wordpress\/ -->\n<title>Bracelet Dinh Van Le Cube Diamant petit mod\u00e8le - Wesselton | Bijoux et Diamants<\/title>\n<meta name=\"description\" content=\"D\u00e9couvrez le Bracelet Dinh Van Le Cube Diamant petit mod\u00e8le en or rose et diamants, une pi\u00e8ce de joaillerie moderne, sophistiqu\u00e9e et \u00e9l\u00e9gante.\" \/>\n<meta name=\"robots\" content=\"index, follow, max-snippet:-1, max-image-preview:large, max-video-preview:-1\" \/>\n<link rel=\"canonical\" href=\"https:\/\/www.wesselton.net\/fr\/pulsera-dinh-van-le-cube-diamant-modelo-pequeno\/\" \/>\n<meta property=\"og:locale\" content=\"fr_FR\" \/>\n<meta property=\"og:type\" content=\"article\" \/>\n<meta property=\"og:title\" content=\"Bracelet Dinh Van Le Cube Diamant petit mod\u00e8le - Wesselton | Bijoux et Diamants\" \/>\n<meta property=\"og:description\" content=\"D\u00e9couvrez le Bracelet Dinh Van Le Cube Diamant petit mod\u00e8le en or rose et diamants, une pi\u00e8ce de joaillerie moderne, sophistiqu\u00e9e et \u00e9l\u00e9gante.\" \/>\n<meta property=\"og:url\" content=\"https:\/\/www.wesselton.net\/fr\/pulsera-dinh-van-le-cube-diamant-modelo-pequeno\/\" \/>\n<meta property=\"og:site_name\" content=\"Wesselton | Bijoux et Diamants\" \/>\n<meta property=\"article:publisher\" content=\"https:\/\/www.facebook.com\/wesselton.oficial\/\" \/>\n<meta property=\"article:modified_time\" content=\"2025-08-21T10:52:21+00:00\" \/>\n<meta property=\"og:image\" content=\"https:\/\/www.wesselton.net\/wp-content\/uploads\/308215.jpg\" \/>\n\t<meta property=\"og:image:width\" content=\"680\" \/>\n\t<meta property=\"og:image:height\" content=\"920\" \/>\n\t<meta property=\"og:image:type\" content=\"image\/jpeg\" \/>\n<meta name=\"twitter:card\" content=\"summary_large_image\" \/>\n<meta name=\"twitter:label1\" content=\"Dur\u00e9e de lecture estim\u00e9e\" \/>\n\t<meta name=\"twitter:data1\" content=\"2 minutes\" \/>\n<script type=\"application\/ld+json\" class=\"yoast-schema-graph\">{\"@context\":\"https:\/\/schema.org\",\"@graph\":[{\"@type\":\"WebPage\",\"@id\":\"https:\/\/www.wesselton.net\/fr\/pulsera-dinh-van-le-cube-diamant-modelo-pequeno\/\",\"url\":\"https:\/\/www.wesselton.net\/fr\/pulsera-dinh-van-le-cube-diamant-modelo-pequeno\/\",\"name\":\"Bracelet Dinh Van Le Cube Diamant petit mod\u00e8le - Wesselton | Bijoux et Diamants\",\"isPartOf\":{\"@id\":\"https:\/\/www.wesselton.net\/#website\"},\"primaryImageOfPage\":{\"@id\":\"https:\/\/www.wesselton.net\/fr\/pulsera-dinh-van-le-cube-diamant-modelo-pequeno\/#primaryimage\"},\"image\":{\"@id\":\"https:\/\/www.wesselton.net\/fr\/pulsera-dinh-van-le-cube-diamant-modelo-pequeno\/#primaryimage\"},\"thumbnailUrl\":\"https:\/\/www.wesselton.net\/wp-content\/uploads\/308215.jpg\",\"datePublished\":\"2025-08-21T10:47:47+00:00\",\"dateModified\":\"2025-08-21T10:52:21+00:00\",\"description\":\"D\u00e9couvrez le Bracelet Dinh Van Le Cube Diamant petit mod\u00e8le en or rose et diamants, une pi\u00e8ce de joaillerie moderne, sophistiqu\u00e9e et \u00e9l\u00e9gante.\",\"breadcrumb\":{\"@id\":\"https:\/\/www.wesselton.net\/fr\/pulsera-dinh-van-le-cube-diamant-modelo-pequeno\/#breadcrumb\"},\"inLanguage\":\"fr-FR\",\"potentialAction\":[{\"@type\":\"ReadAction\",\"target\":[\"https:\/\/www.wesselton.net\/fr\/pulsera-dinh-van-le-cube-diamant-modelo-pequeno\/\"]}]},{\"@type\":\"ImageObject\",\"inLanguage\":\"fr-FR\",\"@id\":\"https:\/\/www.wesselton.net\/fr\/pulsera-dinh-van-le-cube-diamant-modelo-pequeno\/#primaryimage\",\"url\":\"https:\/\/www.wesselton.net\/wp-content\/uploads\/308215.jpg\",\"contentUrl\":\"https:\/\/www.wesselton.net\/wp-content\/uploads\/308215.jpg\",\"width\":680,\"height\":920,\"caption\":\"Dinh Van Le Cube Diamant\"},{\"@type\":\"BreadcrumbList\",\"@id\":\"https:\/\/www.wesselton.net\/fr\/pulsera-dinh-van-le-cube-diamant-modelo-pequeno\/#breadcrumb\",\"itemListElement\":[{\"@type\":\"ListItem\",\"position\":1,\"name\":\"Inici\",\"item\":\"https:\/\/www.wesselton.net\/fr\/\"},{\"@type\":\"ListItem\",\"position\":2,\"name\":\"Boutique\",\"item\":\"https:\/\/www.wesselton.net\/fr\/boutique\/\"},{\"@type\":\"ListItem\",\"position\":3,\"name\":\"Bracelet Dinh Van Le Cube Diamant petit mod\u00e8le\"}]},{\"@type\":\"WebSite\",\"@id\":\"https:\/\/www.wesselton.net\/#website\",\"url\":\"https:\/\/www.wesselton.net\/\",\"name\":\"Wesselton | Bijoux et Diamants\",\"description\":\"Diamants \u00fanics per moments \u00fanics. Peces d&#039;elaboraci\u00f3 pr\u00f2pia de m\u00e0xima qualitat, cuidades fins a l&#039;\u00faltim detall, i les millors marques de joieria.\",\"potentialAction\":[{\"@type\":\"SearchAction\",\"target\":{\"@type\":\"EntryPoint\",\"urlTemplate\":\"https:\/\/www.wesselton.net\/?s={search_term_string}\"},\"query-input\":{\"@type\":\"PropertyValueSpecification\",\"valueRequired\":true,\"valueName\":\"search_term_string\"}}],\"inLanguage\":\"fr-FR\"}]}<\/script>\n<!-- \/ Yoast SEO plugin. -->","yoast_head_json":{"title":"Bracelet Dinh Van Le Cube Diamant petit mod\u00e8le - Wesselton | Bijoux et Diamants","description":"D\u00e9couvrez le Bracelet Dinh Van Le Cube Diamant petit mod\u00e8le en or rose et diamants, une pi\u00e8ce de joaillerie moderne, sophistiqu\u00e9e et \u00e9l\u00e9gante.","robots":{"index":"index","follow":"follow","max-snippet":"max-snippet:-1","max-image-preview":"max-image-preview:large","max-video-preview":"max-video-preview:-1"},"canonical":"https:\/\/www.wesselton.net\/fr\/pulsera-dinh-van-le-cube-diamant-modelo-pequeno\/","og_locale":"fr_FR","og_type":"article","og_title":"Bracelet Dinh Van Le Cube Diamant petit mod\u00e8le - Wesselton | Bijoux et Diamants","og_description":"D\u00e9couvrez le Bracelet Dinh Van Le Cube Diamant petit mod\u00e8le en or rose et diamants, une pi\u00e8ce de joaillerie moderne, sophistiqu\u00e9e et \u00e9l\u00e9gante.","og_url":"https:\/\/www.wesselton.net\/fr\/pulsera-dinh-van-le-cube-diamant-modelo-pequeno\/","og_site_name":"Wesselton | Bijoux et Diamants","article_publisher":"https:\/\/www.facebook.com\/wesselton.oficial\/","article_modified_time":"2025-08-21T10:52:21+00:00","og_image":[{"width":680,"height":920,"url":"https:\/\/www.wesselton.net\/wp-content\/uploads\/308215.jpg","type":"image\/jpeg"}],"twitter_card":"summary_large_image","twitter_misc":{"Dur\u00e9e de lecture estim\u00e9e":"2 minutes"},"schema":{"@context":"https:\/\/schema.org","@graph":[{"@type":"WebPage","@id":"https:\/\/www.wesselton.net\/fr\/pulsera-dinh-van-le-cube-diamant-modelo-pequeno\/","url":"https:\/\/www.wesselton.net\/fr\/pulsera-dinh-van-le-cube-diamant-modelo-pequeno\/","name":"Bracelet Dinh Van Le Cube Diamant petit mod\u00e8le - Wesselton | Bijoux et Diamants","isPartOf":{"@id":"https:\/\/www.wesselton.net\/#website"},"primaryImageOfPage":{"@id":"https:\/\/www.wesselton.net\/fr\/pulsera-dinh-van-le-cube-diamant-modelo-pequeno\/#primaryimage"},"image":{"@id":"https:\/\/www.wesselton.net\/fr\/pulsera-dinh-van-le-cube-diamant-modelo-pequeno\/#primaryimage"},"thumbnailUrl":"https:\/\/www.wesselton.net\/wp-content\/uploads\/308215.jpg","datePublished":"2025-08-21T10:47:47+00:00","dateModified":"2025-08-21T10:52:21+00:00","description":"D\u00e9couvrez le Bracelet Dinh Van Le Cube Diamant petit mod\u00e8le en or rose et diamants, une pi\u00e8ce de joaillerie moderne, sophistiqu\u00e9e et \u00e9l\u00e9gante.","breadcrumb":{"@id":"https:\/\/www.wesselton.net\/fr\/pulsera-dinh-van-le-cube-diamant-modelo-pequeno\/#breadcrumb"},"inLanguage":"fr-FR","potentialAction":[{"@type":"ReadAction","target":["https:\/\/www.wesselton.net\/fr\/pulsera-dinh-van-le-cube-diamant-modelo-pequeno\/"]}]},{"@type":"ImageObject","inLanguage":"fr-FR","@id":"https:\/\/www.wesselton.net\/fr\/pulsera-dinh-van-le-cube-diamant-modelo-pequeno\/#primaryimage","url":"https:\/\/www.wesselton.net\/wp-content\/uploads\/308215.jpg","contentUrl":"https:\/\/www.wesselton.net\/wp-content\/uploads\/308215.jpg","width":680,"height":920,"caption":"Dinh Van Le Cube Diamant"},{"@type":"BreadcrumbList","@id":"https:\/\/www.wesselton.net\/fr\/pulsera-dinh-van-le-cube-diamant-modelo-pequeno\/#breadcrumb","itemListElement":[{"@type":"ListItem","position":1,"name":"Inici","item":"https:\/\/www.wesselton.net\/fr\/"},{"@type":"ListItem","position":2,"name":"Boutique","item":"https:\/\/www.wesselton.net\/fr\/boutique\/"},{"@type":"ListItem","position":3,"name":"Bracelet Dinh Van Le Cube Diamant petit mod\u00e8le"}]},{"@type":"WebSite","@id":"https:\/\/www.wesselton.net\/#website","url":"https:\/\/www.wesselton.net\/","name":"Wesselton | Bijoux et Diamants","description":"Diamants \u00fanics per moments \u00fanics. Peces d&#039;elaboraci\u00f3 pr\u00f2pia de m\u00e0xima qualitat, cuidades fins a l&#039;\u00faltim detall, i les millors marques de joieria.","potentialAction":[{"@type":"SearchAction","target":{"@type":"EntryPoint","urlTemplate":"https:\/\/www.wesselton.net\/?s={search_term_string}"},"query-input":{"@type":"PropertyValueSpecification","valueRequired":true,"valueName":"search_term_string"}}],"inLanguage":"fr-FR"}]}},"_links":{"self":[{"href":"https:\/\/www.wesselton.net\/fr\/wp-json\/wp\/v2\/product\/32287","targetHints":{"allow":["GET"]}}],"collection":[{"href":"https:\/\/www.wesselton.net\/fr\/wp-json\/wp\/v2\/product"}],"about":[{"href":"https:\/\/www.wesselton.net\/fr\/wp-json\/wp\/v2\/types\/product"}],"replies":[{"embeddable":true,"href":"https:\/\/www.wesselton.net\/fr\/wp-json\/wp\/v2\/comments?post=32287"}],"wp:featuredmedia":[{"embeddable":true,"href":"https:\/\/www.wesselton.net\/fr\/wp-json\/wp\/v2\/media\/32284"}],"wp:attachment":[{"href":"https:\/\/www.wesselton.net\/fr\/wp-json\/wp\/v2\/media?parent=32287"}],"wp:term":[{"taxonomy":"product_brand","embeddable":true,"href":"https:\/\/www.wesselton.net\/fr\/wp-json\/wp\/v2\/product_brand?post=32287"},{"taxonomy":"product_cat","embeddable":true,"href":"https:\/\/www.wesselton.net\/fr\/wp-json\/wp\/v2\/product_cat?post=32287"},{"taxonomy":"product_tag","embeddable":true,"href":"https:\/\/www.wesselton.net\/fr\/wp-json\/wp\/v2\/product_tag?post=32287"}],"curies":[{"name":"wp","href":"https:\/\/api.w.org\/{rel}","templated":true}]}}