

{"id":32617,"date":"2025-10-14T11:06:19","date_gmt":"2025-10-14T09:06:19","guid":{"rendered":"https:\/\/www.wesselton.net\/bracelet-messika-baby-move-en-or-blanc\/"},"modified":"2025-10-16T12:07:32","modified_gmt":"2025-10-16T10:07:32","slug":"bracelet-messika-baby-move-en-or-blanc","status":"publish","type":"product","link":"https:\/\/www.wesselton.net\/fr\/bracelet-messika-baby-move-en-or-blanc\/","title":{"rendered":"Bracelet Messika Baby Move en or blanc"},"content":{"rendered":"<p>Le bracelet Messika Baby Move en or blanc est une pi\u00e8ce d\u00e9licate et sophistiqu\u00e9e, issue de l&#8217;embl\u00e9matique collection Move de la Maison Messika. Fabriqu\u00e9 \u00e0 la main en or blanc 18 carats, ce bracelet est orn\u00e9 de trois diamants mobiles de 0,08 ct chacun, qui scintillent au rythme de vos mouvements, apportant une touche de luminosit\u00e9 et d&rsquo;\u00e9l\u00e9gance \u00e0 chacun de vos gestes.<\/p>\n<p>Son design raffin\u00e9 et ses lignes minimalistes subliment particuli\u00e8rement les poignets fins et en font un compagnon id\u00e9al au quotidien. Son or blanc doux et discret en fait un choix id\u00e9al, m\u00eame pour les femmes qui ne portent pas habituellement de bijoux, car sa couleur s&rsquo;harmonise parfaitement avec toutes les tenues, apportant une subtile touche de luxe et de sophistication.<\/p>\n<p>Le symbolisme des trois diamants, symbole de l&rsquo;amour pass\u00e9, pr\u00e9sent et futur, conf\u00e8re \u00e0 ce bijou une signification particuli\u00e8re, le transformant en un pr\u00e9cieux talisman. Les diamants micro-sertis qui ornent la cha\u00eene en or blanc brillent de mille feux, sublimant la beaut\u00e9 de cette pi\u00e8ce intemporelle.<\/p>\n<p>Disponible chez WESSELTON, le bracelet Messika Baby Move en or blanc est un symbole d&rsquo;amour, d&rsquo;\u00e9l\u00e9gance et de perfection.<\/p>\n","protected":false},"excerpt":{"rendered":"<p>Le Bracelet Messika Baby Move Or Blanc est une pi\u00e8ce d\u00e9licate et sophistiqu\u00e9e qui fait partie de la collection embl\u00e9matique Move de la Maison Messika.<\/p>\n","protected":false},"featured_media":32614,"comment_status":"closed","ping_status":"closed","template":"","meta":[],"product_brand":[],"product_cat":[652,2700],"product_tag":[],"class_list":{"0":"post-32617","1":"product","2":"type-product","3":"status-publish","4":"has-post-thumbnail","6":"product_cat-bracelets","7":"product_cat-bracelets-or-blanc","8":"yith_product_brand-messika","10":"first","11":"instock","12":"sold-individually","13":"shipping-taxable","14":"purchasable","15":"product-type-simple"},"acf":[],"yoast_head":"<!-- This site is optimized with the Yoast SEO plugin v27.3 - https:\/\/yoast.com\/product\/yoast-seo-wordpress\/ -->\n<title>Bracelet Messika Baby Move en or blanc - Wesselton | Bijoux et Diamants<\/title>\n<meta name=\"description\" content=\"Le Bracelet Messika Baby Move Or Blanc est une pi\u00e8ce d\u00e9licate et sophistiqu\u00e9e qui fait partie de la collection embl\u00e9matique Move de la Maison Messika.\" \/>\n<meta name=\"robots\" content=\"index, follow, max-snippet:-1, max-image-preview:large, max-video-preview:-1\" \/>\n<link rel=\"canonical\" href=\"https:\/\/www.wesselton.net\/fr\/bracelet-messika-baby-move-en-or-blanc\/\" \/>\n<meta property=\"og:locale\" content=\"fr_FR\" \/>\n<meta property=\"og:type\" content=\"article\" \/>\n<meta property=\"og:title\" content=\"Bracelet Messika Baby Move en or blanc - Wesselton | Bijoux et Diamants\" \/>\n<meta property=\"og:description\" content=\"Le Bracelet Messika Baby Move Or Blanc est une pi\u00e8ce d\u00e9licate et sophistiqu\u00e9e qui fait partie de la collection embl\u00e9matique Move de la Maison Messika.\" \/>\n<meta property=\"og:url\" content=\"https:\/\/www.wesselton.net\/fr\/bracelet-messika-baby-move-en-or-blanc\/\" \/>\n<meta property=\"og:site_name\" content=\"Wesselton | Bijoux et Diamants\" \/>\n<meta property=\"article:publisher\" content=\"https:\/\/www.facebook.com\/wesselton.oficial\/\" \/>\n<meta property=\"article:modified_time\" content=\"2025-10-16T10:07:32+00:00\" \/>\n<meta property=\"og:image\" content=\"https:\/\/www.wesselton.net\/wp-content\/uploads\/messika_paris_-_bracelet_baby_move_vue_1_04324_w.webp\" \/>\n\t<meta property=\"og:image:width\" content=\"1200\" \/>\n\t<meta property=\"og:image:height\" content=\"1200\" \/>\n\t<meta property=\"og:image:type\" content=\"image\/webp\" \/>\n<meta name=\"twitter:card\" content=\"summary_large_image\" \/>\n<meta name=\"twitter:label1\" content=\"Dur\u00e9e de lecture estim\u00e9e\" \/>\n\t<meta name=\"twitter:data1\" content=\"2 minutes\" \/>\n<script type=\"application\/ld+json\" class=\"yoast-schema-graph\">{\"@context\":\"https:\\\/\\\/schema.org\",\"@graph\":[{\"@type\":\"WebPage\",\"@id\":\"https:\\\/\\\/www.wesselton.net\\\/fr\\\/bracelet-messika-baby-move-en-or-blanc\\\/\",\"url\":\"https:\\\/\\\/www.wesselton.net\\\/fr\\\/bracelet-messika-baby-move-en-or-blanc\\\/\",\"name\":\"Bracelet Messika Baby Move en or blanc - Wesselton | Bijoux et Diamants\",\"isPartOf\":{\"@id\":\"https:\\\/\\\/www.wesselton.net\\\/#website\"},\"primaryImageOfPage\":{\"@id\":\"https:\\\/\\\/www.wesselton.net\\\/fr\\\/bracelet-messika-baby-move-en-or-blanc\\\/#primaryimage\"},\"image\":{\"@id\":\"https:\\\/\\\/www.wesselton.net\\\/fr\\\/bracelet-messika-baby-move-en-or-blanc\\\/#primaryimage\"},\"thumbnailUrl\":\"https:\\\/\\\/www.wesselton.net\\\/wp-content\\\/uploads\\\/messika_paris_-_bracelet_baby_move_vue_1_04324_w.webp\",\"datePublished\":\"2025-10-14T09:06:19+00:00\",\"dateModified\":\"2025-10-16T10:07:32+00:00\",\"description\":\"Le Bracelet Messika Baby Move Or Blanc est une pi\u00e8ce d\u00e9licate et sophistiqu\u00e9e qui fait partie de la collection embl\u00e9matique Move de la Maison Messika.\",\"breadcrumb\":{\"@id\":\"https:\\\/\\\/www.wesselton.net\\\/fr\\\/bracelet-messika-baby-move-en-or-blanc\\\/#breadcrumb\"},\"inLanguage\":\"fr-FR\",\"potentialAction\":[{\"@type\":\"ReadAction\",\"target\":[\"https:\\\/\\\/www.wesselton.net\\\/fr\\\/bracelet-messika-baby-move-en-or-blanc\\\/\"]}]},{\"@type\":\"ImageObject\",\"inLanguage\":\"fr-FR\",\"@id\":\"https:\\\/\\\/www.wesselton.net\\\/fr\\\/bracelet-messika-baby-move-en-or-blanc\\\/#primaryimage\",\"url\":\"https:\\\/\\\/www.wesselton.net\\\/wp-content\\\/uploads\\\/messika_paris_-_bracelet_baby_move_vue_1_04324_w.webp\",\"contentUrl\":\"https:\\\/\\\/www.wesselton.net\\\/wp-content\\\/uploads\\\/messika_paris_-_bracelet_baby_move_vue_1_04324_w.webp\",\"width\":1200,\"height\":1200,\"caption\":\"Bracelet Messika Baby Move en or blanc\"},{\"@type\":\"BreadcrumbList\",\"@id\":\"https:\\\/\\\/www.wesselton.net\\\/fr\\\/bracelet-messika-baby-move-en-or-blanc\\\/#breadcrumb\",\"itemListElement\":[{\"@type\":\"ListItem\",\"position\":1,\"name\":\"Inici\",\"item\":\"https:\\\/\\\/www.wesselton.net\\\/fr\\\/\"},{\"@type\":\"ListItem\",\"position\":2,\"name\":\"Boutique\",\"item\":\"https:\\\/\\\/www.wesselton.net\\\/fr\\\/boutique\\\/\"},{\"@type\":\"ListItem\",\"position\":3,\"name\":\"Bracelet Messika Baby Move en or blanc\"}]},{\"@type\":\"WebSite\",\"@id\":\"https:\\\/\\\/www.wesselton.net\\\/#website\",\"url\":\"https:\\\/\\\/www.wesselton.net\\\/\",\"name\":\"Wesselton | Bijoux et Diamants\",\"description\":\"Diamants \u00fanics per moments \u00fanics. Peces d&#039;elaboraci\u00f3 pr\u00f2pia de m\u00e0xima qualitat, cuidades fins a l&#039;\u00faltim detall, i les millors marques de joieria.\",\"potentialAction\":[{\"@type\":\"SearchAction\",\"target\":{\"@type\":\"EntryPoint\",\"urlTemplate\":\"https:\\\/\\\/www.wesselton.net\\\/?s={search_term_string}\"},\"query-input\":{\"@type\":\"PropertyValueSpecification\",\"valueRequired\":true,\"valueName\":\"search_term_string\"}}],\"inLanguage\":\"fr-FR\"}]}<\/script>\n<!-- \/ Yoast SEO plugin. -->","yoast_head_json":{"title":"Bracelet Messika Baby Move en or blanc - Wesselton | Bijoux et Diamants","description":"Le Bracelet Messika Baby Move Or Blanc est une pi\u00e8ce d\u00e9licate et sophistiqu\u00e9e qui fait partie de la collection embl\u00e9matique Move de la Maison Messika.","robots":{"index":"index","follow":"follow","max-snippet":"max-snippet:-1","max-image-preview":"max-image-preview:large","max-video-preview":"max-video-preview:-1"},"canonical":"https:\/\/www.wesselton.net\/fr\/bracelet-messika-baby-move-en-or-blanc\/","og_locale":"fr_FR","og_type":"article","og_title":"Bracelet Messika Baby Move en or blanc - Wesselton | Bijoux et Diamants","og_description":"Le Bracelet Messika Baby Move Or Blanc est une pi\u00e8ce d\u00e9licate et sophistiqu\u00e9e qui fait partie de la collection embl\u00e9matique Move de la Maison Messika.","og_url":"https:\/\/www.wesselton.net\/fr\/bracelet-messika-baby-move-en-or-blanc\/","og_site_name":"Wesselton | Bijoux et Diamants","article_publisher":"https:\/\/www.facebook.com\/wesselton.oficial\/","article_modified_time":"2025-10-16T10:07:32+00:00","og_image":[{"width":1200,"height":1200,"url":"https:\/\/www.wesselton.net\/wp-content\/uploads\/messika_paris_-_bracelet_baby_move_vue_1_04324_w.webp","type":"image\/webp"}],"twitter_card":"summary_large_image","twitter_misc":{"Dur\u00e9e de lecture estim\u00e9e":"2 minutes"},"schema":{"@context":"https:\/\/schema.org","@graph":[{"@type":"WebPage","@id":"https:\/\/www.wesselton.net\/fr\/bracelet-messika-baby-move-en-or-blanc\/","url":"https:\/\/www.wesselton.net\/fr\/bracelet-messika-baby-move-en-or-blanc\/","name":"Bracelet Messika Baby Move en or blanc - Wesselton | Bijoux et Diamants","isPartOf":{"@id":"https:\/\/www.wesselton.net\/#website"},"primaryImageOfPage":{"@id":"https:\/\/www.wesselton.net\/fr\/bracelet-messika-baby-move-en-or-blanc\/#primaryimage"},"image":{"@id":"https:\/\/www.wesselton.net\/fr\/bracelet-messika-baby-move-en-or-blanc\/#primaryimage"},"thumbnailUrl":"https:\/\/www.wesselton.net\/wp-content\/uploads\/messika_paris_-_bracelet_baby_move_vue_1_04324_w.webp","datePublished":"2025-10-14T09:06:19+00:00","dateModified":"2025-10-16T10:07:32+00:00","description":"Le Bracelet Messika Baby Move Or Blanc est une pi\u00e8ce d\u00e9licate et sophistiqu\u00e9e qui fait partie de la collection embl\u00e9matique Move de la Maison Messika.","breadcrumb":{"@id":"https:\/\/www.wesselton.net\/fr\/bracelet-messika-baby-move-en-or-blanc\/#breadcrumb"},"inLanguage":"fr-FR","potentialAction":[{"@type":"ReadAction","target":["https:\/\/www.wesselton.net\/fr\/bracelet-messika-baby-move-en-or-blanc\/"]}]},{"@type":"ImageObject","inLanguage":"fr-FR","@id":"https:\/\/www.wesselton.net\/fr\/bracelet-messika-baby-move-en-or-blanc\/#primaryimage","url":"https:\/\/www.wesselton.net\/wp-content\/uploads\/messika_paris_-_bracelet_baby_move_vue_1_04324_w.webp","contentUrl":"https:\/\/www.wesselton.net\/wp-content\/uploads\/messika_paris_-_bracelet_baby_move_vue_1_04324_w.webp","width":1200,"height":1200,"caption":"Bracelet Messika Baby Move en or blanc"},{"@type":"BreadcrumbList","@id":"https:\/\/www.wesselton.net\/fr\/bracelet-messika-baby-move-en-or-blanc\/#breadcrumb","itemListElement":[{"@type":"ListItem","position":1,"name":"Inici","item":"https:\/\/www.wesselton.net\/fr\/"},{"@type":"ListItem","position":2,"name":"Boutique","item":"https:\/\/www.wesselton.net\/fr\/boutique\/"},{"@type":"ListItem","position":3,"name":"Bracelet Messika Baby Move en or blanc"}]},{"@type":"WebSite","@id":"https:\/\/www.wesselton.net\/#website","url":"https:\/\/www.wesselton.net\/","name":"Wesselton | Bijoux et Diamants","description":"Diamants \u00fanics per moments \u00fanics. Peces d&#039;elaboraci\u00f3 pr\u00f2pia de m\u00e0xima qualitat, cuidades fins a l&#039;\u00faltim detall, i les millors marques de joieria.","potentialAction":[{"@type":"SearchAction","target":{"@type":"EntryPoint","urlTemplate":"https:\/\/www.wesselton.net\/?s={search_term_string}"},"query-input":{"@type":"PropertyValueSpecification","valueRequired":true,"valueName":"search_term_string"}}],"inLanguage":"fr-FR"}]}},"_links":{"self":[{"href":"https:\/\/www.wesselton.net\/fr\/wp-json\/wp\/v2\/product\/32617","targetHints":{"allow":["GET"]}}],"collection":[{"href":"https:\/\/www.wesselton.net\/fr\/wp-json\/wp\/v2\/product"}],"about":[{"href":"https:\/\/www.wesselton.net\/fr\/wp-json\/wp\/v2\/types\/product"}],"replies":[{"embeddable":true,"href":"https:\/\/www.wesselton.net\/fr\/wp-json\/wp\/v2\/comments?post=32617"}],"wp:featuredmedia":[{"embeddable":true,"href":"https:\/\/www.wesselton.net\/fr\/wp-json\/wp\/v2\/media\/32614"}],"wp:attachment":[{"href":"https:\/\/www.wesselton.net\/fr\/wp-json\/wp\/v2\/media?parent=32617"}],"wp:term":[{"taxonomy":"product_brand","embeddable":true,"href":"https:\/\/www.wesselton.net\/fr\/wp-json\/wp\/v2\/product_brand?post=32617"},{"taxonomy":"product_cat","embeddable":true,"href":"https:\/\/www.wesselton.net\/fr\/wp-json\/wp\/v2\/product_cat?post=32617"},{"taxonomy":"product_tag","embeddable":true,"href":"https:\/\/www.wesselton.net\/fr\/wp-json\/wp\/v2\/product_tag?post=32617"}],"curies":[{"name":"wp","href":"https:\/\/api.w.org\/{rel}","templated":true}]}}