

{"id":32727,"date":"2025-10-16T12:19:20","date_gmt":"2025-10-16T10:19:20","guid":{"rendered":"https:\/\/www.wesselton.net\/bracelet-messika-move-en-titane-naturel\/"},"modified":"2025-10-16T12:29:10","modified_gmt":"2025-10-16T10:29:10","slug":"bracelet-messika-move-en-titane-naturel","status":"publish","type":"product","link":"https:\/\/www.wesselton.net\/fr\/bracelet-messika-move-en-titane-naturel\/","title":{"rendered":"Bracelet Messika Move en titane naturel"},"content":{"rendered":"<p>Le bracelet jonc Messika Move Titanium Natural est un bijou masculin raffin\u00e9 qui se distingue par son design raffin\u00e9 et ses lignes minimalistes. Issu de la collection Move Titanium, fleuron de la Maison Messika, ce bracelet est confectionn\u00e9 en titane de couleur naturelle, un mat\u00e9riau reconnu pour sa r\u00e9sistance et sa l\u00e9g\u00e8ret\u00e9, qui s&rsquo;associe parfaitement \u00e0 l&rsquo;\u00e9clat des diamants taille brillant qui l&rsquo;ornent.<\/p>\n<p>L&rsquo;alliance de la r\u00e9sistance du titane et de la puissance des diamants blancs cr\u00e9e un bijou masculin de caract\u00e8re, apportant une touche de sophistication moderne \u00e0 une esth\u00e9tique \u00e0 la fois puissante et raffin\u00e9e. Ce bijou magnifiquement magn\u00e9tique est parfait pour ceux qui recherchent un bijou qui non seulement sublime leur style, mais symbolise \u00e9galement force et \u00e9l\u00e9gance.<\/p>\n<p>Le bracelet jonc Messika Move Titanium Natural est id\u00e9al pour s&rsquo;offrir ou pour offrir \u00e0 un \u00eatre cher lors d&rsquo;occasions sp\u00e9ciales. Son design contemporain et masculin en fait une pi\u00e8ce unique, alliant luxe discret et sophistication jusque dans les moindres d\u00e9tails. Disponible en WESSELTON, ce bracelet est le choix id\u00e9al pour ceux qui recherchent un bijou intemporel avec une touche de modernit\u00e9.<\/p>\n","protected":false},"excerpt":{"rendered":"<p>Le bracelet Messika Move Titanium Natural est un bijou raffin\u00e9 pour homme qui se distingue par son design raffin\u00e9 et ses lignes minimalistes.<\/p>\n","protected":false},"featured_media":32719,"comment_status":"closed","ping_status":"closed","template":"","meta":[],"product_brand":[],"product_cat":[644,2275],"product_tag":[],"class_list":{"0":"post-32727","1":"product","2":"type-product","3":"status-publish","4":"has-post-thumbnail","6":"product_cat-bagues","7":"product_cat-avec-diamants","8":"yith_product_brand-messika","10":"first","11":"instock","12":"sold-individually","13":"shipping-taxable","14":"purchasable","15":"product-type-simple"},"acf":[],"yoast_head":"<!-- This site is optimized with the Yoast SEO plugin v27.3 - https:\/\/yoast.com\/product\/yoast-seo-wordpress\/ -->\n<title>Bracelet Messika Move en titane naturel - Wesselton | Bijoux et Diamants<\/title>\n<meta name=\"description\" content=\"Le bracelet Messika Move Titanium Natural est un bijou raffin\u00e9 pour homme qui se distingue par son design raffin\u00e9 et ses lignes minimalistes.\" \/>\n<meta name=\"robots\" content=\"index, follow, max-snippet:-1, max-image-preview:large, max-video-preview:-1\" \/>\n<link rel=\"canonical\" href=\"https:\/\/www.wesselton.net\/fr\/bracelet-messika-move-en-titane-naturel\/\" \/>\n<meta property=\"og:locale\" content=\"fr_FR\" \/>\n<meta property=\"og:type\" content=\"article\" \/>\n<meta property=\"og:title\" content=\"Bracelet Messika Move en titane naturel - Wesselton | Bijoux et Diamants\" \/>\n<meta property=\"og:description\" content=\"Le bracelet Messika Move Titanium Natural est un bijou raffin\u00e9 pour homme qui se distingue par son design raffin\u00e9 et ses lignes minimalistes.\" \/>\n<meta property=\"og:url\" content=\"https:\/\/www.wesselton.net\/fr\/bracelet-messika-move-en-titane-naturel\/\" \/>\n<meta property=\"og:site_name\" content=\"Wesselton | Bijoux et Diamants\" \/>\n<meta property=\"article:publisher\" content=\"https:\/\/www.facebook.com\/wesselton.oficial\/\" \/>\n<meta property=\"article:modified_time\" content=\"2025-10-16T10:29:10+00:00\" \/>\n<meta property=\"og:image\" content=\"https:\/\/www.wesselton.net\/wp-content\/uploads\/bracelet-bangle-diamant-blanc-titane-naturel-move-titanium-06549_1.webp\" \/>\n\t<meta property=\"og:image:width\" content=\"1200\" \/>\n\t<meta property=\"og:image:height\" content=\"1200\" \/>\n\t<meta property=\"og:image:type\" content=\"image\/webp\" \/>\n<meta name=\"twitter:card\" content=\"summary_large_image\" \/>\n<meta name=\"twitter:label1\" content=\"Dur\u00e9e de lecture estim\u00e9e\" \/>\n\t<meta name=\"twitter:data1\" content=\"2 minutes\" \/>\n<script type=\"application\/ld+json\" class=\"yoast-schema-graph\">{\"@context\":\"https:\\\/\\\/schema.org\",\"@graph\":[{\"@type\":\"WebPage\",\"@id\":\"https:\\\/\\\/www.wesselton.net\\\/fr\\\/bracelet-messika-move-en-titane-naturel\\\/\",\"url\":\"https:\\\/\\\/www.wesselton.net\\\/fr\\\/bracelet-messika-move-en-titane-naturel\\\/\",\"name\":\"Bracelet Messika Move en titane naturel - Wesselton | Bijoux et Diamants\",\"isPartOf\":{\"@id\":\"https:\\\/\\\/www.wesselton.net\\\/#website\"},\"primaryImageOfPage\":{\"@id\":\"https:\\\/\\\/www.wesselton.net\\\/fr\\\/bracelet-messika-move-en-titane-naturel\\\/#primaryimage\"},\"image\":{\"@id\":\"https:\\\/\\\/www.wesselton.net\\\/fr\\\/bracelet-messika-move-en-titane-naturel\\\/#primaryimage\"},\"thumbnailUrl\":\"https:\\\/\\\/www.wesselton.net\\\/wp-content\\\/uploads\\\/bracelet-bangle-diamant-blanc-titane-naturel-move-titanium-06549_1.webp\",\"datePublished\":\"2025-10-16T10:19:20+00:00\",\"dateModified\":\"2025-10-16T10:29:10+00:00\",\"description\":\"Le bracelet Messika Move Titanium Natural est un bijou raffin\u00e9 pour homme qui se distingue par son design raffin\u00e9 et ses lignes minimalistes.\",\"breadcrumb\":{\"@id\":\"https:\\\/\\\/www.wesselton.net\\\/fr\\\/bracelet-messika-move-en-titane-naturel\\\/#breadcrumb\"},\"inLanguage\":\"fr-FR\",\"potentialAction\":[{\"@type\":\"ReadAction\",\"target\":[\"https:\\\/\\\/www.wesselton.net\\\/fr\\\/bracelet-messika-move-en-titane-naturel\\\/\"]}]},{\"@type\":\"ImageObject\",\"inLanguage\":\"fr-FR\",\"@id\":\"https:\\\/\\\/www.wesselton.net\\\/fr\\\/bracelet-messika-move-en-titane-naturel\\\/#primaryimage\",\"url\":\"https:\\\/\\\/www.wesselton.net\\\/wp-content\\\/uploads\\\/bracelet-bangle-diamant-blanc-titane-naturel-move-titanium-06549_1.webp\",\"contentUrl\":\"https:\\\/\\\/www.wesselton.net\\\/wp-content\\\/uploads\\\/bracelet-bangle-diamant-blanc-titane-naturel-move-titanium-06549_1.webp\",\"width\":1200,\"height\":1200,\"caption\":\"Esclava Messika Move\"},{\"@type\":\"BreadcrumbList\",\"@id\":\"https:\\\/\\\/www.wesselton.net\\\/fr\\\/bracelet-messika-move-en-titane-naturel\\\/#breadcrumb\",\"itemListElement\":[{\"@type\":\"ListItem\",\"position\":1,\"name\":\"Inici\",\"item\":\"https:\\\/\\\/www.wesselton.net\\\/fr\\\/\"},{\"@type\":\"ListItem\",\"position\":2,\"name\":\"Boutique\",\"item\":\"https:\\\/\\\/www.wesselton.net\\\/fr\\\/boutique\\\/\"},{\"@type\":\"ListItem\",\"position\":3,\"name\":\"Bracelet Messika Move en titane naturel\"}]},{\"@type\":\"WebSite\",\"@id\":\"https:\\\/\\\/www.wesselton.net\\\/#website\",\"url\":\"https:\\\/\\\/www.wesselton.net\\\/\",\"name\":\"Wesselton | Bijoux et Diamants\",\"description\":\"Diamants \u00fanics per moments \u00fanics. Peces d&#039;elaboraci\u00f3 pr\u00f2pia de m\u00e0xima qualitat, cuidades fins a l&#039;\u00faltim detall, i les millors marques de joieria.\",\"potentialAction\":[{\"@type\":\"SearchAction\",\"target\":{\"@type\":\"EntryPoint\",\"urlTemplate\":\"https:\\\/\\\/www.wesselton.net\\\/?s={search_term_string}\"},\"query-input\":{\"@type\":\"PropertyValueSpecification\",\"valueRequired\":true,\"valueName\":\"search_term_string\"}}],\"inLanguage\":\"fr-FR\"}]}<\/script>\n<!-- \/ Yoast SEO plugin. -->","yoast_head_json":{"title":"Bracelet Messika Move en titane naturel - Wesselton | Bijoux et Diamants","description":"Le bracelet Messika Move Titanium Natural est un bijou raffin\u00e9 pour homme qui se distingue par son design raffin\u00e9 et ses lignes minimalistes.","robots":{"index":"index","follow":"follow","max-snippet":"max-snippet:-1","max-image-preview":"max-image-preview:large","max-video-preview":"max-video-preview:-1"},"canonical":"https:\/\/www.wesselton.net\/fr\/bracelet-messika-move-en-titane-naturel\/","og_locale":"fr_FR","og_type":"article","og_title":"Bracelet Messika Move en titane naturel - Wesselton | Bijoux et Diamants","og_description":"Le bracelet Messika Move Titanium Natural est un bijou raffin\u00e9 pour homme qui se distingue par son design raffin\u00e9 et ses lignes minimalistes.","og_url":"https:\/\/www.wesselton.net\/fr\/bracelet-messika-move-en-titane-naturel\/","og_site_name":"Wesselton | Bijoux et Diamants","article_publisher":"https:\/\/www.facebook.com\/wesselton.oficial\/","article_modified_time":"2025-10-16T10:29:10+00:00","og_image":[{"width":1200,"height":1200,"url":"https:\/\/www.wesselton.net\/wp-content\/uploads\/bracelet-bangle-diamant-blanc-titane-naturel-move-titanium-06549_1.webp","type":"image\/webp"}],"twitter_card":"summary_large_image","twitter_misc":{"Dur\u00e9e de lecture estim\u00e9e":"2 minutes"},"schema":{"@context":"https:\/\/schema.org","@graph":[{"@type":"WebPage","@id":"https:\/\/www.wesselton.net\/fr\/bracelet-messika-move-en-titane-naturel\/","url":"https:\/\/www.wesselton.net\/fr\/bracelet-messika-move-en-titane-naturel\/","name":"Bracelet Messika Move en titane naturel - Wesselton | Bijoux et Diamants","isPartOf":{"@id":"https:\/\/www.wesselton.net\/#website"},"primaryImageOfPage":{"@id":"https:\/\/www.wesselton.net\/fr\/bracelet-messika-move-en-titane-naturel\/#primaryimage"},"image":{"@id":"https:\/\/www.wesselton.net\/fr\/bracelet-messika-move-en-titane-naturel\/#primaryimage"},"thumbnailUrl":"https:\/\/www.wesselton.net\/wp-content\/uploads\/bracelet-bangle-diamant-blanc-titane-naturel-move-titanium-06549_1.webp","datePublished":"2025-10-16T10:19:20+00:00","dateModified":"2025-10-16T10:29:10+00:00","description":"Le bracelet Messika Move Titanium Natural est un bijou raffin\u00e9 pour homme qui se distingue par son design raffin\u00e9 et ses lignes minimalistes.","breadcrumb":{"@id":"https:\/\/www.wesselton.net\/fr\/bracelet-messika-move-en-titane-naturel\/#breadcrumb"},"inLanguage":"fr-FR","potentialAction":[{"@type":"ReadAction","target":["https:\/\/www.wesselton.net\/fr\/bracelet-messika-move-en-titane-naturel\/"]}]},{"@type":"ImageObject","inLanguage":"fr-FR","@id":"https:\/\/www.wesselton.net\/fr\/bracelet-messika-move-en-titane-naturel\/#primaryimage","url":"https:\/\/www.wesselton.net\/wp-content\/uploads\/bracelet-bangle-diamant-blanc-titane-naturel-move-titanium-06549_1.webp","contentUrl":"https:\/\/www.wesselton.net\/wp-content\/uploads\/bracelet-bangle-diamant-blanc-titane-naturel-move-titanium-06549_1.webp","width":1200,"height":1200,"caption":"Esclava Messika Move"},{"@type":"BreadcrumbList","@id":"https:\/\/www.wesselton.net\/fr\/bracelet-messika-move-en-titane-naturel\/#breadcrumb","itemListElement":[{"@type":"ListItem","position":1,"name":"Inici","item":"https:\/\/www.wesselton.net\/fr\/"},{"@type":"ListItem","position":2,"name":"Boutique","item":"https:\/\/www.wesselton.net\/fr\/boutique\/"},{"@type":"ListItem","position":3,"name":"Bracelet Messika Move en titane naturel"}]},{"@type":"WebSite","@id":"https:\/\/www.wesselton.net\/#website","url":"https:\/\/www.wesselton.net\/","name":"Wesselton | Bijoux et Diamants","description":"Diamants \u00fanics per moments \u00fanics. Peces d&#039;elaboraci\u00f3 pr\u00f2pia de m\u00e0xima qualitat, cuidades fins a l&#039;\u00faltim detall, i les millors marques de joieria.","potentialAction":[{"@type":"SearchAction","target":{"@type":"EntryPoint","urlTemplate":"https:\/\/www.wesselton.net\/?s={search_term_string}"},"query-input":{"@type":"PropertyValueSpecification","valueRequired":true,"valueName":"search_term_string"}}],"inLanguage":"fr-FR"}]}},"_links":{"self":[{"href":"https:\/\/www.wesselton.net\/fr\/wp-json\/wp\/v2\/product\/32727","targetHints":{"allow":["GET"]}}],"collection":[{"href":"https:\/\/www.wesselton.net\/fr\/wp-json\/wp\/v2\/product"}],"about":[{"href":"https:\/\/www.wesselton.net\/fr\/wp-json\/wp\/v2\/types\/product"}],"replies":[{"embeddable":true,"href":"https:\/\/www.wesselton.net\/fr\/wp-json\/wp\/v2\/comments?post=32727"}],"wp:featuredmedia":[{"embeddable":true,"href":"https:\/\/www.wesselton.net\/fr\/wp-json\/wp\/v2\/media\/32719"}],"wp:attachment":[{"href":"https:\/\/www.wesselton.net\/fr\/wp-json\/wp\/v2\/media?parent=32727"}],"wp:term":[{"taxonomy":"product_brand","embeddable":true,"href":"https:\/\/www.wesselton.net\/fr\/wp-json\/wp\/v2\/product_brand?post=32727"},{"taxonomy":"product_cat","embeddable":true,"href":"https:\/\/www.wesselton.net\/fr\/wp-json\/wp\/v2\/product_cat?post=32727"},{"taxonomy":"product_tag","embeddable":true,"href":"https:\/\/www.wesselton.net\/fr\/wp-json\/wp\/v2\/product_tag?post=32727"}],"curies":[{"name":"wp","href":"https:\/\/api.w.org\/{rel}","templated":true}]}}