

{"id":32757,"date":"2025-10-19T19:48:46","date_gmt":"2025-10-19T17:48:46","guid":{"rendered":"https:\/\/www.wesselton.net\/anillo-coleccion-w-lines-oro-blanco-diamantes-f-vvs\/"},"modified":"2025-10-20T14:05:23","modified_gmt":"2025-10-20T12:05:23","slug":"bague-collection-w-lines-or-blanc-diamants-f-vvs","status":"publish","type":"product","link":"https:\/\/www.wesselton.net\/fr\/bague-collection-w-lines-or-blanc-diamants-f-vvs\/","title":{"rendered":"Bague en or blanc et diamants F VVS \u2013 Collection W Lines de WESSELTON"},"content":{"rendered":"<p data-start=\"3406\" data-end=\"3693\">La <strong data-start=\"3453\" data-end=\"3470\">bague<a href=\"https:\/\/www.wesselton.net\/fr\/wesselton-fr\/w-lines-fr\/\"> collection W Lines<\/a> or blanc diamants F VVS<\/strong> de <strong data-start=\"3474\" data-end=\"3487\">WESSELTON<\/strong> est une ode \u00e0 la perfection g\u00e9om\u00e9trique et \u00e0 la lumi\u00e8re pure. Inspir\u00e9e par les principes de la <strong data-start=\"3583\" data-end=\"3603\">proportion dor\u00e9e<\/strong>, elle traduit l\u2019id\u00e9e que la beaut\u00e9 na\u00eet de l\u2019\u00e9quilibre subtil entre rigueur et \u00e9motion.<\/p>\n<p data-start=\"3695\" data-end=\"4071\">Fa\u00e7onn\u00e9e \u00e0 la main en <strong data-start=\"3717\" data-end=\"3758\">or blanc 18 carats alli\u00e9 au palladium<\/strong>, elle d\u00e9voile un sertissage double compos\u00e9 de <strong data-start=\"3805\" data-end=\"3836\">7 diamants ronds de 2,60 mm<\/strong> et <strong data-start=\"3840\" data-end=\"3857\">54 de 1,20 mm<\/strong>, choisis un \u00e0 un par <strong data-start=\"3879\" data-end=\"3887\">Nuri<\/strong> selon les plus hauts crit\u00e8res gemmologiques. Avec un <strong data-start=\"3941\" data-end=\"3970\">poids total de 0,89 carat<\/strong>, des <a href=\"https:\/\/www.gia.edu\/diamond\"><strong data-start=\"3976\" data-end=\"4012\">diamants couleur F et puret\u00e9 VVS<\/strong><\/a>, la bague brille d\u2019une lumi\u00e8re cristalline et apaisante.<\/p>\n<p data-start=\"4073\" data-end=\"4346\">Chaque espace, chaque courbe, chaque \u00e9clat a \u00e9t\u00e9 pens\u00e9 pour cr\u00e9er un rythme visuel d\u2019une grande s\u00e9r\u00e9nit\u00e9. Les vides deviennent des respirations, les pleins, des accents lumineux : une composition inspir\u00e9e de la perfection math\u00e9matique qui trouve son \u00e2me dans l\u2019artisanat.<\/p>\n<p data-start=\"4348\" data-end=\"4583\">La collection <strong data-start=\"4362\" data-end=\"4373\">W Lines<\/strong> incarne la qu\u00eate de cet id\u00e9al d\u2019harmonie que WESSELTON poursuit depuis plus de soixante-quinze ans. Une bague intemporelle, \u00e9l\u00e9gante et pleine de sens, \u00e0 la fois \u0153uvre d\u2019art et symbole d\u2019\u00e9quilibre int\u00e9rieur.<\/p>\n<p data-start=\"4585\" data-end=\"4724\">Sous la lumi\u00e8re, les diamants r\u00e9v\u00e8lent leur \u00e9clat, mais c\u2019est la puret\u00e9 de ses lignes qui fait de cette cr\u00e9ation une promesse d\u2019\u00e9ternit\u00e9.<\/p>\n","protected":false},"excerpt":{"rendered":"<p data-start=\"5796\" data-end=\"6054\">Symbole d\u2019\u00e9quilibre et de raffinement, cette <strong data-start=\"4891\" data-end=\"4937\">bague en or blanc sertie de diamants F VVS<\/strong> de la <strong data-start=\"4944\" data-end=\"4966\">collection W Lines<\/strong> refl\u00e8te l\u2019\u00e9l\u00e9gance intemporelle de <strong data-start=\"5002\" data-end=\"5015\">WESSELTON<\/strong>. Le contraste entre la rigueur de la structure et la l\u00e9g\u00e8ret\u00e9 de la lumi\u00e8re cr\u00e9e une harmonie parfaite. Les <strong data-start=\"5124\" data-end=\"5139\">61 diamants<\/strong>, minutieusement s\u00e9lectionn\u00e9s par <strong data-start=\"5173\" data-end=\"5181\">Nuri<\/strong>, brillent avec une intensit\u00e9 rare.<br data-start=\"5216\" data-end=\"5219\" \/>Chef-d\u2019\u0153uvre de savoir-faire artisanal, cette cr\u00e9ation exprime la d\u00e9licatesse, la gr\u00e2ce et la s\u00e9r\u00e9nit\u00e9 d\u2019une femme moderne.<\/p>\n","protected":false},"featured_media":32754,"comment_status":"closed","ping_status":"closed","template":"","meta":[],"product_brand":[],"product_cat":[1805,644,5046,2275,2265,2283,4833,4817],"product_tag":[],"class_list":{"0":"post-32757","1":"product","2":"type-product","3":"status-publish","4":"has-post-thumbnail","6":"product_cat-anneaux-de-mariage","7":"product_cat-bagues","8":"product_cat-bagues-fr","9":"product_cat-avec-diamants","10":"product_cat-bijoux","11":"product_cat-avec-or-blanc","12":"product_cat-w-lines-fr","13":"product_cat-wesselton-fr","14":"yith_product_brand-wesselton-fr","16":"first","17":"instock","18":"shipping-taxable","19":"purchasable","20":"product-type-simple"},"acf":[],"yoast_head":"<!-- This site is optimized with the Yoast SEO plugin v27.3 - https:\/\/yoast.com\/product\/yoast-seo-wordpress\/ -->\n<title>Bague collection W Lines en or blanc avec diamants F VVS | WESSELTON<\/title>\n<meta name=\"description\" content=\"D\u00e9couvrez la bague en or blanc de la collection W Lines de WESSELTON, sertie de diamants F VVS. Un bijou d\u2019\u00e9quilibre et d\u2019\u00e9l\u00e9gance \u00e9ternelle.\" \/>\n<meta name=\"robots\" content=\"index, follow, max-snippet:-1, max-image-preview:large, max-video-preview:-1\" \/>\n<link rel=\"canonical\" href=\"https:\/\/www.wesselton.net\/fr\/bague-collection-w-lines-or-blanc-diamants-f-vvs\/\" \/>\n<meta property=\"og:locale\" content=\"fr_FR\" \/>\n<meta property=\"og:type\" content=\"article\" \/>\n<meta property=\"og:title\" content=\"Bague collection W Lines en or blanc avec diamants F VVS | WESSELTON\" \/>\n<meta property=\"og:description\" content=\"D\u00e9couvrez la bague en or blanc de la collection W Lines de WESSELTON, sertie de diamants F VVS. Un bijou d\u2019\u00e9quilibre et d\u2019\u00e9l\u00e9gance \u00e9ternelle.\" \/>\n<meta property=\"og:url\" content=\"https:\/\/www.wesselton.net\/fr\/bague-collection-w-lines-or-blanc-diamants-f-vvs\/\" \/>\n<meta property=\"og:site_name\" content=\"Wesselton | Bijoux et Diamants\" \/>\n<meta property=\"article:publisher\" content=\"https:\/\/www.facebook.com\/wesselton.oficial\/\" \/>\n<meta property=\"article:modified_time\" content=\"2025-10-20T12:05:23+00:00\" \/>\n<meta property=\"og:image\" content=\"https:\/\/www.wesselton.net\/wp-content\/uploads\/ANELL13_01x-1-scaled.jpg\" \/>\n\t<meta property=\"og:image:width\" content=\"2560\" \/>\n\t<meta property=\"og:image:height\" content=\"2560\" \/>\n\t<meta property=\"og:image:type\" content=\"image\/jpeg\" \/>\n<meta name=\"twitter:card\" content=\"summary_large_image\" \/>\n<meta name=\"twitter:label1\" content=\"Dur\u00e9e de lecture estim\u00e9e\" \/>\n\t<meta name=\"twitter:data1\" content=\"2 minutes\" \/>\n<script type=\"application\/ld+json\" class=\"yoast-schema-graph\">{\"@context\":\"https:\\\/\\\/schema.org\",\"@graph\":[{\"@type\":\"WebPage\",\"@id\":\"https:\\\/\\\/www.wesselton.net\\\/fr\\\/bague-collection-w-lines-or-blanc-diamants-f-vvs\\\/\",\"url\":\"https:\\\/\\\/www.wesselton.net\\\/fr\\\/bague-collection-w-lines-or-blanc-diamants-f-vvs\\\/\",\"name\":\"Bague collection W Lines en or blanc avec diamants F VVS | WESSELTON\",\"isPartOf\":{\"@id\":\"https:\\\/\\\/www.wesselton.net\\\/#website\"},\"primaryImageOfPage\":{\"@id\":\"https:\\\/\\\/www.wesselton.net\\\/fr\\\/bague-collection-w-lines-or-blanc-diamants-f-vvs\\\/#primaryimage\"},\"image\":{\"@id\":\"https:\\\/\\\/www.wesselton.net\\\/fr\\\/bague-collection-w-lines-or-blanc-diamants-f-vvs\\\/#primaryimage\"},\"thumbnailUrl\":\"https:\\\/\\\/www.wesselton.net\\\/wp-content\\\/uploads\\\/ANELL13_01x-1-scaled.jpg\",\"datePublished\":\"2025-10-19T17:48:46+00:00\",\"dateModified\":\"2025-10-20T12:05:23+00:00\",\"description\":\"D\u00e9couvrez la bague en or blanc de la collection W Lines de WESSELTON, sertie de diamants F VVS. Un bijou d\u2019\u00e9quilibre et d\u2019\u00e9l\u00e9gance \u00e9ternelle.\",\"breadcrumb\":{\"@id\":\"https:\\\/\\\/www.wesselton.net\\\/fr\\\/bague-collection-w-lines-or-blanc-diamants-f-vvs\\\/#breadcrumb\"},\"inLanguage\":\"fr-FR\",\"potentialAction\":[{\"@type\":\"ReadAction\",\"target\":[\"https:\\\/\\\/www.wesselton.net\\\/fr\\\/bague-collection-w-lines-or-blanc-diamants-f-vvs\\\/\"]}]},{\"@type\":\"ImageObject\",\"inLanguage\":\"fr-FR\",\"@id\":\"https:\\\/\\\/www.wesselton.net\\\/fr\\\/bague-collection-w-lines-or-blanc-diamants-f-vvs\\\/#primaryimage\",\"url\":\"https:\\\/\\\/www.wesselton.net\\\/wp-content\\\/uploads\\\/ANELL13_01x-1-scaled.jpg\",\"contentUrl\":\"https:\\\/\\\/www.wesselton.net\\\/wp-content\\\/uploads\\\/ANELL13_01x-1-scaled.jpg\",\"width\":2560,\"height\":2560,\"caption\":\"anillo-coleccion-w-lines-oro-blanco-diamantes-f-vvs\"},{\"@type\":\"BreadcrumbList\",\"@id\":\"https:\\\/\\\/www.wesselton.net\\\/fr\\\/bague-collection-w-lines-or-blanc-diamants-f-vvs\\\/#breadcrumb\",\"itemListElement\":[{\"@type\":\"ListItem\",\"position\":1,\"name\":\"Inici\",\"item\":\"https:\\\/\\\/www.wesselton.net\\\/fr\\\/\"},{\"@type\":\"ListItem\",\"position\":2,\"name\":\"Boutique\",\"item\":\"https:\\\/\\\/www.wesselton.net\\\/fr\\\/boutique\\\/\"},{\"@type\":\"ListItem\",\"position\":3,\"name\":\"Bague en or blanc et diamants F VVS \u2013 Collection W Lines de WESSELTON\"}]},{\"@type\":\"WebSite\",\"@id\":\"https:\\\/\\\/www.wesselton.net\\\/#website\",\"url\":\"https:\\\/\\\/www.wesselton.net\\\/\",\"name\":\"Wesselton | Bijoux et Diamants\",\"description\":\"Diamants \u00fanics per moments \u00fanics. Peces d&#039;elaboraci\u00f3 pr\u00f2pia de m\u00e0xima qualitat, cuidades fins a l&#039;\u00faltim detall, i les millors marques de joieria.\",\"potentialAction\":[{\"@type\":\"SearchAction\",\"target\":{\"@type\":\"EntryPoint\",\"urlTemplate\":\"https:\\\/\\\/www.wesselton.net\\\/?s={search_term_string}\"},\"query-input\":{\"@type\":\"PropertyValueSpecification\",\"valueRequired\":true,\"valueName\":\"search_term_string\"}}],\"inLanguage\":\"fr-FR\"}]}<\/script>\n<!-- \/ Yoast SEO plugin. -->","yoast_head_json":{"title":"Bague collection W Lines en or blanc avec diamants F VVS | WESSELTON","description":"D\u00e9couvrez la bague en or blanc de la collection W Lines de WESSELTON, sertie de diamants F VVS. Un bijou d\u2019\u00e9quilibre et d\u2019\u00e9l\u00e9gance \u00e9ternelle.","robots":{"index":"index","follow":"follow","max-snippet":"max-snippet:-1","max-image-preview":"max-image-preview:large","max-video-preview":"max-video-preview:-1"},"canonical":"https:\/\/www.wesselton.net\/fr\/bague-collection-w-lines-or-blanc-diamants-f-vvs\/","og_locale":"fr_FR","og_type":"article","og_title":"Bague collection W Lines en or blanc avec diamants F VVS | WESSELTON","og_description":"D\u00e9couvrez la bague en or blanc de la collection W Lines de WESSELTON, sertie de diamants F VVS. Un bijou d\u2019\u00e9quilibre et d\u2019\u00e9l\u00e9gance \u00e9ternelle.","og_url":"https:\/\/www.wesselton.net\/fr\/bague-collection-w-lines-or-blanc-diamants-f-vvs\/","og_site_name":"Wesselton | Bijoux et Diamants","article_publisher":"https:\/\/www.facebook.com\/wesselton.oficial\/","article_modified_time":"2025-10-20T12:05:23+00:00","og_image":[{"width":2560,"height":2560,"url":"https:\/\/www.wesselton.net\/wp-content\/uploads\/ANELL13_01x-1-scaled.jpg","type":"image\/jpeg"}],"twitter_card":"summary_large_image","twitter_misc":{"Dur\u00e9e de lecture estim\u00e9e":"2 minutes"},"schema":{"@context":"https:\/\/schema.org","@graph":[{"@type":"WebPage","@id":"https:\/\/www.wesselton.net\/fr\/bague-collection-w-lines-or-blanc-diamants-f-vvs\/","url":"https:\/\/www.wesselton.net\/fr\/bague-collection-w-lines-or-blanc-diamants-f-vvs\/","name":"Bague collection W Lines en or blanc avec diamants F VVS | WESSELTON","isPartOf":{"@id":"https:\/\/www.wesselton.net\/#website"},"primaryImageOfPage":{"@id":"https:\/\/www.wesselton.net\/fr\/bague-collection-w-lines-or-blanc-diamants-f-vvs\/#primaryimage"},"image":{"@id":"https:\/\/www.wesselton.net\/fr\/bague-collection-w-lines-or-blanc-diamants-f-vvs\/#primaryimage"},"thumbnailUrl":"https:\/\/www.wesselton.net\/wp-content\/uploads\/ANELL13_01x-1-scaled.jpg","datePublished":"2025-10-19T17:48:46+00:00","dateModified":"2025-10-20T12:05:23+00:00","description":"D\u00e9couvrez la bague en or blanc de la collection W Lines de WESSELTON, sertie de diamants F VVS. Un bijou d\u2019\u00e9quilibre et d\u2019\u00e9l\u00e9gance \u00e9ternelle.","breadcrumb":{"@id":"https:\/\/www.wesselton.net\/fr\/bague-collection-w-lines-or-blanc-diamants-f-vvs\/#breadcrumb"},"inLanguage":"fr-FR","potentialAction":[{"@type":"ReadAction","target":["https:\/\/www.wesselton.net\/fr\/bague-collection-w-lines-or-blanc-diamants-f-vvs\/"]}]},{"@type":"ImageObject","inLanguage":"fr-FR","@id":"https:\/\/www.wesselton.net\/fr\/bague-collection-w-lines-or-blanc-diamants-f-vvs\/#primaryimage","url":"https:\/\/www.wesselton.net\/wp-content\/uploads\/ANELL13_01x-1-scaled.jpg","contentUrl":"https:\/\/www.wesselton.net\/wp-content\/uploads\/ANELL13_01x-1-scaled.jpg","width":2560,"height":2560,"caption":"anillo-coleccion-w-lines-oro-blanco-diamantes-f-vvs"},{"@type":"BreadcrumbList","@id":"https:\/\/www.wesselton.net\/fr\/bague-collection-w-lines-or-blanc-diamants-f-vvs\/#breadcrumb","itemListElement":[{"@type":"ListItem","position":1,"name":"Inici","item":"https:\/\/www.wesselton.net\/fr\/"},{"@type":"ListItem","position":2,"name":"Boutique","item":"https:\/\/www.wesselton.net\/fr\/boutique\/"},{"@type":"ListItem","position":3,"name":"Bague en or blanc et diamants F VVS \u2013 Collection W Lines de WESSELTON"}]},{"@type":"WebSite","@id":"https:\/\/www.wesselton.net\/#website","url":"https:\/\/www.wesselton.net\/","name":"Wesselton | Bijoux et Diamants","description":"Diamants \u00fanics per moments \u00fanics. Peces d&#039;elaboraci\u00f3 pr\u00f2pia de m\u00e0xima qualitat, cuidades fins a l&#039;\u00faltim detall, i les millors marques de joieria.","potentialAction":[{"@type":"SearchAction","target":{"@type":"EntryPoint","urlTemplate":"https:\/\/www.wesselton.net\/?s={search_term_string}"},"query-input":{"@type":"PropertyValueSpecification","valueRequired":true,"valueName":"search_term_string"}}],"inLanguage":"fr-FR"}]}},"_links":{"self":[{"href":"https:\/\/www.wesselton.net\/fr\/wp-json\/wp\/v2\/product\/32757","targetHints":{"allow":["GET"]}}],"collection":[{"href":"https:\/\/www.wesselton.net\/fr\/wp-json\/wp\/v2\/product"}],"about":[{"href":"https:\/\/www.wesselton.net\/fr\/wp-json\/wp\/v2\/types\/product"}],"replies":[{"embeddable":true,"href":"https:\/\/www.wesselton.net\/fr\/wp-json\/wp\/v2\/comments?post=32757"}],"wp:featuredmedia":[{"embeddable":true,"href":"https:\/\/www.wesselton.net\/fr\/wp-json\/wp\/v2\/media\/32754"}],"wp:attachment":[{"href":"https:\/\/www.wesselton.net\/fr\/wp-json\/wp\/v2\/media?parent=32757"}],"wp:term":[{"taxonomy":"product_brand","embeddable":true,"href":"https:\/\/www.wesselton.net\/fr\/wp-json\/wp\/v2\/product_brand?post=32757"},{"taxonomy":"product_cat","embeddable":true,"href":"https:\/\/www.wesselton.net\/fr\/wp-json\/wp\/v2\/product_cat?post=32757"},{"taxonomy":"product_tag","embeddable":true,"href":"https:\/\/www.wesselton.net\/fr\/wp-json\/wp\/v2\/product_tag?post=32757"}],"curies":[{"name":"wp","href":"https:\/\/api.w.org\/{rel}","templated":true}]}}