

{"id":32771,"date":"2025-10-21T17:02:22","date_gmt":"2025-10-21T15:02:22","guid":{"rendered":"https:\/\/www.wesselton.net\/anillo-diseno-geometrico-oro-rosa-diamantes-w-lines\/"},"modified":"2025-10-21T19:20:22","modified_gmt":"2025-10-21T17:20:22","slug":"bague-design-geometrique-or-rose-diamants-w-lines","status":"publish","type":"product","link":"https:\/\/www.wesselton.net\/fr\/bague-design-geometrique-or-rose-diamants-w-lines\/","title":{"rendered":"Bague en or rose et diamants F VS1 \u2013 Collection W Lines de WESSELTON"},"content":{"rendered":"<p data-start=\"4007\" data-end=\"4372\">La <strong data-start=\"4010\" data-end=\"4063\">bague design g\u00e9om\u00e9trique en or rose avec diamants<\/strong> de la <strong data-start=\"4070\" data-end=\"4092\">collection W Lines<\/strong> de <strong data-start=\"4096\" data-end=\"4109\">WESSELTON<\/strong> refl\u00e8te le dialogue parfait entre la proportion et l\u2019\u00e9motion. Inspir\u00e9e par les principes de la <strong data-start=\"4205\" data-end=\"4225\">proportion dor\u00e9e<\/strong>, cette cr\u00e9ation fusionne architecture et lumi\u00e8re pour donner naissance \u00e0 un bijou qui transcende l\u2019esth\u00e9tique et devient un symbole d\u2019\u00e9quilibre.<\/p>\n<p data-start=\"4374\" data-end=\"4868\">R\u00e9alis\u00e9e en <strong data-start=\"4386\" data-end=\"4407\">or rose 18 carats<\/strong>, sa teinte chaleureuse apporte une douceur unique \u00e0 la brillance des diamants. La structure accueille <strong data-start=\"4510\" data-end=\"4551\">7 diamants taille brillant de 2,60 mm<\/strong> et <strong data-start=\"4555\" data-end=\"4581\">54 diamants de 1,20 mm<\/strong>, soigneusement s\u00e9lectionn\u00e9s par <strong data-start=\"4614\" data-end=\"4639\">notre gemmologue Nuri<\/strong>, dont l\u2019\u0153il expert garantit la puret\u00e9 et l\u2019harmonie de chaque pierre. Avec un total de <strong data-start=\"4727\" data-end=\"4738\">0,89 ct<\/strong>, les <strong data-start=\"4744\" data-end=\"4780\">diamants couleur F et puret\u00e9 VS1<\/strong> d\u00e9gagent une lumi\u00e8re claire et enveloppante qui semble danser sur la surface de l\u2019or.<\/p>\n<p data-start=\"4870\" data-end=\"5246\">Le jeu des pleins et des vides, si caract\u00e9ristique de la collection W Lines, conf\u00e8re \u00e0 la pi\u00e8ce une sensation de mouvement serein. Les espaces entre les sertissages ne sont pas de simples absences, mais des pauses calcul\u00e9es qui permettent \u00e0 la lumi\u00e8re de respirer et de se multiplier. Le r\u00e9sultat est un bijou qui allie la pr\u00e9cision math\u00e9matique \u00e0 la sensibilit\u00e9 artistique.<\/p>\n<p data-start=\"5248\" data-end=\"5569\">Chaque d\u00e9tail refl\u00e8te la philosophie de <strong data-start=\"5288\" data-end=\"5301\">WESSELTON<\/strong> : cr\u00e9er des bijoux qui ne se contentent pas d\u2019orner, mais qui expriment l\u2019\u00e9l\u00e9gance et l\u2019\u00e9quilibre int\u00e9rieur. Cette bague, avec son design g\u00e9om\u00e9trique et sa finition impeccable, est un hommage \u00e0 la perfection recherch\u00e9e, non impos\u00e9e ; au luxe compris comme s\u00e9r\u00e9nit\u00e9.<\/p>\n<p data-start=\"5571\" data-end=\"5805\">Une cr\u00e9ation pour qui voient dans la g\u00e9om\u00e9trie de la beaut\u00e9 une forme d\u2019expression personnelle. La bague W Lines en or rose illumine la main d\u2019une lumi\u00e8re douce, chaude et \u00e9ternelle \u2014 la signature inimitable de WESSELTON.<\/p>\n","protected":false},"excerpt":{"rendered":"<p data-start=\"5941\" data-end=\"6173\">La perfection prend forme dans cette <strong data-start=\"5978\" data-end=\"6037\">bague design g\u00e9om\u00e9trique en or rose avec diamants F VS1<\/strong> de la <strong data-start=\"6044\" data-end=\"6066\">collection W Lines<\/strong>. Inspir\u00e9e par la proportion dor\u00e9e, sa forme \u00e9quilibre la pr\u00e9cision du design et la douceur de l\u2019or rose.<\/p>\n<p data-start=\"6175\" data-end=\"6497\">Les <strong data-start=\"6179\" data-end=\"6202\">7 diamants centraux<\/strong> et <strong data-start=\"6206\" data-end=\"6221\">54 lat\u00e9raux<\/strong>, s\u00e9lectionn\u00e9s par <strong data-start=\"6240\" data-end=\"6265\">notre gemmologue Nuri<\/strong>, totalisent <strong data-start=\"6278\" data-end=\"6289\">0,89 ct<\/strong> et diffusent une brillance d\u00e9licate qui met en valeur son caract\u00e8re artisanal. Chaque vide et chaque ligne ont \u00e9t\u00e9 con\u00e7us pour laisser respirer la lumi\u00e8re, cr\u00e9ant un effet visuel d\u2019harmonie et de s\u00e9r\u00e9nit\u00e9.<\/p>\n<p data-start=\"6499\" data-end=\"6672\">Un design qui incarne l\u2019essence de <strong data-start=\"6534\" data-end=\"6547\">WESSELTON<\/strong> : \u00e9l\u00e9gance, proportion et puret\u00e9. Un bijou qui enveloppe la main d\u2019une chaleur sophistiqu\u00e9e et d\u2019une lumi\u00e8re intemporelle.<\/p>\n","protected":false},"featured_media":32764,"comment_status":"closed","ping_status":"closed","template":"","meta":[],"product_brand":[],"product_cat":[1805,644,5046,2275,2265,2289,4833,4817],"product_tag":[],"class_list":{"0":"post-32771","1":"product","2":"type-product","3":"status-publish","4":"has-post-thumbnail","6":"product_cat-anneaux-de-mariage","7":"product_cat-bagues","8":"product_cat-bagues-fr","9":"product_cat-avec-diamants","10":"product_cat-bijoux","11":"product_cat-or-rose","12":"product_cat-w-lines-fr","13":"product_cat-wesselton-fr","14":"yith_product_brand-wesselton-fr","16":"first","17":"instock","18":"shipping-taxable","19":"purchasable","20":"product-type-simple"},"acf":[],"yoast_head":"<!-- This site is optimized with the Yoast SEO plugin v27.3 - https:\/\/yoast.com\/product\/yoast-seo-wordpress\/ -->\n<title>Bague design g\u00e9om\u00e9trique en or rose avec diamants W Lines | WESSELTON<\/title>\n<meta name=\"description\" content=\"D\u00e9couvrez la bague design g\u00e9om\u00e9trique en or rose avec diamants de la collection W Lines de WESSELTON. L\u2019\u00e9l\u00e9gance et la proportion transform\u00e9es en art.\" \/>\n<meta name=\"robots\" content=\"index, follow, max-snippet:-1, max-image-preview:large, max-video-preview:-1\" \/>\n<link rel=\"canonical\" href=\"https:\/\/www.wesselton.net\/fr\/bague-design-geometrique-or-rose-diamants-w-lines\/\" \/>\n<meta property=\"og:locale\" content=\"fr_FR\" \/>\n<meta property=\"og:type\" content=\"article\" \/>\n<meta property=\"og:title\" content=\"Bague design g\u00e9om\u00e9trique en or rose avec diamants W Lines | WESSELTON\" \/>\n<meta property=\"og:description\" content=\"D\u00e9couvrez la bague design g\u00e9om\u00e9trique en or rose avec diamants de la collection W Lines de WESSELTON. L\u2019\u00e9l\u00e9gance et la proportion transform\u00e9es en art.\" \/>\n<meta property=\"og:url\" content=\"https:\/\/www.wesselton.net\/fr\/bague-design-geometrique-or-rose-diamants-w-lines\/\" \/>\n<meta property=\"og:site_name\" content=\"Wesselton | Bijoux et Diamants\" \/>\n<meta property=\"article:publisher\" content=\"https:\/\/www.facebook.com\/wesselton.oficial\/\" \/>\n<meta property=\"article:modified_time\" content=\"2025-10-21T17:20:22+00:00\" \/>\n<meta property=\"og:image\" content=\"https:\/\/www.wesselton.net\/wp-content\/uploads\/ANELL13_01-scaled.jpg\" \/>\n\t<meta property=\"og:image:width\" content=\"2560\" \/>\n\t<meta property=\"og:image:height\" content=\"2560\" \/>\n\t<meta property=\"og:image:type\" content=\"image\/jpeg\" \/>\n<meta name=\"twitter:card\" content=\"summary_large_image\" \/>\n<meta name=\"twitter:label1\" content=\"Dur\u00e9e de lecture estim\u00e9e\" \/>\n\t<meta name=\"twitter:data1\" content=\"2 minutes\" \/>\n<script type=\"application\/ld+json\" class=\"yoast-schema-graph\">{\"@context\":\"https:\\\/\\\/schema.org\",\"@graph\":[{\"@type\":\"WebPage\",\"@id\":\"https:\\\/\\\/www.wesselton.net\\\/fr\\\/bague-design-geometrique-or-rose-diamants-w-lines\\\/\",\"url\":\"https:\\\/\\\/www.wesselton.net\\\/fr\\\/bague-design-geometrique-or-rose-diamants-w-lines\\\/\",\"name\":\"Bague design g\u00e9om\u00e9trique en or rose avec diamants W Lines | WESSELTON\",\"isPartOf\":{\"@id\":\"https:\\\/\\\/www.wesselton.net\\\/#website\"},\"primaryImageOfPage\":{\"@id\":\"https:\\\/\\\/www.wesselton.net\\\/fr\\\/bague-design-geometrique-or-rose-diamants-w-lines\\\/#primaryimage\"},\"image\":{\"@id\":\"https:\\\/\\\/www.wesselton.net\\\/fr\\\/bague-design-geometrique-or-rose-diamants-w-lines\\\/#primaryimage\"},\"thumbnailUrl\":\"https:\\\/\\\/www.wesselton.net\\\/wp-content\\\/uploads\\\/ANELL13_01-scaled.jpg\",\"datePublished\":\"2025-10-21T15:02:22+00:00\",\"dateModified\":\"2025-10-21T17:20:22+00:00\",\"description\":\"D\u00e9couvrez la bague design g\u00e9om\u00e9trique en or rose avec diamants de la collection W Lines de WESSELTON. L\u2019\u00e9l\u00e9gance et la proportion transform\u00e9es en art.\",\"breadcrumb\":{\"@id\":\"https:\\\/\\\/www.wesselton.net\\\/fr\\\/bague-design-geometrique-or-rose-diamants-w-lines\\\/#breadcrumb\"},\"inLanguage\":\"fr-FR\",\"potentialAction\":[{\"@type\":\"ReadAction\",\"target\":[\"https:\\\/\\\/www.wesselton.net\\\/fr\\\/bague-design-geometrique-or-rose-diamants-w-lines\\\/\"]}]},{\"@type\":\"ImageObject\",\"inLanguage\":\"fr-FR\",\"@id\":\"https:\\\/\\\/www.wesselton.net\\\/fr\\\/bague-design-geometrique-or-rose-diamants-w-lines\\\/#primaryimage\",\"url\":\"https:\\\/\\\/www.wesselton.net\\\/wp-content\\\/uploads\\\/ANELL13_01-scaled.jpg\",\"contentUrl\":\"https:\\\/\\\/www.wesselton.net\\\/wp-content\\\/uploads\\\/ANELL13_01-scaled.jpg\",\"width\":2560,\"height\":2560,\"caption\":\"anillo-diseno-geometrico-oro-rosa-diamantes-w-lines\"},{\"@type\":\"BreadcrumbList\",\"@id\":\"https:\\\/\\\/www.wesselton.net\\\/fr\\\/bague-design-geometrique-or-rose-diamants-w-lines\\\/#breadcrumb\",\"itemListElement\":[{\"@type\":\"ListItem\",\"position\":1,\"name\":\"Inici\",\"item\":\"https:\\\/\\\/www.wesselton.net\\\/fr\\\/\"},{\"@type\":\"ListItem\",\"position\":2,\"name\":\"Boutique\",\"item\":\"https:\\\/\\\/www.wesselton.net\\\/fr\\\/boutique\\\/\"},{\"@type\":\"ListItem\",\"position\":3,\"name\":\"Bague en or rose et diamants F VS1 \u2013 Collection W Lines de WESSELTON\"}]},{\"@type\":\"WebSite\",\"@id\":\"https:\\\/\\\/www.wesselton.net\\\/#website\",\"url\":\"https:\\\/\\\/www.wesselton.net\\\/\",\"name\":\"Wesselton | Bijoux et Diamants\",\"description\":\"Diamants \u00fanics per moments \u00fanics. Peces d&#039;elaboraci\u00f3 pr\u00f2pia de m\u00e0xima qualitat, cuidades fins a l&#039;\u00faltim detall, i les millors marques de joieria.\",\"potentialAction\":[{\"@type\":\"SearchAction\",\"target\":{\"@type\":\"EntryPoint\",\"urlTemplate\":\"https:\\\/\\\/www.wesselton.net\\\/?s={search_term_string}\"},\"query-input\":{\"@type\":\"PropertyValueSpecification\",\"valueRequired\":true,\"valueName\":\"search_term_string\"}}],\"inLanguage\":\"fr-FR\"}]}<\/script>\n<!-- \/ Yoast SEO plugin. -->","yoast_head_json":{"title":"Bague design g\u00e9om\u00e9trique en or rose avec diamants W Lines | WESSELTON","description":"D\u00e9couvrez la bague design g\u00e9om\u00e9trique en or rose avec diamants de la collection W Lines de WESSELTON. L\u2019\u00e9l\u00e9gance et la proportion transform\u00e9es en art.","robots":{"index":"index","follow":"follow","max-snippet":"max-snippet:-1","max-image-preview":"max-image-preview:large","max-video-preview":"max-video-preview:-1"},"canonical":"https:\/\/www.wesselton.net\/fr\/bague-design-geometrique-or-rose-diamants-w-lines\/","og_locale":"fr_FR","og_type":"article","og_title":"Bague design g\u00e9om\u00e9trique en or rose avec diamants W Lines | WESSELTON","og_description":"D\u00e9couvrez la bague design g\u00e9om\u00e9trique en or rose avec diamants de la collection W Lines de WESSELTON. L\u2019\u00e9l\u00e9gance et la proportion transform\u00e9es en art.","og_url":"https:\/\/www.wesselton.net\/fr\/bague-design-geometrique-or-rose-diamants-w-lines\/","og_site_name":"Wesselton | Bijoux et Diamants","article_publisher":"https:\/\/www.facebook.com\/wesselton.oficial\/","article_modified_time":"2025-10-21T17:20:22+00:00","og_image":[{"width":2560,"height":2560,"url":"https:\/\/www.wesselton.net\/wp-content\/uploads\/ANELL13_01-scaled.jpg","type":"image\/jpeg"}],"twitter_card":"summary_large_image","twitter_misc":{"Dur\u00e9e de lecture estim\u00e9e":"2 minutes"},"schema":{"@context":"https:\/\/schema.org","@graph":[{"@type":"WebPage","@id":"https:\/\/www.wesselton.net\/fr\/bague-design-geometrique-or-rose-diamants-w-lines\/","url":"https:\/\/www.wesselton.net\/fr\/bague-design-geometrique-or-rose-diamants-w-lines\/","name":"Bague design g\u00e9om\u00e9trique en or rose avec diamants W Lines | WESSELTON","isPartOf":{"@id":"https:\/\/www.wesselton.net\/#website"},"primaryImageOfPage":{"@id":"https:\/\/www.wesselton.net\/fr\/bague-design-geometrique-or-rose-diamants-w-lines\/#primaryimage"},"image":{"@id":"https:\/\/www.wesselton.net\/fr\/bague-design-geometrique-or-rose-diamants-w-lines\/#primaryimage"},"thumbnailUrl":"https:\/\/www.wesselton.net\/wp-content\/uploads\/ANELL13_01-scaled.jpg","datePublished":"2025-10-21T15:02:22+00:00","dateModified":"2025-10-21T17:20:22+00:00","description":"D\u00e9couvrez la bague design g\u00e9om\u00e9trique en or rose avec diamants de la collection W Lines de WESSELTON. L\u2019\u00e9l\u00e9gance et la proportion transform\u00e9es en art.","breadcrumb":{"@id":"https:\/\/www.wesselton.net\/fr\/bague-design-geometrique-or-rose-diamants-w-lines\/#breadcrumb"},"inLanguage":"fr-FR","potentialAction":[{"@type":"ReadAction","target":["https:\/\/www.wesselton.net\/fr\/bague-design-geometrique-or-rose-diamants-w-lines\/"]}]},{"@type":"ImageObject","inLanguage":"fr-FR","@id":"https:\/\/www.wesselton.net\/fr\/bague-design-geometrique-or-rose-diamants-w-lines\/#primaryimage","url":"https:\/\/www.wesselton.net\/wp-content\/uploads\/ANELL13_01-scaled.jpg","contentUrl":"https:\/\/www.wesselton.net\/wp-content\/uploads\/ANELL13_01-scaled.jpg","width":2560,"height":2560,"caption":"anillo-diseno-geometrico-oro-rosa-diamantes-w-lines"},{"@type":"BreadcrumbList","@id":"https:\/\/www.wesselton.net\/fr\/bague-design-geometrique-or-rose-diamants-w-lines\/#breadcrumb","itemListElement":[{"@type":"ListItem","position":1,"name":"Inici","item":"https:\/\/www.wesselton.net\/fr\/"},{"@type":"ListItem","position":2,"name":"Boutique","item":"https:\/\/www.wesselton.net\/fr\/boutique\/"},{"@type":"ListItem","position":3,"name":"Bague en or rose et diamants F VS1 \u2013 Collection W Lines de WESSELTON"}]},{"@type":"WebSite","@id":"https:\/\/www.wesselton.net\/#website","url":"https:\/\/www.wesselton.net\/","name":"Wesselton | Bijoux et Diamants","description":"Diamants \u00fanics per moments \u00fanics. Peces d&#039;elaboraci\u00f3 pr\u00f2pia de m\u00e0xima qualitat, cuidades fins a l&#039;\u00faltim detall, i les millors marques de joieria.","potentialAction":[{"@type":"SearchAction","target":{"@type":"EntryPoint","urlTemplate":"https:\/\/www.wesselton.net\/?s={search_term_string}"},"query-input":{"@type":"PropertyValueSpecification","valueRequired":true,"valueName":"search_term_string"}}],"inLanguage":"fr-FR"}]}},"_links":{"self":[{"href":"https:\/\/www.wesselton.net\/fr\/wp-json\/wp\/v2\/product\/32771","targetHints":{"allow":["GET"]}}],"collection":[{"href":"https:\/\/www.wesselton.net\/fr\/wp-json\/wp\/v2\/product"}],"about":[{"href":"https:\/\/www.wesselton.net\/fr\/wp-json\/wp\/v2\/types\/product"}],"replies":[{"embeddable":true,"href":"https:\/\/www.wesselton.net\/fr\/wp-json\/wp\/v2\/comments?post=32771"}],"wp:featuredmedia":[{"embeddable":true,"href":"https:\/\/www.wesselton.net\/fr\/wp-json\/wp\/v2\/media\/32764"}],"wp:attachment":[{"href":"https:\/\/www.wesselton.net\/fr\/wp-json\/wp\/v2\/media?parent=32771"}],"wp:term":[{"taxonomy":"product_brand","embeddable":true,"href":"https:\/\/www.wesselton.net\/fr\/wp-json\/wp\/v2\/product_brand?post=32771"},{"taxonomy":"product_cat","embeddable":true,"href":"https:\/\/www.wesselton.net\/fr\/wp-json\/wp\/v2\/product_cat?post=32771"},{"taxonomy":"product_tag","embeddable":true,"href":"https:\/\/www.wesselton.net\/fr\/wp-json\/wp\/v2\/product_tag?post=32771"}],"curies":[{"name":"wp","href":"https:\/\/api.w.org\/{rel}","templated":true}]}}