

{"id":33444,"date":"2026-01-20T11:47:29","date_gmt":"2026-01-20T09:47:29","guid":{"rendered":"https:\/\/www.wesselton.net\/tissot-ballade-34mm-watch-with-yellow-gold-pvd-coating\/"},"modified":"2026-01-27T10:44:42","modified_gmt":"2026-01-27T08:44:42","slug":"tissot-ballade-34mm-watch-with-yellow-gold-pvd-coating","status":"publish","type":"product","link":"https:\/\/www.wesselton.net\/fr\/tissot-ballade-34mm-watch-with-yellow-gold-pvd-coating\/","title":{"rendered":"TISSOT Ballade 34MM watch with yellow gold PVD coating"},"content":{"rendered":"<p>La TISSOT BALLADE 34MM est une montre qui r\u00e9interpr\u00e8te l&rsquo;\u00e9l\u00e9gance classique avec une perspective contemporaine, con\u00e7ue pour accompagner vos moments les plus pr\u00e9cieux avec subtilit\u00e9 et caract\u00e8re. Ce mod\u00e8le allie la tradition horlog\u00e8re suisse \u00e0 une esth\u00e9tique lumineuse et raffin\u00e9e, o\u00f9 chaque d\u00e9tail a \u00e9t\u00e9 pens\u00e9 pour exprimer \u00e9quilibre et distinction.<br \/>\nAvec son diam\u00e8tre de 34 mm, la montre offre une pr\u00e9sence harmonieuse et sophistiqu\u00e9e au poignet. Le bo\u00eetier en acier inoxydable 316L, rev\u00eatu de PVD or jaune, offre une finition chaleureuse et \u00e9l\u00e9gante, tout en pr\u00e9servant la robustesse et la durabilit\u00e9 inh\u00e9rentes \u00e0 ce mat\u00e9riau. Ce contraste entre solidit\u00e9 et brillance fait de cette pi\u00e8ce un accessoire polyvalent, capable de sublimer aussi bien les tenues formelles que contemporaines.<br \/>\nLe cadran arbore un guillochage d\u00e9licat \u00e0 motif soleill\u00e9, une technique traditionnelle qui capte la lumi\u00e8re et cr\u00e9e un effet visuel profond et dynamique. Ce jeu de reflets enrichit l&rsquo;esth\u00e9tique sans compromettre une \u00e9l\u00e9gance discr\u00e8te. La lunette cannel\u00e9e, inspir\u00e9e des codes classiques de la haute horlogerie, apporte une touche d\u00e9corative qui souligne le caract\u00e8re artisanal du design et son lien avec le patrimoine horloger.<br \/>\n\u00c0 l&rsquo;int\u00e9rieur, le mouvement \u00e0 quartz suisse assure une pr\u00e9cision et une fiabilit\u00e9 optimales, pour un confort durable au quotidien. L&rsquo;ensemble de la montre est prot\u00e9g\u00e9 par un verre saphir inrayable et antireflet, garantissant une lisibilit\u00e9 parfaite et une protection optimale pour un usage quotidien.<br \/>\nLe bracelet interchangeable \u00e0 d\u00e9gagement rapide offre une polyvalence \u00e0 la fois pratique et \u00e9l\u00e9gante, permettant d&rsquo;adapter facilement la montre \u00e0 toutes les occasions. La TISSOT BALLADE 34MM incarne un style intemporel, soigneusement s\u00e9lectionn\u00e9 et disponible chez WESSELTON.<\/p>\n","protected":false},"excerpt":{"rendered":"<p>La TISSOT BALLADE 34MM est une pi\u00e8ce qui interpr\u00e8te l&rsquo;\u00e9l\u00e9gance classique dans une perspective contemporaine, con\u00e7ue pour accompagner les moments les plus pr\u00e9cieux avec subtilit\u00e9 et caract\u00e8re.<\/p>\n","protected":false},"featured_media":33433,"comment_status":"closed","ping_status":"closed","template":"","meta":[],"product_brand":[],"product_cat":[654],"product_tag":[],"class_list":{"0":"post-33444","1":"product","2":"type-product","3":"status-publish","4":"has-post-thumbnail","6":"product_cat-montres","7":"yith_product_brand-tissot","9":"first","10":"instock","11":"sold-individually","12":"shipping-taxable","13":"purchasable","14":"product-type-simple"},"acf":[],"yoast_head":"<!-- This site is optimized with the Yoast SEO plugin v27.3 - https:\/\/yoast.com\/product\/yoast-seo-wordpress\/ -->\n<title>TISSOT Ballade 34MM watch with yellow gold PVD coating - Wesselton | Bijoux et Diamants<\/title>\n<meta name=\"description\" content=\"La TISSOT BALLADE 34MM est une pi\u00e8ce qui interpr\u00e8te l&#039;\u00e9l\u00e9gance classique dans une perspective contemporaine, con\u00e7ue pour accompagner les moments les plus pr\u00e9cieux.\" \/>\n<meta name=\"robots\" content=\"index, follow, max-snippet:-1, max-image-preview:large, max-video-preview:-1\" \/>\n<link rel=\"canonical\" href=\"https:\/\/www.wesselton.net\/fr\/tissot-ballade-34mm-watch-with-yellow-gold-pvd-coating\/\" \/>\n<meta property=\"og:locale\" content=\"fr_FR\" \/>\n<meta property=\"og:type\" content=\"article\" \/>\n<meta property=\"og:title\" content=\"TISSOT Ballade 34MM watch with yellow gold PVD coating - Wesselton | Bijoux et Diamants\" \/>\n<meta property=\"og:description\" content=\"La TISSOT BALLADE 34MM est une pi\u00e8ce qui interpr\u00e8te l&#039;\u00e9l\u00e9gance classique dans une perspective contemporaine, con\u00e7ue pour accompagner les moments les plus pr\u00e9cieux.\" \/>\n<meta property=\"og:url\" content=\"https:\/\/www.wesselton.net\/fr\/tissot-ballade-34mm-watch-with-yellow-gold-pvd-coating\/\" \/>\n<meta property=\"og:site_name\" content=\"Wesselton | Bijoux et Diamants\" \/>\n<meta property=\"article:publisher\" content=\"https:\/\/www.facebook.com\/wesselton.oficial\/\" \/>\n<meta property=\"article:modified_time\" content=\"2026-01-27T08:44:42+00:00\" \/>\n<meta property=\"og:image\" content=\"https:\/\/www.wesselton.net\/wp-content\/uploads\/f6a73c05-4940-4ef8-a8f5-17fc7aa931e5_T156-210-22-031-00_shadow.webp\" \/>\n\t<meta property=\"og:image:width\" content=\"800\" \/>\n\t<meta property=\"og:image:height\" content=\"800\" \/>\n\t<meta property=\"og:image:type\" content=\"image\/webp\" \/>\n<meta name=\"twitter:card\" content=\"summary_large_image\" \/>\n<meta name=\"twitter:label1\" content=\"Dur\u00e9e de lecture estim\u00e9e\" \/>\n\t<meta name=\"twitter:data1\" content=\"2 minutes\" \/>\n<script type=\"application\/ld+json\" class=\"yoast-schema-graph\">{\"@context\":\"https:\\\/\\\/schema.org\",\"@graph\":[{\"@type\":\"WebPage\",\"@id\":\"https:\\\/\\\/www.wesselton.net\\\/fr\\\/tissot-ballade-34mm-watch-with-yellow-gold-pvd-coating\\\/\",\"url\":\"https:\\\/\\\/www.wesselton.net\\\/fr\\\/tissot-ballade-34mm-watch-with-yellow-gold-pvd-coating\\\/\",\"name\":\"TISSOT Ballade 34MM watch with yellow gold PVD coating - Wesselton | Bijoux et Diamants\",\"isPartOf\":{\"@id\":\"https:\\\/\\\/www.wesselton.net\\\/#website\"},\"primaryImageOfPage\":{\"@id\":\"https:\\\/\\\/www.wesselton.net\\\/fr\\\/tissot-ballade-34mm-watch-with-yellow-gold-pvd-coating\\\/#primaryimage\"},\"image\":{\"@id\":\"https:\\\/\\\/www.wesselton.net\\\/fr\\\/tissot-ballade-34mm-watch-with-yellow-gold-pvd-coating\\\/#primaryimage\"},\"thumbnailUrl\":\"https:\\\/\\\/www.wesselton.net\\\/wp-content\\\/uploads\\\/f6a73c05-4940-4ef8-a8f5-17fc7aa931e5_T156-210-22-031-00_shadow.webp\",\"datePublished\":\"2026-01-20T09:47:29+00:00\",\"dateModified\":\"2026-01-27T08:44:42+00:00\",\"description\":\"La TISSOT BALLADE 34MM est une pi\u00e8ce qui interpr\u00e8te l'\u00e9l\u00e9gance classique dans une perspective contemporaine, con\u00e7ue pour accompagner les moments les plus pr\u00e9cieux.\",\"breadcrumb\":{\"@id\":\"https:\\\/\\\/www.wesselton.net\\\/fr\\\/tissot-ballade-34mm-watch-with-yellow-gold-pvd-coating\\\/#breadcrumb\"},\"inLanguage\":\"fr-FR\",\"potentialAction\":[{\"@type\":\"ReadAction\",\"target\":[\"https:\\\/\\\/www.wesselton.net\\\/fr\\\/tissot-ballade-34mm-watch-with-yellow-gold-pvd-coating\\\/\"]}]},{\"@type\":\"ImageObject\",\"inLanguage\":\"fr-FR\",\"@id\":\"https:\\\/\\\/www.wesselton.net\\\/fr\\\/tissot-ballade-34mm-watch-with-yellow-gold-pvd-coating\\\/#primaryimage\",\"url\":\"https:\\\/\\\/www.wesselton.net\\\/wp-content\\\/uploads\\\/f6a73c05-4940-4ef8-a8f5-17fc7aa931e5_T156-210-22-031-00_shadow.webp\",\"contentUrl\":\"https:\\\/\\\/www.wesselton.net\\\/wp-content\\\/uploads\\\/f6a73c05-4940-4ef8-a8f5-17fc7aa931e5_T156-210-22-031-00_shadow.webp\",\"width\":800,\"height\":800},{\"@type\":\"BreadcrumbList\",\"@id\":\"https:\\\/\\\/www.wesselton.net\\\/fr\\\/tissot-ballade-34mm-watch-with-yellow-gold-pvd-coating\\\/#breadcrumb\",\"itemListElement\":[{\"@type\":\"ListItem\",\"position\":1,\"name\":\"Inici\",\"item\":\"https:\\\/\\\/www.wesselton.net\\\/fr\\\/\"},{\"@type\":\"ListItem\",\"position\":2,\"name\":\"Boutique\",\"item\":\"https:\\\/\\\/www.wesselton.net\\\/fr\\\/boutique\\\/\"},{\"@type\":\"ListItem\",\"position\":3,\"name\":\"TISSOT Ballade 34MM watch with yellow gold PVD coating\"}]},{\"@type\":\"WebSite\",\"@id\":\"https:\\\/\\\/www.wesselton.net\\\/#website\",\"url\":\"https:\\\/\\\/www.wesselton.net\\\/\",\"name\":\"Wesselton | Bijoux et Diamants\",\"description\":\"Diamants \u00fanics per moments \u00fanics. Peces d&#039;elaboraci\u00f3 pr\u00f2pia de m\u00e0xima qualitat, cuidades fins a l&#039;\u00faltim detall, i les millors marques de joieria.\",\"potentialAction\":[{\"@type\":\"SearchAction\",\"target\":{\"@type\":\"EntryPoint\",\"urlTemplate\":\"https:\\\/\\\/www.wesselton.net\\\/?s={search_term_string}\"},\"query-input\":{\"@type\":\"PropertyValueSpecification\",\"valueRequired\":true,\"valueName\":\"search_term_string\"}}],\"inLanguage\":\"fr-FR\"}]}<\/script>\n<!-- \/ Yoast SEO plugin. -->","yoast_head_json":{"title":"TISSOT Ballade 34MM watch with yellow gold PVD coating - Wesselton | Bijoux et Diamants","description":"La TISSOT BALLADE 34MM est une pi\u00e8ce qui interpr\u00e8te l'\u00e9l\u00e9gance classique dans une perspective contemporaine, con\u00e7ue pour accompagner les moments les plus pr\u00e9cieux.","robots":{"index":"index","follow":"follow","max-snippet":"max-snippet:-1","max-image-preview":"max-image-preview:large","max-video-preview":"max-video-preview:-1"},"canonical":"https:\/\/www.wesselton.net\/fr\/tissot-ballade-34mm-watch-with-yellow-gold-pvd-coating\/","og_locale":"fr_FR","og_type":"article","og_title":"TISSOT Ballade 34MM watch with yellow gold PVD coating - Wesselton | Bijoux et Diamants","og_description":"La TISSOT BALLADE 34MM est une pi\u00e8ce qui interpr\u00e8te l'\u00e9l\u00e9gance classique dans une perspective contemporaine, con\u00e7ue pour accompagner les moments les plus pr\u00e9cieux.","og_url":"https:\/\/www.wesselton.net\/fr\/tissot-ballade-34mm-watch-with-yellow-gold-pvd-coating\/","og_site_name":"Wesselton | Bijoux et Diamants","article_publisher":"https:\/\/www.facebook.com\/wesselton.oficial\/","article_modified_time":"2026-01-27T08:44:42+00:00","og_image":[{"width":800,"height":800,"url":"https:\/\/www.wesselton.net\/wp-content\/uploads\/f6a73c05-4940-4ef8-a8f5-17fc7aa931e5_T156-210-22-031-00_shadow.webp","type":"image\/webp"}],"twitter_card":"summary_large_image","twitter_misc":{"Dur\u00e9e de lecture estim\u00e9e":"2 minutes"},"schema":{"@context":"https:\/\/schema.org","@graph":[{"@type":"WebPage","@id":"https:\/\/www.wesselton.net\/fr\/tissot-ballade-34mm-watch-with-yellow-gold-pvd-coating\/","url":"https:\/\/www.wesselton.net\/fr\/tissot-ballade-34mm-watch-with-yellow-gold-pvd-coating\/","name":"TISSOT Ballade 34MM watch with yellow gold PVD coating - Wesselton | Bijoux et Diamants","isPartOf":{"@id":"https:\/\/www.wesselton.net\/#website"},"primaryImageOfPage":{"@id":"https:\/\/www.wesselton.net\/fr\/tissot-ballade-34mm-watch-with-yellow-gold-pvd-coating\/#primaryimage"},"image":{"@id":"https:\/\/www.wesselton.net\/fr\/tissot-ballade-34mm-watch-with-yellow-gold-pvd-coating\/#primaryimage"},"thumbnailUrl":"https:\/\/www.wesselton.net\/wp-content\/uploads\/f6a73c05-4940-4ef8-a8f5-17fc7aa931e5_T156-210-22-031-00_shadow.webp","datePublished":"2026-01-20T09:47:29+00:00","dateModified":"2026-01-27T08:44:42+00:00","description":"La TISSOT BALLADE 34MM est une pi\u00e8ce qui interpr\u00e8te l'\u00e9l\u00e9gance classique dans une perspective contemporaine, con\u00e7ue pour accompagner les moments les plus pr\u00e9cieux.","breadcrumb":{"@id":"https:\/\/www.wesselton.net\/fr\/tissot-ballade-34mm-watch-with-yellow-gold-pvd-coating\/#breadcrumb"},"inLanguage":"fr-FR","potentialAction":[{"@type":"ReadAction","target":["https:\/\/www.wesselton.net\/fr\/tissot-ballade-34mm-watch-with-yellow-gold-pvd-coating\/"]}]},{"@type":"ImageObject","inLanguage":"fr-FR","@id":"https:\/\/www.wesselton.net\/fr\/tissot-ballade-34mm-watch-with-yellow-gold-pvd-coating\/#primaryimage","url":"https:\/\/www.wesselton.net\/wp-content\/uploads\/f6a73c05-4940-4ef8-a8f5-17fc7aa931e5_T156-210-22-031-00_shadow.webp","contentUrl":"https:\/\/www.wesselton.net\/wp-content\/uploads\/f6a73c05-4940-4ef8-a8f5-17fc7aa931e5_T156-210-22-031-00_shadow.webp","width":800,"height":800},{"@type":"BreadcrumbList","@id":"https:\/\/www.wesselton.net\/fr\/tissot-ballade-34mm-watch-with-yellow-gold-pvd-coating\/#breadcrumb","itemListElement":[{"@type":"ListItem","position":1,"name":"Inici","item":"https:\/\/www.wesselton.net\/fr\/"},{"@type":"ListItem","position":2,"name":"Boutique","item":"https:\/\/www.wesselton.net\/fr\/boutique\/"},{"@type":"ListItem","position":3,"name":"TISSOT Ballade 34MM watch with yellow gold PVD coating"}]},{"@type":"WebSite","@id":"https:\/\/www.wesselton.net\/#website","url":"https:\/\/www.wesselton.net\/","name":"Wesselton | Bijoux et Diamants","description":"Diamants \u00fanics per moments \u00fanics. Peces d&#039;elaboraci\u00f3 pr\u00f2pia de m\u00e0xima qualitat, cuidades fins a l&#039;\u00faltim detall, i les millors marques de joieria.","potentialAction":[{"@type":"SearchAction","target":{"@type":"EntryPoint","urlTemplate":"https:\/\/www.wesselton.net\/?s={search_term_string}"},"query-input":{"@type":"PropertyValueSpecification","valueRequired":true,"valueName":"search_term_string"}}],"inLanguage":"fr-FR"}]}},"_links":{"self":[{"href":"https:\/\/www.wesselton.net\/fr\/wp-json\/wp\/v2\/product\/33444","targetHints":{"allow":["GET"]}}],"collection":[{"href":"https:\/\/www.wesselton.net\/fr\/wp-json\/wp\/v2\/product"}],"about":[{"href":"https:\/\/www.wesselton.net\/fr\/wp-json\/wp\/v2\/types\/product"}],"replies":[{"embeddable":true,"href":"https:\/\/www.wesselton.net\/fr\/wp-json\/wp\/v2\/comments?post=33444"}],"wp:featuredmedia":[{"embeddable":true,"href":"https:\/\/www.wesselton.net\/fr\/wp-json\/wp\/v2\/media\/33433"}],"wp:attachment":[{"href":"https:\/\/www.wesselton.net\/fr\/wp-json\/wp\/v2\/media?parent=33444"}],"wp:term":[{"taxonomy":"product_brand","embeddable":true,"href":"https:\/\/www.wesselton.net\/fr\/wp-json\/wp\/v2\/product_brand?post=33444"},{"taxonomy":"product_cat","embeddable":true,"href":"https:\/\/www.wesselton.net\/fr\/wp-json\/wp\/v2\/product_cat?post=33444"},{"taxonomy":"product_tag","embeddable":true,"href":"https:\/\/www.wesselton.net\/fr\/wp-json\/wp\/v2\/product_tag?post=33444"}],"curies":[{"name":"wp","href":"https:\/\/api.w.org\/{rel}","templated":true}]}}