

{"id":33582,"date":"2026-03-09T13:37:56","date_gmt":"2026-03-09T11:37:56","guid":{"rendered":"https:\/\/www.wesselton.net\/montre-baume-mercier-clifton-10773-baumatic-automatique-39-mm\/"},"modified":"2026-03-09T13:49:57","modified_gmt":"2026-03-09T11:49:57","slug":"montre-baume-mercier-clifton-10773-baumatic-automatique-39-mm","status":"publish","type":"product","link":"https:\/\/www.wesselton.net\/fr\/montre-baume-mercier-clifton-10773-baumatic-automatique-39-mm\/","title":{"rendered":"Montre Baume &#038; Mercier Clifton 10773 Baumatic Automatique 39 mm"},"content":{"rendered":"<p>La montre Clifton Baume &amp; Mercier 10773 est un joyau de haute horlogerie qui allie tradition et \u00e9l\u00e9gance contemporaine. Dot\u00e9e d&rsquo;un bo\u00eetier rond de 39 mm en acier poli et satin\u00e9, cette montre offre une combinaison subtile de design classique et de d\u00e9tails modernes. La couronne en acier inoxydable et le fond transparent en verre saphir ajoutent une touche de distinction, tandis que le cadran blanc cass\u00e9 grain\u00e9, avec ses index trap\u00e9zo\u00efdaux en or et ses aiguilles alpha, respire la sophistication.<\/p>\n<p>Le mouvement automatique Clifton Baume &amp; Mercier Baumatic (BM13-1975A), avec une r\u00e9serve de marche de 5 jours et une \u00e9tanch\u00e9it\u00e9 \u00e0 5 ATM, garantit une pr\u00e9cision et une fiabilit\u00e9 exceptionnelles, tandis que le bracelet en alligator brun avec syst\u00e8me de fixation rapide apporte polyvalence et une touche de personnalisation \u00e0 cette montre.<\/p>\n<p>La Clifton 10773 est la montre id\u00e9ale pour l&rsquo;homme moderne, esth\u00e8te passionn\u00e9 de beaut\u00e9 et de savoir-faire, qui recherche une pi\u00e8ce alliant raffinement et confort, avec un design intemporel qui transcende les tendances.<\/p>\n","protected":false},"excerpt":{"rendered":"<p>La montre Clifton Baume &amp; Mercier 10773 est un joyau de haute horlogerie qui allie tradition et \u00e9l\u00e9gance contemporaine. Dot\u00e9e d&rsquo;un bo\u00eetier rond de 39 mm en acier poli et satin\u00e9, cette montre offre une combinaison subtile de design classique et de d\u00e9tails modernes. La couronne en acier inoxydable et le fond transparent en verre saphir ajoutent une touche de distinction, tandis que le cadran blanc cass\u00e9 grain\u00e9, avec ses index trap\u00e9zo\u00efdaux en or et ses aiguilles alpha, respire la sophistication.<\/p>\n","protected":false},"featured_media":33574,"comment_status":"closed","ping_status":"closed","template":"","meta":[],"product_brand":[],"product_cat":[2148,654],"product_tag":[],"class_list":{"0":"post-33582","1":"product","2":"type-product","3":"status-publish","4":"has-post-thumbnail","6":"product_cat-automatique","7":"product_cat-montres","8":"yith_product_brand-baumemercier-fr","10":"first","11":"instock","12":"shipping-taxable","13":"purchasable","14":"product-type-simple"},"acf":[],"yoast_head":"<!-- This site is optimized with the Yoast SEO plugin v27.3 - https:\/\/yoast.com\/product\/yoast-seo-wordpress\/ -->\n<title>Montre Clifton Baume &amp; Mercier - Wesselton | Bijoux et Diamants<\/title>\n<meta name=\"description\" content=\"La montre Clifton Baume &amp; Mercier Clifton 10773 est un joyau de la haute horlogerie qui allie tradition et \u00e9l\u00e9gance contemporaine.\" \/>\n<meta name=\"robots\" content=\"index, follow, max-snippet:-1, max-image-preview:large, max-video-preview:-1\" \/>\n<link rel=\"canonical\" href=\"https:\/\/www.wesselton.net\/fr\/montre-baume-mercier-clifton-10773-baumatic-automatique-39-mm\/\" \/>\n<meta property=\"og:locale\" content=\"fr_FR\" \/>\n<meta property=\"og:type\" content=\"article\" \/>\n<meta property=\"og:title\" content=\"Montre Clifton Baume &amp; Mercier - Wesselton | Bijoux et Diamants\" \/>\n<meta property=\"og:description\" content=\"La montre Clifton Baume &amp; Mercier Clifton 10773 est un joyau de la haute horlogerie qui allie tradition et \u00e9l\u00e9gance contemporaine.\" \/>\n<meta property=\"og:url\" content=\"https:\/\/www.wesselton.net\/fr\/montre-baume-mercier-clifton-10773-baumatic-automatique-39-mm\/\" \/>\n<meta property=\"og:site_name\" content=\"Wesselton | Bijoux et Diamants\" \/>\n<meta property=\"article:publisher\" content=\"https:\/\/www.facebook.com\/wesselton.oficial\/\" \/>\n<meta property=\"article:modified_time\" content=\"2026-03-09T11:49:57+00:00\" \/>\n<meta name=\"twitter:card\" content=\"summary_large_image\" \/>\n<meta name=\"twitter:label1\" content=\"Dur\u00e9e de lecture estim\u00e9e\" \/>\n\t<meta name=\"twitter:data1\" content=\"1 minute\" \/>\n<script type=\"application\/ld+json\" class=\"yoast-schema-graph\">{\"@context\":\"https:\\\/\\\/schema.org\",\"@graph\":[{\"@type\":\"WebPage\",\"@id\":\"https:\\\/\\\/www.wesselton.net\\\/fr\\\/montre-baume-mercier-clifton-10773-baumatic-automatique-39-mm\\\/\",\"url\":\"https:\\\/\\\/www.wesselton.net\\\/fr\\\/montre-baume-mercier-clifton-10773-baumatic-automatique-39-mm\\\/\",\"name\":\"Montre Clifton Baume & Mercier - Wesselton | Bijoux et Diamants\",\"isPartOf\":{\"@id\":\"https:\\\/\\\/www.wesselton.net\\\/#website\"},\"primaryImageOfPage\":{\"@id\":\"https:\\\/\\\/www.wesselton.net\\\/fr\\\/montre-baume-mercier-clifton-10773-baumatic-automatique-39-mm\\\/#primaryimage\"},\"image\":{\"@id\":\"https:\\\/\\\/www.wesselton.net\\\/fr\\\/montre-baume-mercier-clifton-10773-baumatic-automatique-39-mm\\\/#primaryimage\"},\"thumbnailUrl\":\"https:\\\/\\\/www.wesselton.net\\\/wp-content\\\/uploads\\\/e4gvfXnoQdyeZCTpjWGrbg.png.transform.bemproddetailshd.avif\",\"datePublished\":\"2026-03-09T11:37:56+00:00\",\"dateModified\":\"2026-03-09T11:49:57+00:00\",\"description\":\"La montre Clifton Baume & Mercier Clifton 10773 est un joyau de la haute horlogerie qui allie tradition et \u00e9l\u00e9gance contemporaine.\",\"breadcrumb\":{\"@id\":\"https:\\\/\\\/www.wesselton.net\\\/fr\\\/montre-baume-mercier-clifton-10773-baumatic-automatique-39-mm\\\/#breadcrumb\"},\"inLanguage\":\"fr-FR\",\"potentialAction\":[{\"@type\":\"ReadAction\",\"target\":[\"https:\\\/\\\/www.wesselton.net\\\/fr\\\/montre-baume-mercier-clifton-10773-baumatic-automatique-39-mm\\\/\"]}]},{\"@type\":\"ImageObject\",\"inLanguage\":\"fr-FR\",\"@id\":\"https:\\\/\\\/www.wesselton.net\\\/fr\\\/montre-baume-mercier-clifton-10773-baumatic-automatique-39-mm\\\/#primaryimage\",\"url\":\"https:\\\/\\\/www.wesselton.net\\\/wp-content\\\/uploads\\\/e4gvfXnoQdyeZCTpjWGrbg.png.transform.bemproddetailshd.avif\",\"contentUrl\":\"https:\\\/\\\/www.wesselton.net\\\/wp-content\\\/uploads\\\/e4gvfXnoQdyeZCTpjWGrbg.png.transform.bemproddetailshd.avif\",\"width\":533,\"height\":733},{\"@type\":\"BreadcrumbList\",\"@id\":\"https:\\\/\\\/www.wesselton.net\\\/fr\\\/montre-baume-mercier-clifton-10773-baumatic-automatique-39-mm\\\/#breadcrumb\",\"itemListElement\":[{\"@type\":\"ListItem\",\"position\":1,\"name\":\"Inici\",\"item\":\"https:\\\/\\\/www.wesselton.net\\\/fr\\\/\"},{\"@type\":\"ListItem\",\"position\":2,\"name\":\"Boutique\",\"item\":\"https:\\\/\\\/www.wesselton.net\\\/fr\\\/boutique\\\/\"},{\"@type\":\"ListItem\",\"position\":3,\"name\":\"Montre Baume &#038; Mercier Clifton 10773 Baumatic Automatique 39 mm\"}]},{\"@type\":\"WebSite\",\"@id\":\"https:\\\/\\\/www.wesselton.net\\\/#website\",\"url\":\"https:\\\/\\\/www.wesselton.net\\\/\",\"name\":\"Wesselton | Bijoux et Diamants\",\"description\":\"Diamants \u00fanics per moments \u00fanics. Peces d&#039;elaboraci\u00f3 pr\u00f2pia de m\u00e0xima qualitat, cuidades fins a l&#039;\u00faltim detall, i les millors marques de joieria.\",\"potentialAction\":[{\"@type\":\"SearchAction\",\"target\":{\"@type\":\"EntryPoint\",\"urlTemplate\":\"https:\\\/\\\/www.wesselton.net\\\/?s={search_term_string}\"},\"query-input\":{\"@type\":\"PropertyValueSpecification\",\"valueRequired\":true,\"valueName\":\"search_term_string\"}}],\"inLanguage\":\"fr-FR\"}]}<\/script>\n<!-- \/ Yoast SEO plugin. -->","yoast_head_json":{"title":"Montre Clifton Baume & Mercier - Wesselton | Bijoux et Diamants","description":"La montre Clifton Baume & Mercier Clifton 10773 est un joyau de la haute horlogerie qui allie tradition et \u00e9l\u00e9gance contemporaine.","robots":{"index":"index","follow":"follow","max-snippet":"max-snippet:-1","max-image-preview":"max-image-preview:large","max-video-preview":"max-video-preview:-1"},"canonical":"https:\/\/www.wesselton.net\/fr\/montre-baume-mercier-clifton-10773-baumatic-automatique-39-mm\/","og_locale":"fr_FR","og_type":"article","og_title":"Montre Clifton Baume & Mercier - Wesselton | Bijoux et Diamants","og_description":"La montre Clifton Baume & Mercier Clifton 10773 est un joyau de la haute horlogerie qui allie tradition et \u00e9l\u00e9gance contemporaine.","og_url":"https:\/\/www.wesselton.net\/fr\/montre-baume-mercier-clifton-10773-baumatic-automatique-39-mm\/","og_site_name":"Wesselton | Bijoux et Diamants","article_publisher":"https:\/\/www.facebook.com\/wesselton.oficial\/","article_modified_time":"2026-03-09T11:49:57+00:00","twitter_card":"summary_large_image","twitter_misc":{"Dur\u00e9e de lecture estim\u00e9e":"1 minute"},"schema":{"@context":"https:\/\/schema.org","@graph":[{"@type":"WebPage","@id":"https:\/\/www.wesselton.net\/fr\/montre-baume-mercier-clifton-10773-baumatic-automatique-39-mm\/","url":"https:\/\/www.wesselton.net\/fr\/montre-baume-mercier-clifton-10773-baumatic-automatique-39-mm\/","name":"Montre Clifton Baume & Mercier - Wesselton | Bijoux et Diamants","isPartOf":{"@id":"https:\/\/www.wesselton.net\/#website"},"primaryImageOfPage":{"@id":"https:\/\/www.wesselton.net\/fr\/montre-baume-mercier-clifton-10773-baumatic-automatique-39-mm\/#primaryimage"},"image":{"@id":"https:\/\/www.wesselton.net\/fr\/montre-baume-mercier-clifton-10773-baumatic-automatique-39-mm\/#primaryimage"},"thumbnailUrl":"https:\/\/www.wesselton.net\/wp-content\/uploads\/e4gvfXnoQdyeZCTpjWGrbg.png.transform.bemproddetailshd.avif","datePublished":"2026-03-09T11:37:56+00:00","dateModified":"2026-03-09T11:49:57+00:00","description":"La montre Clifton Baume & Mercier Clifton 10773 est un joyau de la haute horlogerie qui allie tradition et \u00e9l\u00e9gance contemporaine.","breadcrumb":{"@id":"https:\/\/www.wesselton.net\/fr\/montre-baume-mercier-clifton-10773-baumatic-automatique-39-mm\/#breadcrumb"},"inLanguage":"fr-FR","potentialAction":[{"@type":"ReadAction","target":["https:\/\/www.wesselton.net\/fr\/montre-baume-mercier-clifton-10773-baumatic-automatique-39-mm\/"]}]},{"@type":"ImageObject","inLanguage":"fr-FR","@id":"https:\/\/www.wesselton.net\/fr\/montre-baume-mercier-clifton-10773-baumatic-automatique-39-mm\/#primaryimage","url":"https:\/\/www.wesselton.net\/wp-content\/uploads\/e4gvfXnoQdyeZCTpjWGrbg.png.transform.bemproddetailshd.avif","contentUrl":"https:\/\/www.wesselton.net\/wp-content\/uploads\/e4gvfXnoQdyeZCTpjWGrbg.png.transform.bemproddetailshd.avif","width":533,"height":733},{"@type":"BreadcrumbList","@id":"https:\/\/www.wesselton.net\/fr\/montre-baume-mercier-clifton-10773-baumatic-automatique-39-mm\/#breadcrumb","itemListElement":[{"@type":"ListItem","position":1,"name":"Inici","item":"https:\/\/www.wesselton.net\/fr\/"},{"@type":"ListItem","position":2,"name":"Boutique","item":"https:\/\/www.wesselton.net\/fr\/boutique\/"},{"@type":"ListItem","position":3,"name":"Montre Baume &#038; Mercier Clifton 10773 Baumatic Automatique 39 mm"}]},{"@type":"WebSite","@id":"https:\/\/www.wesselton.net\/#website","url":"https:\/\/www.wesselton.net\/","name":"Wesselton | Bijoux et Diamants","description":"Diamants \u00fanics per moments \u00fanics. Peces d&#039;elaboraci\u00f3 pr\u00f2pia de m\u00e0xima qualitat, cuidades fins a l&#039;\u00faltim detall, i les millors marques de joieria.","potentialAction":[{"@type":"SearchAction","target":{"@type":"EntryPoint","urlTemplate":"https:\/\/www.wesselton.net\/?s={search_term_string}"},"query-input":{"@type":"PropertyValueSpecification","valueRequired":true,"valueName":"search_term_string"}}],"inLanguage":"fr-FR"}]}},"_links":{"self":[{"href":"https:\/\/www.wesselton.net\/fr\/wp-json\/wp\/v2\/product\/33582","targetHints":{"allow":["GET"]}}],"collection":[{"href":"https:\/\/www.wesselton.net\/fr\/wp-json\/wp\/v2\/product"}],"about":[{"href":"https:\/\/www.wesselton.net\/fr\/wp-json\/wp\/v2\/types\/product"}],"replies":[{"embeddable":true,"href":"https:\/\/www.wesselton.net\/fr\/wp-json\/wp\/v2\/comments?post=33582"}],"wp:featuredmedia":[{"embeddable":true,"href":"https:\/\/www.wesselton.net\/fr\/wp-json\/wp\/v2\/media\/33574"}],"wp:attachment":[{"href":"https:\/\/www.wesselton.net\/fr\/wp-json\/wp\/v2\/media?parent=33582"}],"wp:term":[{"taxonomy":"product_brand","embeddable":true,"href":"https:\/\/www.wesselton.net\/fr\/wp-json\/wp\/v2\/product_brand?post=33582"},{"taxonomy":"product_cat","embeddable":true,"href":"https:\/\/www.wesselton.net\/fr\/wp-json\/wp\/v2\/product_cat?post=33582"},{"taxonomy":"product_tag","embeddable":true,"href":"https:\/\/www.wesselton.net\/fr\/wp-json\/wp\/v2\/product_tag?post=33582"}],"curies":[{"name":"wp","href":"https:\/\/api.w.org\/{rel}","templated":true}]}}