

{"id":33601,"date":"2026-03-10T11:44:47","date_gmt":"2026-03-10T09:44:47","guid":{"rendered":"https:\/\/www.wesselton.net\/montre-baume-mercier-hampton-10795-quartz-avec-bracelet-en-cuir-noir\/"},"modified":"2026-03-10T12:06:06","modified_gmt":"2026-03-10T10:06:06","slug":"montre-baume-mercier-hampton-10795-quartz-avec-bracelet-en-cuir-noir","status":"publish","type":"product","link":"https:\/\/www.wesselton.net\/fr\/montre-baume-mercier-hampton-10795-quartz-avec-bracelet-en-cuir-noir\/","title":{"rendered":"Montre Baume &#038; Mercier Hampton 10795 Quartz avec bracelet en cuir noir"},"content":{"rendered":"<p>La montre Baume &amp; Mercier Hampton 10795 incarne la sobri\u00e9t\u00e9 raffin\u00e9e et la pr\u00e9cision technique de la collection Hampton. Son cadran opalin blanc argent\u00e9 se distingue par ses chiffres arabes rhodi\u00e9s \u00e0 12 et 6 heures, ainsi que par ses index cercl\u00e9s de rhodium qui lui conf\u00e8rent un design minimaliste et \u00e9l\u00e9gant. Les aiguilles bleuies en forme de glaive et l&rsquo;aiguille des minutes grise offrent un contraste lumineux et sophistiqu\u00e9.<\/p>\n<p>Le bo\u00eetier rectangulaire en acier inoxydable poli, avec sa couronne cabochon et son spinelle synth\u00e9tique bleu incrust\u00e9, ajoute une touche de distinction et de caract\u00e8re \u2013 un d\u00e9tail signature de Baume &amp; Mercier. Le bracelet interchangeable en cuir noir \u00e0 motif alligator apporte polyvalence et \u00e9l\u00e9gance, et est dot\u00e9 d&rsquo;un syst\u00e8me de fixation rapide pour une personnalisation simple et rapide.<\/p>\n<p>La montre Baume &amp; Mercier Hampton 10795 se distingue par sa capacit\u00e9 \u00e0 allier rigueur technique et esth\u00e9tique, cr\u00e9ant ainsi un garde-temps intemporel, fonctionnel et distingu\u00e9. Une montre con\u00e7ue pour ceux qui appr\u00e9cient la beaut\u00e9 des bijoux pr\u00e9cis et sophistiqu\u00e9s.<\/p>\n","protected":false},"excerpt":{"rendered":"<p>La montre Baume &amp; Mercier Hampton 10795 incarne la sobri\u00e9t\u00e9 raffin\u00e9e et la pr\u00e9cision technique de la collection Hampton. Son cadran opalin blanc argent\u00e9 se distingue par ses chiffres arabes rhodi\u00e9s \u00e0 12 et 6 heures, ainsi que par ses index cercl\u00e9s de rhodium, qui contribuent \u00e0 un design r\u00e9solument minimaliste et \u00e9l\u00e9gant. Les aiguilles bleuies en forme de glaive et l&rsquo;aiguille des minutes grise offrent un contraste lumineux et sophistiqu\u00e9.<\/p>\n","protected":false},"featured_media":33589,"comment_status":"closed","ping_status":"closed","template":"","meta":[],"product_brand":[],"product_cat":[2399,654],"product_tag":[],"class_list":{"0":"post-33601","1":"product","2":"type-product","3":"status-publish","4":"has-post-thumbnail","6":"product_cat-hommes","7":"product_cat-montres","8":"yith_product_brand-baumemercier-fr","10":"first","11":"instock","12":"shipping-taxable","13":"purchasable","14":"product-type-simple"},"acf":[],"yoast_head":"<!-- This site is optimized with the Yoast SEO plugin v27.3 - https:\/\/yoast.com\/product\/yoast-seo-wordpress\/ -->\n<title>Montre Baume &amp; Mercier Hampton 10795 - Wesselton | Bijoux et Diamants<\/title>\n<meta name=\"description\" content=\"La montre Baume &amp; Mercier Hampton 10795 incarne la sobri\u00e9t\u00e9 raffin\u00e9e et la pr\u00e9cision technique de la collection Hampton. Son cadran est blanc argent\u00e9.\" \/>\n<meta name=\"robots\" content=\"index, follow, max-snippet:-1, max-image-preview:large, max-video-preview:-1\" \/>\n<link rel=\"canonical\" href=\"https:\/\/www.wesselton.net\/fr\/montre-baume-mercier-hampton-10795-quartz-avec-bracelet-en-cuir-noir\/\" \/>\n<meta property=\"og:locale\" content=\"fr_FR\" \/>\n<meta property=\"og:type\" content=\"article\" \/>\n<meta property=\"og:title\" content=\"Montre Baume &amp; Mercier Hampton 10795 - Wesselton | Bijoux et Diamants\" \/>\n<meta property=\"og:description\" content=\"La montre Baume &amp; Mercier Hampton 10795 incarne la sobri\u00e9t\u00e9 raffin\u00e9e et la pr\u00e9cision technique de la collection Hampton. Son cadran est blanc argent\u00e9.\" \/>\n<meta property=\"og:url\" content=\"https:\/\/www.wesselton.net\/fr\/montre-baume-mercier-hampton-10795-quartz-avec-bracelet-en-cuir-noir\/\" \/>\n<meta property=\"og:site_name\" content=\"Wesselton | Bijoux et Diamants\" \/>\n<meta property=\"article:publisher\" content=\"https:\/\/www.facebook.com\/wesselton.oficial\/\" \/>\n<meta property=\"article:modified_time\" content=\"2026-03-10T10:06:06+00:00\" \/>\n<meta name=\"twitter:card\" content=\"summary_large_image\" \/>\n<meta name=\"twitter:label1\" content=\"Dur\u00e9e de lecture estim\u00e9e\" \/>\n\t<meta name=\"twitter:data1\" content=\"1 minute\" \/>\n<script type=\"application\/ld+json\" class=\"yoast-schema-graph\">{\"@context\":\"https:\\\/\\\/schema.org\",\"@graph\":[{\"@type\":\"WebPage\",\"@id\":\"https:\\\/\\\/www.wesselton.net\\\/fr\\\/montre-baume-mercier-hampton-10795-quartz-avec-bracelet-en-cuir-noir\\\/\",\"url\":\"https:\\\/\\\/www.wesselton.net\\\/fr\\\/montre-baume-mercier-hampton-10795-quartz-avec-bracelet-en-cuir-noir\\\/\",\"name\":\"Montre Baume & Mercier Hampton 10795 - Wesselton | Bijoux et Diamants\",\"isPartOf\":{\"@id\":\"https:\\\/\\\/www.wesselton.net\\\/#website\"},\"primaryImageOfPage\":{\"@id\":\"https:\\\/\\\/www.wesselton.net\\\/fr\\\/montre-baume-mercier-hampton-10795-quartz-avec-bracelet-en-cuir-noir\\\/#primaryimage\"},\"image\":{\"@id\":\"https:\\\/\\\/www.wesselton.net\\\/fr\\\/montre-baume-mercier-hampton-10795-quartz-avec-bracelet-en-cuir-noir\\\/#primaryimage\"},\"thumbnailUrl\":\"https:\\\/\\\/www.wesselton.net\\\/wp-content\\\/uploads\\\/TXJah5g5RoyVGAmL_pYhbQ.png.transform.bemproddetailshd.avif\",\"datePublished\":\"2026-03-10T09:44:47+00:00\",\"dateModified\":\"2026-03-10T10:06:06+00:00\",\"description\":\"La montre Baume & Mercier Hampton 10795 incarne la sobri\u00e9t\u00e9 raffin\u00e9e et la pr\u00e9cision technique de la collection Hampton. Son cadran est blanc argent\u00e9.\",\"breadcrumb\":{\"@id\":\"https:\\\/\\\/www.wesselton.net\\\/fr\\\/montre-baume-mercier-hampton-10795-quartz-avec-bracelet-en-cuir-noir\\\/#breadcrumb\"},\"inLanguage\":\"fr-FR\",\"potentialAction\":[{\"@type\":\"ReadAction\",\"target\":[\"https:\\\/\\\/www.wesselton.net\\\/fr\\\/montre-baume-mercier-hampton-10795-quartz-avec-bracelet-en-cuir-noir\\\/\"]}]},{\"@type\":\"ImageObject\",\"inLanguage\":\"fr-FR\",\"@id\":\"https:\\\/\\\/www.wesselton.net\\\/fr\\\/montre-baume-mercier-hampton-10795-quartz-avec-bracelet-en-cuir-noir\\\/#primaryimage\",\"url\":\"https:\\\/\\\/www.wesselton.net\\\/wp-content\\\/uploads\\\/TXJah5g5RoyVGAmL_pYhbQ.png.transform.bemproddetailshd.avif\",\"contentUrl\":\"https:\\\/\\\/www.wesselton.net\\\/wp-content\\\/uploads\\\/TXJah5g5RoyVGAmL_pYhbQ.png.transform.bemproddetailshd.avif\",\"width\":533,\"height\":733,\"caption\":\"Montre Baume & Mercier Hampton\"},{\"@type\":\"BreadcrumbList\",\"@id\":\"https:\\\/\\\/www.wesselton.net\\\/fr\\\/montre-baume-mercier-hampton-10795-quartz-avec-bracelet-en-cuir-noir\\\/#breadcrumb\",\"itemListElement\":[{\"@type\":\"ListItem\",\"position\":1,\"name\":\"Inici\",\"item\":\"https:\\\/\\\/www.wesselton.net\\\/fr\\\/\"},{\"@type\":\"ListItem\",\"position\":2,\"name\":\"Boutique\",\"item\":\"https:\\\/\\\/www.wesselton.net\\\/fr\\\/boutique\\\/\"},{\"@type\":\"ListItem\",\"position\":3,\"name\":\"Montre Baume &#038; Mercier Hampton 10795 Quartz avec bracelet en cuir noir\"}]},{\"@type\":\"WebSite\",\"@id\":\"https:\\\/\\\/www.wesselton.net\\\/#website\",\"url\":\"https:\\\/\\\/www.wesselton.net\\\/\",\"name\":\"Wesselton | Bijoux et Diamants\",\"description\":\"Diamants \u00fanics per moments \u00fanics. Peces d&#039;elaboraci\u00f3 pr\u00f2pia de m\u00e0xima qualitat, cuidades fins a l&#039;\u00faltim detall, i les millors marques de joieria.\",\"potentialAction\":[{\"@type\":\"SearchAction\",\"target\":{\"@type\":\"EntryPoint\",\"urlTemplate\":\"https:\\\/\\\/www.wesselton.net\\\/?s={search_term_string}\"},\"query-input\":{\"@type\":\"PropertyValueSpecification\",\"valueRequired\":true,\"valueName\":\"search_term_string\"}}],\"inLanguage\":\"fr-FR\"}]}<\/script>\n<!-- \/ Yoast SEO plugin. -->","yoast_head_json":{"title":"Montre Baume & Mercier Hampton 10795 - Wesselton | Bijoux et Diamants","description":"La montre Baume & Mercier Hampton 10795 incarne la sobri\u00e9t\u00e9 raffin\u00e9e et la pr\u00e9cision technique de la collection Hampton. Son cadran est blanc argent\u00e9.","robots":{"index":"index","follow":"follow","max-snippet":"max-snippet:-1","max-image-preview":"max-image-preview:large","max-video-preview":"max-video-preview:-1"},"canonical":"https:\/\/www.wesselton.net\/fr\/montre-baume-mercier-hampton-10795-quartz-avec-bracelet-en-cuir-noir\/","og_locale":"fr_FR","og_type":"article","og_title":"Montre Baume & Mercier Hampton 10795 - Wesselton | Bijoux et Diamants","og_description":"La montre Baume & Mercier Hampton 10795 incarne la sobri\u00e9t\u00e9 raffin\u00e9e et la pr\u00e9cision technique de la collection Hampton. Son cadran est blanc argent\u00e9.","og_url":"https:\/\/www.wesselton.net\/fr\/montre-baume-mercier-hampton-10795-quartz-avec-bracelet-en-cuir-noir\/","og_site_name":"Wesselton | Bijoux et Diamants","article_publisher":"https:\/\/www.facebook.com\/wesselton.oficial\/","article_modified_time":"2026-03-10T10:06:06+00:00","twitter_card":"summary_large_image","twitter_misc":{"Dur\u00e9e de lecture estim\u00e9e":"1 minute"},"schema":{"@context":"https:\/\/schema.org","@graph":[{"@type":"WebPage","@id":"https:\/\/www.wesselton.net\/fr\/montre-baume-mercier-hampton-10795-quartz-avec-bracelet-en-cuir-noir\/","url":"https:\/\/www.wesselton.net\/fr\/montre-baume-mercier-hampton-10795-quartz-avec-bracelet-en-cuir-noir\/","name":"Montre Baume & Mercier Hampton 10795 - Wesselton | Bijoux et Diamants","isPartOf":{"@id":"https:\/\/www.wesselton.net\/#website"},"primaryImageOfPage":{"@id":"https:\/\/www.wesselton.net\/fr\/montre-baume-mercier-hampton-10795-quartz-avec-bracelet-en-cuir-noir\/#primaryimage"},"image":{"@id":"https:\/\/www.wesselton.net\/fr\/montre-baume-mercier-hampton-10795-quartz-avec-bracelet-en-cuir-noir\/#primaryimage"},"thumbnailUrl":"https:\/\/www.wesselton.net\/wp-content\/uploads\/TXJah5g5RoyVGAmL_pYhbQ.png.transform.bemproddetailshd.avif","datePublished":"2026-03-10T09:44:47+00:00","dateModified":"2026-03-10T10:06:06+00:00","description":"La montre Baume & Mercier Hampton 10795 incarne la sobri\u00e9t\u00e9 raffin\u00e9e et la pr\u00e9cision technique de la collection Hampton. Son cadran est blanc argent\u00e9.","breadcrumb":{"@id":"https:\/\/www.wesselton.net\/fr\/montre-baume-mercier-hampton-10795-quartz-avec-bracelet-en-cuir-noir\/#breadcrumb"},"inLanguage":"fr-FR","potentialAction":[{"@type":"ReadAction","target":["https:\/\/www.wesselton.net\/fr\/montre-baume-mercier-hampton-10795-quartz-avec-bracelet-en-cuir-noir\/"]}]},{"@type":"ImageObject","inLanguage":"fr-FR","@id":"https:\/\/www.wesselton.net\/fr\/montre-baume-mercier-hampton-10795-quartz-avec-bracelet-en-cuir-noir\/#primaryimage","url":"https:\/\/www.wesselton.net\/wp-content\/uploads\/TXJah5g5RoyVGAmL_pYhbQ.png.transform.bemproddetailshd.avif","contentUrl":"https:\/\/www.wesselton.net\/wp-content\/uploads\/TXJah5g5RoyVGAmL_pYhbQ.png.transform.bemproddetailshd.avif","width":533,"height":733,"caption":"Montre Baume & Mercier Hampton"},{"@type":"BreadcrumbList","@id":"https:\/\/www.wesselton.net\/fr\/montre-baume-mercier-hampton-10795-quartz-avec-bracelet-en-cuir-noir\/#breadcrumb","itemListElement":[{"@type":"ListItem","position":1,"name":"Inici","item":"https:\/\/www.wesselton.net\/fr\/"},{"@type":"ListItem","position":2,"name":"Boutique","item":"https:\/\/www.wesselton.net\/fr\/boutique\/"},{"@type":"ListItem","position":3,"name":"Montre Baume &#038; Mercier Hampton 10795 Quartz avec bracelet en cuir noir"}]},{"@type":"WebSite","@id":"https:\/\/www.wesselton.net\/#website","url":"https:\/\/www.wesselton.net\/","name":"Wesselton | Bijoux et Diamants","description":"Diamants \u00fanics per moments \u00fanics. Peces d&#039;elaboraci\u00f3 pr\u00f2pia de m\u00e0xima qualitat, cuidades fins a l&#039;\u00faltim detall, i les millors marques de joieria.","potentialAction":[{"@type":"SearchAction","target":{"@type":"EntryPoint","urlTemplate":"https:\/\/www.wesselton.net\/?s={search_term_string}"},"query-input":{"@type":"PropertyValueSpecification","valueRequired":true,"valueName":"search_term_string"}}],"inLanguage":"fr-FR"}]}},"_links":{"self":[{"href":"https:\/\/www.wesselton.net\/fr\/wp-json\/wp\/v2\/product\/33601","targetHints":{"allow":["GET"]}}],"collection":[{"href":"https:\/\/www.wesselton.net\/fr\/wp-json\/wp\/v2\/product"}],"about":[{"href":"https:\/\/www.wesselton.net\/fr\/wp-json\/wp\/v2\/types\/product"}],"replies":[{"embeddable":true,"href":"https:\/\/www.wesselton.net\/fr\/wp-json\/wp\/v2\/comments?post=33601"}],"wp:featuredmedia":[{"embeddable":true,"href":"https:\/\/www.wesselton.net\/fr\/wp-json\/wp\/v2\/media\/33589"}],"wp:attachment":[{"href":"https:\/\/www.wesselton.net\/fr\/wp-json\/wp\/v2\/media?parent=33601"}],"wp:term":[{"taxonomy":"product_brand","embeddable":true,"href":"https:\/\/www.wesselton.net\/fr\/wp-json\/wp\/v2\/product_brand?post=33601"},{"taxonomy":"product_cat","embeddable":true,"href":"https:\/\/www.wesselton.net\/fr\/wp-json\/wp\/v2\/product_cat?post=33601"},{"taxonomy":"product_tag","embeddable":true,"href":"https:\/\/www.wesselton.net\/fr\/wp-json\/wp\/v2\/product_tag?post=33601"}],"curies":[{"name":"wp","href":"https:\/\/api.w.org\/{rel}","templated":true}]}}