

{"id":33617,"date":"2026-03-10T12:18:42","date_gmt":"2026-03-10T10:18:42","guid":{"rendered":"https:\/\/www.wesselton.net\/montre-balm-mercier-hampton-10751-a-quartz-avec-bracelet-en-acier-et-or-rose\/"},"modified":"2026-03-10T12:45:47","modified_gmt":"2026-03-10T10:45:47","slug":"la-montre-balm-mercier-hampton-10751-a-quartz-avec-bracelet-en-acier-et-or-rose","status":"publish","type":"product","link":"https:\/\/www.wesselton.net\/fr\/la-montre-balm-mercier-hampton-10751-a-quartz-avec-bracelet-en-acier-et-or-rose\/","title":{"rendered":"Montre Balm &#038; Mercier Hampton 10751 \u00e0 quartz avec bracelet en acier et or rose"},"content":{"rendered":"<p>La Montre \u00e0 quartz Baume &amp; Mercier Hampton 10751 est l&rsquo;alliance parfaite d&rsquo;une \u00e9l\u00e9gance intemporelle et d&rsquo;une pr\u00e9cision remarquable. Dot\u00e9e d&rsquo;un mouvement \u00e0 quartz de haute qualit\u00e9, elle offre une garantie de fiabilit\u00e9 et de pr\u00e9cision de 8 ans. Son bo\u00eetier en acier inoxydable poli, son cadran opalin orn\u00e9 de chiffres arabes dor\u00e9s et d&rsquo;aiguilles en forme d&rsquo;\u00e9p\u00e9e, d\u00e9gagent une sophistication discr\u00e8te et affirm\u00e9e, id\u00e9ale pour l&rsquo;homme moderne qui appr\u00e9cie la qualit\u00e9 et le design.<\/p>\n<p>La Montre \u00e0 quartz Baume &amp; Mercier s&rsquo;adapte \u00e0 chaque instant de la journ\u00e9e. Son bracelet interchangeable, compos\u00e9 de maillons en acier inoxydable aux finitions polies et satin\u00e9es, et en acier plaqu\u00e9 or rose, offre une polyvalence et un style incomparables. Son design se porte aussi bien de jour que de nuit, ce qui en fait le bijou id\u00e9al pour toutes les occasions, d&rsquo;une soir\u00e9e \u00e9l\u00e9gante \u00e0 une escapade de week-end.<\/p>\n<p>Avec la Hampton 10751, chaque mouvement est un gage de pr\u00e9cision et de raffinement, faisant de cette montre une pi\u00e8ce incontournable de toute collection.<\/p>\n","protected":false},"excerpt":{"rendered":"<p>La montre \u00e0 quartz Balm &amp; Mercier Hampton 10751 allie \u00e0 la perfection \u00e9l\u00e9gance intemporelle et pr\u00e9cision. Dot\u00e9e d&rsquo;un mouvement \u00e0 quartz de haute qualit\u00e9, elle offre une garantie de fiabilit\u00e9 et de pr\u00e9cision de 8 ans. Son bo\u00eetier en acier inoxydable poli, son cadran opalin orn\u00e9 de chiffres arabes dor\u00e9s et d&rsquo;aiguilles en forme d&rsquo;\u00e9p\u00e9e, lui conf\u00e8rent une sophistication discr\u00e8te et affirm\u00e9e, id\u00e9ale pour l&rsquo;homme moderne qui appr\u00e9cie la qualit\u00e9 et le design.<\/p>\n","protected":false},"featured_media":33606,"comment_status":"closed","ping_status":"closed","template":"","meta":[],"product_brand":[],"product_cat":[2399,654],"product_tag":[],"class_list":{"0":"post-33617","1":"product","2":"type-product","3":"status-publish","4":"has-post-thumbnail","6":"product_cat-hommes","7":"product_cat-montres","8":"yith_product_brand-baumemercier-fr","10":"first","11":"instock","12":"shipping-taxable","13":"purchasable","14":"product-type-simple"},"acf":[],"yoast_head":"<!-- This site is optimized with the Yoast SEO plugin v27.3 - https:\/\/yoast.com\/product\/yoast-seo-wordpress\/ -->\n<title>La Montre \u00e0 quartz Baume &amp; Mercier - Wesselton | Bijoux et Diamants<\/title>\n<meta name=\"description\" content=\"La Montre \u00e0 quartz Baume &amp; Mercier Hampton 10751 \u00e0 quartz allie \u00e0 la perfection \u00e9l\u00e9gance intemporelle et pr\u00e9cision. Elle est dot\u00e9e d&#039;un mouvement \u00e0 quartz\" \/>\n<meta name=\"robots\" content=\"index, follow, max-snippet:-1, max-image-preview:large, max-video-preview:-1\" \/>\n<link rel=\"canonical\" href=\"https:\/\/www.wesselton.net\/fr\/la-montre-balm-mercier-hampton-10751-a-quartz-avec-bracelet-en-acier-et-or-rose\/\" \/>\n<meta property=\"og:locale\" content=\"fr_FR\" \/>\n<meta property=\"og:type\" content=\"article\" \/>\n<meta property=\"og:title\" content=\"La Montre \u00e0 quartz Baume &amp; Mercier - Wesselton | Bijoux et Diamants\" \/>\n<meta property=\"og:description\" content=\"La Montre \u00e0 quartz Baume &amp; Mercier Hampton 10751 \u00e0 quartz allie \u00e0 la perfection \u00e9l\u00e9gance intemporelle et pr\u00e9cision. Elle est dot\u00e9e d&#039;un mouvement \u00e0 quartz\" \/>\n<meta property=\"og:url\" content=\"https:\/\/www.wesselton.net\/fr\/la-montre-balm-mercier-hampton-10751-a-quartz-avec-bracelet-en-acier-et-or-rose\/\" \/>\n<meta property=\"og:site_name\" content=\"Wesselton | Bijoux et Diamants\" \/>\n<meta property=\"article:publisher\" content=\"https:\/\/www.facebook.com\/wesselton.oficial\/\" \/>\n<meta property=\"article:modified_time\" content=\"2026-03-10T10:45:47+00:00\" \/>\n<meta name=\"twitter:card\" content=\"summary_large_image\" \/>\n<meta name=\"twitter:label1\" content=\"Dur\u00e9e de lecture estim\u00e9e\" \/>\n\t<meta name=\"twitter:data1\" content=\"1 minute\" \/>\n<script type=\"application\/ld+json\" class=\"yoast-schema-graph\">{\"@context\":\"https:\\\/\\\/schema.org\",\"@graph\":[{\"@type\":\"WebPage\",\"@id\":\"https:\\\/\\\/www.wesselton.net\\\/fr\\\/la-montre-balm-mercier-hampton-10751-a-quartz-avec-bracelet-en-acier-et-or-rose\\\/\",\"url\":\"https:\\\/\\\/www.wesselton.net\\\/fr\\\/la-montre-balm-mercier-hampton-10751-a-quartz-avec-bracelet-en-acier-et-or-rose\\\/\",\"name\":\"La Montre \u00e0 quartz Baume & Mercier - Wesselton | Bijoux et Diamants\",\"isPartOf\":{\"@id\":\"https:\\\/\\\/www.wesselton.net\\\/#website\"},\"primaryImageOfPage\":{\"@id\":\"https:\\\/\\\/www.wesselton.net\\\/fr\\\/la-montre-balm-mercier-hampton-10751-a-quartz-avec-bracelet-en-acier-et-or-rose\\\/#primaryimage\"},\"image\":{\"@id\":\"https:\\\/\\\/www.wesselton.net\\\/fr\\\/la-montre-balm-mercier-hampton-10751-a-quartz-avec-bracelet-en-acier-et-or-rose\\\/#primaryimage\"},\"thumbnailUrl\":\"https:\\\/\\\/www.wesselton.net\\\/wp-content\\\/uploads\\\/NvaNivtdQ-2ONXDQ7hbi9w.png.transform.bemproddetailshd.avif\",\"datePublished\":\"2026-03-10T10:18:42+00:00\",\"dateModified\":\"2026-03-10T10:45:47+00:00\",\"description\":\"La Montre \u00e0 quartz Baume & Mercier Hampton 10751 \u00e0 quartz allie \u00e0 la perfection \u00e9l\u00e9gance intemporelle et pr\u00e9cision. Elle est dot\u00e9e d'un mouvement \u00e0 quartz\",\"breadcrumb\":{\"@id\":\"https:\\\/\\\/www.wesselton.net\\\/fr\\\/la-montre-balm-mercier-hampton-10751-a-quartz-avec-bracelet-en-acier-et-or-rose\\\/#breadcrumb\"},\"inLanguage\":\"fr-FR\",\"potentialAction\":[{\"@type\":\"ReadAction\",\"target\":[\"https:\\\/\\\/www.wesselton.net\\\/fr\\\/la-montre-balm-mercier-hampton-10751-a-quartz-avec-bracelet-en-acier-et-or-rose\\\/\"]}]},{\"@type\":\"ImageObject\",\"inLanguage\":\"fr-FR\",\"@id\":\"https:\\\/\\\/www.wesselton.net\\\/fr\\\/la-montre-balm-mercier-hampton-10751-a-quartz-avec-bracelet-en-acier-et-or-rose\\\/#primaryimage\",\"url\":\"https:\\\/\\\/www.wesselton.net\\\/wp-content\\\/uploads\\\/NvaNivtdQ-2ONXDQ7hbi9w.png.transform.bemproddetailshd.avif\",\"contentUrl\":\"https:\\\/\\\/www.wesselton.net\\\/wp-content\\\/uploads\\\/NvaNivtdQ-2ONXDQ7hbi9w.png.transform.bemproddetailshd.avif\",\"width\":533,\"height\":733,\"caption\":\"La Montre \u00e0 quartz Baume & Mercier\"},{\"@type\":\"BreadcrumbList\",\"@id\":\"https:\\\/\\\/www.wesselton.net\\\/fr\\\/la-montre-balm-mercier-hampton-10751-a-quartz-avec-bracelet-en-acier-et-or-rose\\\/#breadcrumb\",\"itemListElement\":[{\"@type\":\"ListItem\",\"position\":1,\"name\":\"Inici\",\"item\":\"https:\\\/\\\/www.wesselton.net\\\/fr\\\/\"},{\"@type\":\"ListItem\",\"position\":2,\"name\":\"Boutique\",\"item\":\"https:\\\/\\\/www.wesselton.net\\\/fr\\\/boutique\\\/\"},{\"@type\":\"ListItem\",\"position\":3,\"name\":\"Montre Balm &#038; Mercier Hampton 10751 \u00e0 quartz avec bracelet en acier et or rose\"}]},{\"@type\":\"WebSite\",\"@id\":\"https:\\\/\\\/www.wesselton.net\\\/#website\",\"url\":\"https:\\\/\\\/www.wesselton.net\\\/\",\"name\":\"Wesselton | Bijoux et Diamants\",\"description\":\"Diamants \u00fanics per moments \u00fanics. Peces d&#039;elaboraci\u00f3 pr\u00f2pia de m\u00e0xima qualitat, cuidades fins a l&#039;\u00faltim detall, i les millors marques de joieria.\",\"potentialAction\":[{\"@type\":\"SearchAction\",\"target\":{\"@type\":\"EntryPoint\",\"urlTemplate\":\"https:\\\/\\\/www.wesselton.net\\\/?s={search_term_string}\"},\"query-input\":{\"@type\":\"PropertyValueSpecification\",\"valueRequired\":true,\"valueName\":\"search_term_string\"}}],\"inLanguage\":\"fr-FR\"}]}<\/script>\n<!-- \/ Yoast SEO plugin. -->","yoast_head_json":{"title":"La Montre \u00e0 quartz Baume & Mercier - Wesselton | Bijoux et Diamants","description":"La Montre \u00e0 quartz Baume & Mercier Hampton 10751 \u00e0 quartz allie \u00e0 la perfection \u00e9l\u00e9gance intemporelle et pr\u00e9cision. Elle est dot\u00e9e d'un mouvement \u00e0 quartz","robots":{"index":"index","follow":"follow","max-snippet":"max-snippet:-1","max-image-preview":"max-image-preview:large","max-video-preview":"max-video-preview:-1"},"canonical":"https:\/\/www.wesselton.net\/fr\/la-montre-balm-mercier-hampton-10751-a-quartz-avec-bracelet-en-acier-et-or-rose\/","og_locale":"fr_FR","og_type":"article","og_title":"La Montre \u00e0 quartz Baume & Mercier - Wesselton | Bijoux et Diamants","og_description":"La Montre \u00e0 quartz Baume & Mercier Hampton 10751 \u00e0 quartz allie \u00e0 la perfection \u00e9l\u00e9gance intemporelle et pr\u00e9cision. Elle est dot\u00e9e d'un mouvement \u00e0 quartz","og_url":"https:\/\/www.wesselton.net\/fr\/la-montre-balm-mercier-hampton-10751-a-quartz-avec-bracelet-en-acier-et-or-rose\/","og_site_name":"Wesselton | Bijoux et Diamants","article_publisher":"https:\/\/www.facebook.com\/wesselton.oficial\/","article_modified_time":"2026-03-10T10:45:47+00:00","twitter_card":"summary_large_image","twitter_misc":{"Dur\u00e9e de lecture estim\u00e9e":"1 minute"},"schema":{"@context":"https:\/\/schema.org","@graph":[{"@type":"WebPage","@id":"https:\/\/www.wesselton.net\/fr\/la-montre-balm-mercier-hampton-10751-a-quartz-avec-bracelet-en-acier-et-or-rose\/","url":"https:\/\/www.wesselton.net\/fr\/la-montre-balm-mercier-hampton-10751-a-quartz-avec-bracelet-en-acier-et-or-rose\/","name":"La Montre \u00e0 quartz Baume & Mercier - Wesselton | Bijoux et Diamants","isPartOf":{"@id":"https:\/\/www.wesselton.net\/#website"},"primaryImageOfPage":{"@id":"https:\/\/www.wesselton.net\/fr\/la-montre-balm-mercier-hampton-10751-a-quartz-avec-bracelet-en-acier-et-or-rose\/#primaryimage"},"image":{"@id":"https:\/\/www.wesselton.net\/fr\/la-montre-balm-mercier-hampton-10751-a-quartz-avec-bracelet-en-acier-et-or-rose\/#primaryimage"},"thumbnailUrl":"https:\/\/www.wesselton.net\/wp-content\/uploads\/NvaNivtdQ-2ONXDQ7hbi9w.png.transform.bemproddetailshd.avif","datePublished":"2026-03-10T10:18:42+00:00","dateModified":"2026-03-10T10:45:47+00:00","description":"La Montre \u00e0 quartz Baume & Mercier Hampton 10751 \u00e0 quartz allie \u00e0 la perfection \u00e9l\u00e9gance intemporelle et pr\u00e9cision. Elle est dot\u00e9e d'un mouvement \u00e0 quartz","breadcrumb":{"@id":"https:\/\/www.wesselton.net\/fr\/la-montre-balm-mercier-hampton-10751-a-quartz-avec-bracelet-en-acier-et-or-rose\/#breadcrumb"},"inLanguage":"fr-FR","potentialAction":[{"@type":"ReadAction","target":["https:\/\/www.wesselton.net\/fr\/la-montre-balm-mercier-hampton-10751-a-quartz-avec-bracelet-en-acier-et-or-rose\/"]}]},{"@type":"ImageObject","inLanguage":"fr-FR","@id":"https:\/\/www.wesselton.net\/fr\/la-montre-balm-mercier-hampton-10751-a-quartz-avec-bracelet-en-acier-et-or-rose\/#primaryimage","url":"https:\/\/www.wesselton.net\/wp-content\/uploads\/NvaNivtdQ-2ONXDQ7hbi9w.png.transform.bemproddetailshd.avif","contentUrl":"https:\/\/www.wesselton.net\/wp-content\/uploads\/NvaNivtdQ-2ONXDQ7hbi9w.png.transform.bemproddetailshd.avif","width":533,"height":733,"caption":"La Montre \u00e0 quartz Baume & Mercier"},{"@type":"BreadcrumbList","@id":"https:\/\/www.wesselton.net\/fr\/la-montre-balm-mercier-hampton-10751-a-quartz-avec-bracelet-en-acier-et-or-rose\/#breadcrumb","itemListElement":[{"@type":"ListItem","position":1,"name":"Inici","item":"https:\/\/www.wesselton.net\/fr\/"},{"@type":"ListItem","position":2,"name":"Boutique","item":"https:\/\/www.wesselton.net\/fr\/boutique\/"},{"@type":"ListItem","position":3,"name":"Montre Balm &#038; Mercier Hampton 10751 \u00e0 quartz avec bracelet en acier et or rose"}]},{"@type":"WebSite","@id":"https:\/\/www.wesselton.net\/#website","url":"https:\/\/www.wesselton.net\/","name":"Wesselton | Bijoux et Diamants","description":"Diamants \u00fanics per moments \u00fanics. Peces d&#039;elaboraci\u00f3 pr\u00f2pia de m\u00e0xima qualitat, cuidades fins a l&#039;\u00faltim detall, i les millors marques de joieria.","potentialAction":[{"@type":"SearchAction","target":{"@type":"EntryPoint","urlTemplate":"https:\/\/www.wesselton.net\/?s={search_term_string}"},"query-input":{"@type":"PropertyValueSpecification","valueRequired":true,"valueName":"search_term_string"}}],"inLanguage":"fr-FR"}]}},"_links":{"self":[{"href":"https:\/\/www.wesselton.net\/fr\/wp-json\/wp\/v2\/product\/33617","targetHints":{"allow":["GET"]}}],"collection":[{"href":"https:\/\/www.wesselton.net\/fr\/wp-json\/wp\/v2\/product"}],"about":[{"href":"https:\/\/www.wesselton.net\/fr\/wp-json\/wp\/v2\/types\/product"}],"replies":[{"embeddable":true,"href":"https:\/\/www.wesselton.net\/fr\/wp-json\/wp\/v2\/comments?post=33617"}],"wp:featuredmedia":[{"embeddable":true,"href":"https:\/\/www.wesselton.net\/fr\/wp-json\/wp\/v2\/media\/33606"}],"wp:attachment":[{"href":"https:\/\/www.wesselton.net\/fr\/wp-json\/wp\/v2\/media?parent=33617"}],"wp:term":[{"taxonomy":"product_brand","embeddable":true,"href":"https:\/\/www.wesselton.net\/fr\/wp-json\/wp\/v2\/product_brand?post=33617"},{"taxonomy":"product_cat","embeddable":true,"href":"https:\/\/www.wesselton.net\/fr\/wp-json\/wp\/v2\/product_cat?post=33617"},{"taxonomy":"product_tag","embeddable":true,"href":"https:\/\/www.wesselton.net\/fr\/wp-json\/wp\/v2\/product_tag?post=33617"}],"curies":[{"name":"wp","href":"https:\/\/api.w.org\/{rel}","templated":true}]}}