

{"id":33636,"date":"2026-03-10T13:50:20","date_gmt":"2026-03-10T11:50:20","guid":{"rendered":"https:\/\/www.wesselton.net\/montre-automatique-baume-mercier-clifton-10792-avec-cadran-bleu-degrade\/"},"modified":"2026-03-10T13:57:25","modified_gmt":"2026-03-10T11:57:25","slug":"montre-automatique-baume-mercier-clifton-10792-avec-cadran-bleu-degrade","status":"publish","type":"product","link":"https:\/\/www.wesselton.net\/fr\/montre-automatique-baume-mercier-clifton-10792-avec-cadran-bleu-degrade\/","title":{"rendered":"Montre automatique Baume &#038; Mercier Clifton 10792 avec cadran bleu d\u00e9grad\u00e9"},"content":{"rendered":"<p>La montre Baume &amp; Mercier Clifton 10792 est un garde-temps qui allie \u00e0 la perfection esth\u00e9tique contemporaine et sophistication intemporelle, inspir\u00e9e des ann\u00e9es 1950. Cette montre d&rsquo;exception est con\u00e7ue pour l&rsquo;homme moderne qui appr\u00e9cie non seulement la beaut\u00e9 et le savoir-faire, mais aussi une \u00e9l\u00e9gance discr\u00e8te et un raffinement intemporel.<\/p>\n<p>Avec un bo\u00eetier de 39 mm de diam\u00e8tre et une \u00e9paisseur de 11,2 mm, la Baume &amp; Mercier Clifton 10792 se distingue par sa finesse raffin\u00e9e, qui lui conf\u00e8re \u00e0 la fois confort et distinction. Le bo\u00eetier, aux finitions polies et satin\u00e9es, est compl\u00e9t\u00e9 par un bracelet en acier inoxydable \u00e0 trois rangs dot\u00e9 d&rsquo;un syst\u00e8me de d\u00e9gagement rapide permettant une personnalisation selon les pr\u00e9f\u00e9rences de son porteur.<\/p>\n<p>Le cadran laqu\u00e9 bleu d\u00e9grad\u00e9 et les d\u00e9tails blancs, tels que les index trap\u00e9zo\u00efdaux et les aiguilles en forme d&rsquo;alpha, soulignent le caract\u00e8re moderne de cette montre. Dot\u00e9e du mouvement automatique Baumatic (BM13-1975A), offrant une r\u00e9serve de marche de 5 jours et une \u00e9tanch\u00e9it\u00e9 jusqu&rsquo;\u00e0 5 ATM, la Clifton 10792 est id\u00e9ale pour ceux qui recherchent une fiabilit\u00e9 \u00e0 toute \u00e9preuve sans compromis sur l&rsquo;esth\u00e9tique.<\/p>\n<p>Montre de luxe discr\u00e8te, con\u00e7ue pour briller sans ostentation, la Clifton 10792 est le choix parfait pour les grandes occasions.<\/p>\n","protected":false},"excerpt":{"rendered":"<p>La montre Baume &amp; Mercier Clifton 10792 est un garde-temps qui allie \u00e0 la perfection esth\u00e9tique contemporaine et sophistication intemporelle inspir\u00e9e des ann\u00e9es 1950. Cette montre d&rsquo;exception est con\u00e7ue pour l&rsquo;homme moderne qui appr\u00e9cie non seulement la beaut\u00e9 et le savoir-faire, mais aussi une \u00e9l\u00e9gance discr\u00e8te et un raffinement qui traversent les \u00e9poques.<\/p>\n","protected":false},"featured_media":33623,"comment_status":"closed","ping_status":"closed","template":"","meta":[],"product_brand":[],"product_cat":[2399,654],"product_tag":[],"class_list":{"0":"post-33636","1":"product","2":"type-product","3":"status-publish","4":"has-post-thumbnail","6":"product_cat-hommes","7":"product_cat-montres","8":"yith_product_brand-baumemercier-fr","10":"first","11":"instock","12":"shipping-taxable","13":"purchasable","14":"product-type-simple"},"acf":[],"yoast_head":"<!-- This site is optimized with the Yoast SEO plugin v27.3 - https:\/\/yoast.com\/product\/yoast-seo-wordpress\/ -->\n<title>Montre Baume &amp; Mercier Clifton - Wesselton | Bijoux et Diamants<\/title>\n<meta name=\"description\" content=\"La montre Baume &amp; Mercier Clifton 10792 est une pi\u00e8ce qui fusionne \u00e0 la perfection l&#039;esth\u00e9tique contemporaine et une sophistication intemporelle inspir\u00e9e des ann\u00e9es cinquante.\" \/>\n<meta name=\"robots\" content=\"index, follow, max-snippet:-1, max-image-preview:large, max-video-preview:-1\" \/>\n<link rel=\"canonical\" href=\"https:\/\/www.wesselton.net\/fr\/montre-automatique-baume-mercier-clifton-10792-avec-cadran-bleu-degrade\/\" \/>\n<meta property=\"og:locale\" content=\"fr_FR\" \/>\n<meta property=\"og:type\" content=\"article\" \/>\n<meta property=\"og:title\" content=\"Montre Baume &amp; Mercier Clifton - Wesselton | Bijoux et Diamants\" \/>\n<meta property=\"og:description\" content=\"La montre Baume &amp; Mercier Clifton 10792 est une pi\u00e8ce qui fusionne \u00e0 la perfection l&#039;esth\u00e9tique contemporaine et une sophistication intemporelle inspir\u00e9e des ann\u00e9es cinquante.\" \/>\n<meta property=\"og:url\" content=\"https:\/\/www.wesselton.net\/fr\/montre-automatique-baume-mercier-clifton-10792-avec-cadran-bleu-degrade\/\" \/>\n<meta property=\"og:site_name\" content=\"Wesselton | Bijoux et Diamants\" \/>\n<meta property=\"article:publisher\" content=\"https:\/\/www.facebook.com\/wesselton.oficial\/\" \/>\n<meta property=\"article:modified_time\" content=\"2026-03-10T11:57:25+00:00\" \/>\n<meta name=\"twitter:card\" content=\"summary_large_image\" \/>\n<meta name=\"twitter:label1\" content=\"Dur\u00e9e de lecture estim\u00e9e\" \/>\n\t<meta name=\"twitter:data1\" content=\"2 minutes\" \/>\n<script type=\"application\/ld+json\" class=\"yoast-schema-graph\">{\"@context\":\"https:\\\/\\\/schema.org\",\"@graph\":[{\"@type\":\"WebPage\",\"@id\":\"https:\\\/\\\/www.wesselton.net\\\/fr\\\/montre-automatique-baume-mercier-clifton-10792-avec-cadran-bleu-degrade\\\/\",\"url\":\"https:\\\/\\\/www.wesselton.net\\\/fr\\\/montre-automatique-baume-mercier-clifton-10792-avec-cadran-bleu-degrade\\\/\",\"name\":\"Montre Baume & Mercier Clifton - Wesselton | Bijoux et Diamants\",\"isPartOf\":{\"@id\":\"https:\\\/\\\/www.wesselton.net\\\/#website\"},\"primaryImageOfPage\":{\"@id\":\"https:\\\/\\\/www.wesselton.net\\\/fr\\\/montre-automatique-baume-mercier-clifton-10792-avec-cadran-bleu-degrade\\\/#primaryimage\"},\"image\":{\"@id\":\"https:\\\/\\\/www.wesselton.net\\\/fr\\\/montre-automatique-baume-mercier-clifton-10792-avec-cadran-bleu-degrade\\\/#primaryimage\"},\"thumbnailUrl\":\"https:\\\/\\\/www.wesselton.net\\\/wp-content\\\/uploads\\\/7C_g7kStTbCiHCJFdtpg2Q.png.transform.bemproddetailshd.avif\",\"datePublished\":\"2026-03-10T11:50:20+00:00\",\"dateModified\":\"2026-03-10T11:57:25+00:00\",\"description\":\"La montre Baume & Mercier Clifton 10792 est une pi\u00e8ce qui fusionne \u00e0 la perfection l'esth\u00e9tique contemporaine et une sophistication intemporelle inspir\u00e9e des ann\u00e9es cinquante.\",\"breadcrumb\":{\"@id\":\"https:\\\/\\\/www.wesselton.net\\\/fr\\\/montre-automatique-baume-mercier-clifton-10792-avec-cadran-bleu-degrade\\\/#breadcrumb\"},\"inLanguage\":\"fr-FR\",\"potentialAction\":[{\"@type\":\"ReadAction\",\"target\":[\"https:\\\/\\\/www.wesselton.net\\\/fr\\\/montre-automatique-baume-mercier-clifton-10792-avec-cadran-bleu-degrade\\\/\"]}]},{\"@type\":\"ImageObject\",\"inLanguage\":\"fr-FR\",\"@id\":\"https:\\\/\\\/www.wesselton.net\\\/fr\\\/montre-automatique-baume-mercier-clifton-10792-avec-cadran-bleu-degrade\\\/#primaryimage\",\"url\":\"https:\\\/\\\/www.wesselton.net\\\/wp-content\\\/uploads\\\/7C_g7kStTbCiHCJFdtpg2Q.png.transform.bemproddetailshd.avif\",\"contentUrl\":\"https:\\\/\\\/www.wesselton.net\\\/wp-content\\\/uploads\\\/7C_g7kStTbCiHCJFdtpg2Q.png.transform.bemproddetailshd.avif\",\"width\":533,\"height\":733,\"caption\":\"Baume & Mercier Clifton Watch\"},{\"@type\":\"BreadcrumbList\",\"@id\":\"https:\\\/\\\/www.wesselton.net\\\/fr\\\/montre-automatique-baume-mercier-clifton-10792-avec-cadran-bleu-degrade\\\/#breadcrumb\",\"itemListElement\":[{\"@type\":\"ListItem\",\"position\":1,\"name\":\"Inici\",\"item\":\"https:\\\/\\\/www.wesselton.net\\\/fr\\\/\"},{\"@type\":\"ListItem\",\"position\":2,\"name\":\"Boutique\",\"item\":\"https:\\\/\\\/www.wesselton.net\\\/fr\\\/boutique\\\/\"},{\"@type\":\"ListItem\",\"position\":3,\"name\":\"Montre automatique Baume &#038; Mercier Clifton 10792 avec cadran bleu d\u00e9grad\u00e9\"}]},{\"@type\":\"WebSite\",\"@id\":\"https:\\\/\\\/www.wesselton.net\\\/#website\",\"url\":\"https:\\\/\\\/www.wesselton.net\\\/\",\"name\":\"Wesselton | Bijoux et Diamants\",\"description\":\"Diamants \u00fanics per moments \u00fanics. Peces d&#039;elaboraci\u00f3 pr\u00f2pia de m\u00e0xima qualitat, cuidades fins a l&#039;\u00faltim detall, i les millors marques de joieria.\",\"potentialAction\":[{\"@type\":\"SearchAction\",\"target\":{\"@type\":\"EntryPoint\",\"urlTemplate\":\"https:\\\/\\\/www.wesselton.net\\\/?s={search_term_string}\"},\"query-input\":{\"@type\":\"PropertyValueSpecification\",\"valueRequired\":true,\"valueName\":\"search_term_string\"}}],\"inLanguage\":\"fr-FR\"}]}<\/script>\n<!-- \/ Yoast SEO plugin. -->","yoast_head_json":{"title":"Montre Baume & Mercier Clifton - Wesselton | Bijoux et Diamants","description":"La montre Baume & Mercier Clifton 10792 est une pi\u00e8ce qui fusionne \u00e0 la perfection l'esth\u00e9tique contemporaine et une sophistication intemporelle inspir\u00e9e des ann\u00e9es cinquante.","robots":{"index":"index","follow":"follow","max-snippet":"max-snippet:-1","max-image-preview":"max-image-preview:large","max-video-preview":"max-video-preview:-1"},"canonical":"https:\/\/www.wesselton.net\/fr\/montre-automatique-baume-mercier-clifton-10792-avec-cadran-bleu-degrade\/","og_locale":"fr_FR","og_type":"article","og_title":"Montre Baume & Mercier Clifton - Wesselton | Bijoux et Diamants","og_description":"La montre Baume & Mercier Clifton 10792 est une pi\u00e8ce qui fusionne \u00e0 la perfection l'esth\u00e9tique contemporaine et une sophistication intemporelle inspir\u00e9e des ann\u00e9es cinquante.","og_url":"https:\/\/www.wesselton.net\/fr\/montre-automatique-baume-mercier-clifton-10792-avec-cadran-bleu-degrade\/","og_site_name":"Wesselton | Bijoux et Diamants","article_publisher":"https:\/\/www.facebook.com\/wesselton.oficial\/","article_modified_time":"2026-03-10T11:57:25+00:00","twitter_card":"summary_large_image","twitter_misc":{"Dur\u00e9e de lecture estim\u00e9e":"2 minutes"},"schema":{"@context":"https:\/\/schema.org","@graph":[{"@type":"WebPage","@id":"https:\/\/www.wesselton.net\/fr\/montre-automatique-baume-mercier-clifton-10792-avec-cadran-bleu-degrade\/","url":"https:\/\/www.wesselton.net\/fr\/montre-automatique-baume-mercier-clifton-10792-avec-cadran-bleu-degrade\/","name":"Montre Baume & Mercier Clifton - Wesselton | Bijoux et Diamants","isPartOf":{"@id":"https:\/\/www.wesselton.net\/#website"},"primaryImageOfPage":{"@id":"https:\/\/www.wesselton.net\/fr\/montre-automatique-baume-mercier-clifton-10792-avec-cadran-bleu-degrade\/#primaryimage"},"image":{"@id":"https:\/\/www.wesselton.net\/fr\/montre-automatique-baume-mercier-clifton-10792-avec-cadran-bleu-degrade\/#primaryimage"},"thumbnailUrl":"https:\/\/www.wesselton.net\/wp-content\/uploads\/7C_g7kStTbCiHCJFdtpg2Q.png.transform.bemproddetailshd.avif","datePublished":"2026-03-10T11:50:20+00:00","dateModified":"2026-03-10T11:57:25+00:00","description":"La montre Baume & Mercier Clifton 10792 est une pi\u00e8ce qui fusionne \u00e0 la perfection l'esth\u00e9tique contemporaine et une sophistication intemporelle inspir\u00e9e des ann\u00e9es cinquante.","breadcrumb":{"@id":"https:\/\/www.wesselton.net\/fr\/montre-automatique-baume-mercier-clifton-10792-avec-cadran-bleu-degrade\/#breadcrumb"},"inLanguage":"fr-FR","potentialAction":[{"@type":"ReadAction","target":["https:\/\/www.wesselton.net\/fr\/montre-automatique-baume-mercier-clifton-10792-avec-cadran-bleu-degrade\/"]}]},{"@type":"ImageObject","inLanguage":"fr-FR","@id":"https:\/\/www.wesselton.net\/fr\/montre-automatique-baume-mercier-clifton-10792-avec-cadran-bleu-degrade\/#primaryimage","url":"https:\/\/www.wesselton.net\/wp-content\/uploads\/7C_g7kStTbCiHCJFdtpg2Q.png.transform.bemproddetailshd.avif","contentUrl":"https:\/\/www.wesselton.net\/wp-content\/uploads\/7C_g7kStTbCiHCJFdtpg2Q.png.transform.bemproddetailshd.avif","width":533,"height":733,"caption":"Baume & Mercier Clifton Watch"},{"@type":"BreadcrumbList","@id":"https:\/\/www.wesselton.net\/fr\/montre-automatique-baume-mercier-clifton-10792-avec-cadran-bleu-degrade\/#breadcrumb","itemListElement":[{"@type":"ListItem","position":1,"name":"Inici","item":"https:\/\/www.wesselton.net\/fr\/"},{"@type":"ListItem","position":2,"name":"Boutique","item":"https:\/\/www.wesselton.net\/fr\/boutique\/"},{"@type":"ListItem","position":3,"name":"Montre automatique Baume &#038; Mercier Clifton 10792 avec cadran bleu d\u00e9grad\u00e9"}]},{"@type":"WebSite","@id":"https:\/\/www.wesselton.net\/#website","url":"https:\/\/www.wesselton.net\/","name":"Wesselton | Bijoux et Diamants","description":"Diamants \u00fanics per moments \u00fanics. Peces d&#039;elaboraci\u00f3 pr\u00f2pia de m\u00e0xima qualitat, cuidades fins a l&#039;\u00faltim detall, i les millors marques de joieria.","potentialAction":[{"@type":"SearchAction","target":{"@type":"EntryPoint","urlTemplate":"https:\/\/www.wesselton.net\/?s={search_term_string}"},"query-input":{"@type":"PropertyValueSpecification","valueRequired":true,"valueName":"search_term_string"}}],"inLanguage":"fr-FR"}]}},"_links":{"self":[{"href":"https:\/\/www.wesselton.net\/fr\/wp-json\/wp\/v2\/product\/33636","targetHints":{"allow":["GET"]}}],"collection":[{"href":"https:\/\/www.wesselton.net\/fr\/wp-json\/wp\/v2\/product"}],"about":[{"href":"https:\/\/www.wesselton.net\/fr\/wp-json\/wp\/v2\/types\/product"}],"replies":[{"embeddable":true,"href":"https:\/\/www.wesselton.net\/fr\/wp-json\/wp\/v2\/comments?post=33636"}],"wp:featuredmedia":[{"embeddable":true,"href":"https:\/\/www.wesselton.net\/fr\/wp-json\/wp\/v2\/media\/33623"}],"wp:attachment":[{"href":"https:\/\/www.wesselton.net\/fr\/wp-json\/wp\/v2\/media?parent=33636"}],"wp:term":[{"taxonomy":"product_brand","embeddable":true,"href":"https:\/\/www.wesselton.net\/fr\/wp-json\/wp\/v2\/product_brand?post=33636"},{"taxonomy":"product_cat","embeddable":true,"href":"https:\/\/www.wesselton.net\/fr\/wp-json\/wp\/v2\/product_cat?post=33636"},{"taxonomy":"product_tag","embeddable":true,"href":"https:\/\/www.wesselton.net\/fr\/wp-json\/wp\/v2\/product_tag?post=33636"}],"curies":[{"name":"wp","href":"https:\/\/api.w.org\/{rel}","templated":true}]}}